{"id":92,"date":"2017-06-30T09:37:21","date_gmt":"2017-06-30T07:37:21","guid":{"rendered":"http:\/\/sk-dokument.no\/hmt-system-rev-11-19\/?page_id=92"},"modified":"2019-11-12T11:07:32","modified_gmt":"2019-11-12T10:07:32","slug":"6-1-vernerunde","status":"publish","type":"page","link":"https:\/\/sk-dokument.no\/hmt-system\/kartlegging-og-risikovurdering\/6-1-vernerunde\/","title":{"rendered":"6.1 Vernerunde"},"content":{"rendered":"<p>Det skal gjennomf\u00f8rast vernerunde for kvart verneomr\u00e5de i eininga. Verneomr\u00e5det skal vera klart definert, og det er verneombodet for kvart omr\u00e5de som skal delta p\u00e5 vernerunden.<br \/>\nDet skal \u00e5rleg gjennomf\u00f8rast kartlegging av f\u00f8lgjande milj\u00f8faktorar:<\/p>\n<ul>\n<li>Innemilj\u00f8, herunder st\u00f8y og vibrasjonar, luftkvalitet, temperatur og belysning<\/li>\n<li>Kjemikaliehandtering<\/li>\n<li>Ergonomi<\/li>\n<li>F\u00f8rstehjelp<\/li>\n<li>Tryggleik<\/li>\n<li>Systematisk HMT<\/li>\n<li>Orden, reinhald og hygiene, herunder smittevern og sanit\u00e6rforhold<\/li>\n<li>Psykososialt milj\u00f8<\/li>\n<\/ul>\n<p>Psykososialt arbeidsmilj\u00f8 vert i tillegg\u00a0kartlagt annakvart \u00e5r via medarbeidarunders\u00f8kinga.<\/p>\n<p>&nbsp;<\/p>\n","protected":false},"excerpt":{"rendered":"<p>Det skal gjennomf\u00f8rast vernerunde for kvart verneomr\u00e5de i eininga. Verneomr\u00e5det skal vera klart definert, og det er verneombodet for kvart omr\u00e5de som skal delta p\u00e5 vernerunden. Det skal \u00e5rleg gjennomf\u00f8rast kartlegging av f\u00f8lgjande milj\u00f8faktorar: Innemilj\u00f8, herunder st\u00f8y og vibrasjonar, luftkvalitet, temperatur og belysning Kjemikaliehandtering Ergonomi F\u00f8rstehjelp Tryggleik Systematisk HMT Orden, reinhald og hygiene, herunder smittevern<\/p>\n","protected":false},"author":5,"featured_media":0,"parent":31,"menu_order":1,"comment_status":"closed","ping_status":"closed","template":"","meta":{"footnotes":""},"jetpack_sharing_enabled":true,"_links":{"self":[{"href":"https:\/\/sk-dokument.no\/hmt-system\/wp-json\/wp\/v2\/pages\/92"}],"collection":[{"href":"https:\/\/sk-dokument.no\/hmt-system\/wp-json\/wp\/v2\/pages"}],"about":[{"href":"https:\/\/sk-dokument.no\/hmt-system\/wp-json\/wp\/v2\/types\/page"}],"author":[{"embeddable":true,"href":"https:\/\/sk-dokument.no\/hmt-system\/wp-json\/wp\/v2\/users\/5"}],"replies":[{"embeddable":true,"href":"https:\/\/sk-dokument.no\/hmt-system\/wp-json\/wp\/v2\/comments?post=92"}],"version-history":[{"count":5,"href":"https:\/\/sk-dokument.no\/hmt-system\/wp-json\/wp\/v2\/pages\/92\/revisions"}],"predecessor-version":[{"id":469,"href":"https:\/\/sk-dokument.no\/hmt-system\/wp-json\/wp\/v2\/pages\/92\/revisions\/469"}],"up":[{"embeddable":true,"href":"https:\/\/sk-dokument.no\/hmt-system\/wp-json\/wp\/v2\/pages\/31"}],"wp:attachment":[{"href":"https:\/\/sk-dokument.no\/hmt-system\/wp-json\/wp\/v2\/media?parent=92"}],"curies":[{"name":"wp","href":"https:\/\/api.w.org\/{rel}","templated":true}]}}