{"id":94,"date":"2017-06-30T09:37:33","date_gmt":"2017-06-30T07:37:33","guid":{"rendered":"http:\/\/sk-dokument.no\/hmt-system-rev-11-19\/?page_id=94"},"modified":"2019-11-12T11:10:05","modified_gmt":"2019-11-12T10:10:05","slug":"6-2-risikovurdering","status":"publish","type":"page","link":"https:\/\/sk-dokument.no\/hmt-system\/kartlegging-og-risikovurdering\/6-2-risikovurdering\/","title":{"rendered":"6.2 Risikovurdering"},"content":{"rendered":"<p>Det skal gjennomf\u00f8rast risikovurdering for kvar milj\u00f8faktor som er vurdert \u00e5 utgjera mogleg helserisiko i eininga. Risikovurderinga skal gjennomf\u00f8rast i eininga av leiar og minimum 2 representantar for dei tilsette. Dersom eininga har avdelingsleiar, skal desse og delta. Me oppmodar einingane til \u00e5 ha ei representativ gruppe deltakarar.<\/p>\n<p>Det skal vurderast \u00e5 gjennomf\u00f8re risikovurdering p\u00e5 alle fysiske og psykososiale\u00a0milj\u00f8faktorar som nemnd i vernerunde. I tillegg vil det vera aktuelt \u00e5 gjennomf\u00f8re dersom arbeidet er vurdert \u00e5 utgjera ein ekstra risiko. Til d\u00f8mes kan dette vera ved igangsetting av nytt arbeid eller ny arbeidsoperasjon.<\/p>\n<p>Risikovurdering skal dokumenterast skriftleg.<\/p>\n<p>F\u00f8lgjande risikomatrise skal nyttast ved vurdering av HMT:<\/p>\n<p><img loading=\"lazy\" decoding=\"async\" width=\"1067\" height=\"719\" class=\"alignnone size-full wp-image-319\" src=\"http:\/\/sk-dokument.no\/hmt-system-rev-11-19\/wp-content\/uploads\/sites\/7\/2017\/06\/Risikomatrise-SK.jpg\" alt=\"\" srcset=\"https:\/\/sk-dokument.no\/hmt-system\/wp-content\/uploads\/sites\/18\/2017\/06\/Risikomatrise-SK.jpg 1067w, https:\/\/sk-dokument.no\/hmt-system\/wp-content\/uploads\/sites\/18\/2017\/06\/Risikomatrise-SK-300x202.jpg 300w, https:\/\/sk-dokument.no\/hmt-system\/wp-content\/uploads\/sites\/18\/2017\/06\/Risikomatrise-SK-768x518.jpg 768w, https:\/\/sk-dokument.no\/hmt-system\/wp-content\/uploads\/sites\/18\/2017\/06\/Risikomatrise-SK-1024x690.jpg 1024w, https:\/\/sk-dokument.no\/hmt-system\/wp-content\/uploads\/sites\/18\/2017\/06\/Risikomatrise-SK-700x472.jpg 700w\" sizes=\"(max-width: 1067px) 100vw, 1067px\" \/><\/p>\n","protected":false},"excerpt":{"rendered":"<p>Det skal gjennomf\u00f8rast risikovurdering for kvar milj\u00f8faktor som er vurdert \u00e5 utgjera mogleg helserisiko i eininga. Risikovurderinga skal gjennomf\u00f8rast i eininga av leiar og minimum 2 representantar for dei tilsette. Dersom eininga har avdelingsleiar, skal desse og delta. Me oppmodar einingane til \u00e5 ha ei representativ gruppe deltakarar. Det skal vurderast \u00e5 gjennomf\u00f8re risikovurdering p\u00e5<\/p>\n","protected":false},"author":5,"featured_media":0,"parent":31,"menu_order":2,"comment_status":"closed","ping_status":"closed","template":"","meta":{"footnotes":""},"jetpack_sharing_enabled":true,"_links":{"self":[{"href":"https:\/\/sk-dokument.no\/hmt-system\/wp-json\/wp\/v2\/pages\/94"}],"collection":[{"href":"https:\/\/sk-dokument.no\/hmt-system\/wp-json\/wp\/v2\/pages"}],"about":[{"href":"https:\/\/sk-dokument.no\/hmt-system\/wp-json\/wp\/v2\/types\/page"}],"author":[{"embeddable":true,"href":"https:\/\/sk-dokument.no\/hmt-system\/wp-json\/wp\/v2\/users\/5"}],"replies":[{"embeddable":true,"href":"https:\/\/sk-dokument.no\/hmt-system\/wp-json\/wp\/v2\/comments?post=94"}],"version-history":[{"count":5,"href":"https:\/\/sk-dokument.no\/hmt-system\/wp-json\/wp\/v2\/pages\/94\/revisions"}],"predecessor-version":[{"id":470,"href":"https:\/\/sk-dokument.no\/hmt-system\/wp-json\/wp\/v2\/pages\/94\/revisions\/470"}],"up":[{"embeddable":true,"href":"https:\/\/sk-dokument.no\/hmt-system\/wp-json\/wp\/v2\/pages\/31"}],"wp:attachment":[{"href":"https:\/\/sk-dokument.no\/hmt-system\/wp-json\/wp\/v2\/media?parent=94"}],"curies":[{"name":"wp","href":"https:\/\/api.w.org\/{rel}","templated":true}]}}