{"id":10,"date":"2017-10-13T09:49:47","date_gmt":"2017-10-13T07:49:47","guid":{"rendered":"http:\/\/sk-dokument.no\/innspelsrapport\/?page_id=10"},"modified":"2017-11-01T13:04:36","modified_gmt":"2017-11-01T12:04:36","slug":"kva-ynskjer-stord-a-oppna-med-prosjektarbeidet","status":"publish","type":"page","link":"https:\/\/sk-dokument.no\/innspelsrapport\/?page_id=10","title":{"rendered":"2.2 Kva ynskjer me \u00e5 oppn\u00e5 med prosjektarbeidet?"},"content":{"rendered":"<p dir=\"LTR\" align=\"LEFT\"><img loading=\"lazy\" decoding=\"async\" class=\"alignright wp-image-178\" src=\"http:\/\/sk-dokument.no\/innspelsrapport\/wp-content\/uploads\/sites\/16\/2017\/10\/fremside-hefte-700x993.jpg\" alt=\"\" width=\"377\" height=\"535\" srcset=\"https:\/\/sk-dokument.no\/innspelsrapport\/wp-content\/uploads\/sites\/16\/2017\/10\/fremside-hefte-700x993.jpg 700w, https:\/\/sk-dokument.no\/innspelsrapport\/wp-content\/uploads\/sites\/16\/2017\/10\/fremside-hefte-211x300.jpg 211w, https:\/\/sk-dokument.no\/innspelsrapport\/wp-content\/uploads\/sites\/16\/2017\/10\/fremside-hefte-768x1090.jpg 768w, https:\/\/sk-dokument.no\/innspelsrapport\/wp-content\/uploads\/sites\/16\/2017\/10\/fremside-hefte-722x1024.jpg 722w, https:\/\/sk-dokument.no\/innspelsrapport\/wp-content\/uploads\/sites\/16\/2017\/10\/fremside-hefte.jpg 1748w\" sizes=\"(max-width: 377px) 100vw, 377px\" \/>Stord sitt lokale prosjekt har tittelen <i>Brei innbyggjarmedverknad i kommunal planlegging. <\/i>Ved \u00e5 ta i bruk nye m\u00e5tar \u00e5 involvera p\u00e5, h\u00e5par me \u00e5 f\u00e5\u00a0fram meir om kva som er viktig for folk i kommunen v\u00e5r. Dette vil gi eit betre grunnlag for \u00e5 styre utviklinga i tr\u00e5d med folk sine behov. Samtidig \u00f8nskjer me \u00e5 stimlere til meir lokalt engasjement for \u00e5 skape gode sosiale fellesskap og trivelege n\u00e6rmilj\u00f8. M\u00e5la i prosjektet v\u00e5rt er formulert slik:<\/p>\n<ul>\n<li>Brei innbyggjarmedverknad i arbeidet med kommuneplan\/kommunedelplan. Barn\/unge og andre utsette grupper skal ha s\u00e6rskilt fokus<\/li>\n<li>F\u00e5 fram lokal kunnskap og lokale behov i planlegginga av gode m\u00f8teplassar og trivselfremjande n\u00e6rmilj\u00f8<\/li>\n<li>Utvikle gode metodar for \u00e5 hente inn lokal kvalitativ kunnskap, og skape lokalt engasjement som grunnlag for n\u00e6rmilj\u00f8prosessar<\/li>\n<li>Auka kunnskap om medverknad og brei involvering i dei ulike sektorane og tenestene.<\/li>\n<\/ul>\n<p>&nbsp;<\/p>\n","protected":false},"excerpt":{"rendered":"<p>Stord sitt lokale prosjekt har tittelen Brei innbyggjarmedverknad i kommunal planlegging. Ved \u00e5 ta i bruk nye m\u00e5tar \u00e5 involvera p\u00e5, h\u00e5par me \u00e5 f\u00e5\u00a0fram meir om kva som er viktig for folk i kommunen v\u00e5r. Dette vil gi eit betre grunnlag for \u00e5 styre utviklinga i tr\u00e5d med folk sine behov. Samtidig \u00f8nskjer me<\/p>\n","protected":false},"author":20,"featured_media":0,"parent":13,"menu_order":2,"comment_status":"closed","ping_status":"closed","template":"","meta":{"footnotes":""},"jetpack_sharing_enabled":true,"_links":{"self":[{"href":"https:\/\/sk-dokument.no\/innspelsrapport\/index.php?rest_route=\/wp\/v2\/pages\/10"}],"collection":[{"href":"https:\/\/sk-dokument.no\/innspelsrapport\/index.php?rest_route=\/wp\/v2\/pages"}],"about":[{"href":"https:\/\/sk-dokument.no\/innspelsrapport\/index.php?rest_route=\/wp\/v2\/types\/page"}],"author":[{"embeddable":true,"href":"https:\/\/sk-dokument.no\/innspelsrapport\/index.php?rest_route=\/wp\/v2\/users\/20"}],"replies":[{"embeddable":true,"href":"https:\/\/sk-dokument.no\/innspelsrapport\/index.php?rest_route=%2Fwp%2Fv2%2Fcomments&post=10"}],"version-history":[{"count":9,"href":"https:\/\/sk-dokument.no\/innspelsrapport\/index.php?rest_route=\/wp\/v2\/pages\/10\/revisions"}],"predecessor-version":[{"id":289,"href":"https:\/\/sk-dokument.no\/innspelsrapport\/index.php?rest_route=\/wp\/v2\/pages\/10\/revisions\/289"}],"up":[{"embeddable":true,"href":"https:\/\/sk-dokument.no\/innspelsrapport\/index.php?rest_route=\/wp\/v2\/pages\/13"}],"wp:attachment":[{"href":"https:\/\/sk-dokument.no\/innspelsrapport\/index.php?rest_route=%2Fwp%2Fv2%2Fmedia&parent=10"}],"curies":[{"name":"wp","href":"https:\/\/api.w.org\/{rel}","templated":true}]}}