{"id":15,"date":"2017-10-13T09:57:04","date_gmt":"2017-10-13T07:57:04","guid":{"rendered":"http:\/\/sk-dokument.no\/innspelsrapport\/?page_id=15"},"modified":"2017-11-07T15:03:44","modified_gmt":"2017-11-07T14:03:44","slug":"kva-skjer-med-innspela","status":"publish","type":"page","link":"https:\/\/sk-dokument.no\/innspelsrapport\/?page_id=15","title":{"rendered":"3. Kva skjer med innspela?"},"content":{"rendered":"<p>Alle innkomne innspel er samla, tolka\u00a0og systematiserte etter beste evne. \u00a0Det er lagt vekt p\u00e5 at alle perspektiv og synspunkt skal kome fram i rapporten, uavhengig av kor mange\/ f\u00e5 som\u00a0st\u00e5r bak. Dette m.a.\u00a0fordi\u00a0det\u00a0kan vere dei\u00a0unike innspela som f\u00f8rer til nyskaping.<\/p>\n<p>Rapporten vil\u00a0g\u00e5 som referatsak til formannskapet og dei politiske\u00a0komit\u00e9ane. Prosjektarbeidet og innspela vil ogs\u00e5 bli presentert for kommunestyret. Innspelsrapporten vil inng\u00e5 som grunnlag for ny kommuneplan, kommunedelplan Sagv\u00e5g og Litlab\u00f8,\u00a0kommunedelplan sentrum,\u00a0\u00a0og i anna relevant planarbeid. Sj\u00f8lv om utgangspunktet for innspela er\u00a0ny kommuneplan, er mange av innspela vel s\u00e5 relevante for anna utviklingsarbeid. Dette kan t.d. vere\u00a0utvikling av tenestetilbod, frivillige tilbod eller mindre n\u00e6rmilj\u00f8tiltak.\u00a0 Rapporten vil difor bli formidla breitt til akt\u00f8rar som har ei rolle i dette, m.a. administrativ leiing,\u00a0planavdeling, andre\u00a0kommunale tenester, frivillige organisasjonar\u00a0og n\u00e6ringsdrivande. Rapporten vil ogs\u00e5 vere tilgjengeleg\u00a0 p\u00e5 kommunen si nettside. I neste fase av prosjektet vil relevante innspel bli formidla direkte til akt\u00f8rar som har\u00a0h\u00f8ve til \u00e5 p\u00e5verke\u00a0dei omr\u00e5da innspela rettar seg mot. Kartfesta innspel vil bli registrert i kommunen sin kartdatabase.<\/p>\n<p>Alle innspela kan ikkje omsetjast i handling. Mellom anna\u00a0f\u00f8rer \u00f8konomiske omsyn til strenge prioriteringar. Men det er eit m\u00e5l at alle innspela er med og blir vurderte n\u00e5r ein skal\u00a0ta val\u00a0for utviklinga av kommunen v\u00e5r.<\/p>\n","protected":false},"excerpt":{"rendered":"<p>Alle innkomne innspel er samla, tolka\u00a0og systematiserte etter beste evne. \u00a0Det er lagt vekt p\u00e5 at alle perspektiv og synspunkt skal kome fram i rapporten, uavhengig av kor mange\/ f\u00e5 som\u00a0st\u00e5r bak. Dette m.a.\u00a0fordi\u00a0det\u00a0kan vere dei\u00a0unike innspela som f\u00f8rer til nyskaping. Rapporten vil\u00a0g\u00e5 som referatsak til formannskapet og dei politiske\u00a0komit\u00e9ane. Prosjektarbeidet og innspela vil ogs\u00e5<\/p>\n","protected":false},"author":20,"featured_media":0,"parent":0,"menu_order":3,"comment_status":"closed","ping_status":"closed","template":"","meta":{"footnotes":""},"jetpack_sharing_enabled":true,"_links":{"self":[{"href":"https:\/\/sk-dokument.no\/innspelsrapport\/index.php?rest_route=\/wp\/v2\/pages\/15"}],"collection":[{"href":"https:\/\/sk-dokument.no\/innspelsrapport\/index.php?rest_route=\/wp\/v2\/pages"}],"about":[{"href":"https:\/\/sk-dokument.no\/innspelsrapport\/index.php?rest_route=\/wp\/v2\/types\/page"}],"author":[{"embeddable":true,"href":"https:\/\/sk-dokument.no\/innspelsrapport\/index.php?rest_route=\/wp\/v2\/users\/20"}],"replies":[{"embeddable":true,"href":"https:\/\/sk-dokument.no\/innspelsrapport\/index.php?rest_route=%2Fwp%2Fv2%2Fcomments&post=15"}],"version-history":[{"count":9,"href":"https:\/\/sk-dokument.no\/innspelsrapport\/index.php?rest_route=\/wp\/v2\/pages\/15\/revisions"}],"predecessor-version":[{"id":392,"href":"https:\/\/sk-dokument.no\/innspelsrapport\/index.php?rest_route=\/wp\/v2\/pages\/15\/revisions\/392"}],"wp:attachment":[{"href":"https:\/\/sk-dokument.no\/innspelsrapport\/index.php?rest_route=%2Fwp%2Fv2%2Fmedia&parent=15"}],"curies":[{"name":"wp","href":"https:\/\/api.w.org\/{rel}","templated":true}]}}