{"id":163,"date":"2017-10-17T13:05:06","date_gmt":"2017-10-17T11:05:06","guid":{"rendered":"http:\/\/sk-dokument.no\/innspelsrapport\/?page_id=163"},"modified":"2017-11-08T11:01:03","modified_gmt":"2017-11-08T10:01:03","slug":"folk-i-stord-sine-innspel-til-a-skapa-gode-sosiale-moteplassar-og-trivelege-naermiljo","status":"publish","type":"page","link":"https:\/\/sk-dokument.no\/innspelsrapport\/?page_id=163","title":{"rendered":"1. Innleiing"},"content":{"rendered":"<p>V\u00e5ren 2017 vart\u00a0folk i Stord inviterte til \u00e5 gi innspel om kva\u00a0 som er viktig for at\u00a0dei og andre\u00a0i sitt n\u00e6rmilj\u00f8 skal trivast og kjenne seg inkluderte der dei bur. Innspela skal nyttast som grunnlag i arbeidet med ny kommuneplan, og elles som innspel til positiv utvikling av lokalsamfunnet generelt.<\/p>\n<p>Involvering av innbyggjarane i plan- og utviklingsarbeid har stor verdi. Det er innbyggjarane som kjenner n\u00e6rmilj\u00f8a sine best og veit kva som finns av b\u00e5de ressursar og utfordringar. Brei involvering gir ogs\u00e5 eit st\u00f8rre eigarskap\u00a0og forst\u00e5ing for\u00a0dei planane som blir laga. Utfordringa med innbyggjarinvolvering er at det er vanskeleg \u00e5 finne gode m\u00e5tar \u00e5 gjere dette p\u00e5. Dei tradisjonelle metodane\u00a0som folkem\u00f8te og h\u00f8yringsrundar n\u00e5r berre eit lite utval. Ei anna utfordring er \u00e5 sikre at innspela som kjem blir h\u00f8yrt\u00a0og at ein som innbyggjar kan sj\u00e5 noko igjen &#8211; b\u00e5de konkret og gjennom framtidige planar.<\/p>\n<p>M\u00e5let med denne innspelsrunden\u00a0 er difor ikkje berre \u00e5 f\u00e5 inn kunnskap om n\u00e6rmilj\u00f8et, men ogs\u00e5 \u00e5 finne fram til gode metodar for brei involvering. Arbeidet inng\u00e5r i\u00a0 det nasjonale prosjektet\u00a0 <em>N\u00e6rmilj\u00f8 og lokalsamfunn som fremjar folkehelse, <\/em>der kommunen\u00a0f\u00e5r statlege tilskotsmidlar i tre \u00e5r. Prosjektet er forankra i folkehelser\u00e5det, og starta opp i desember 2015 d\u00e5 ordf\u00f8rar Harry Herstad signerte samarbeidsavtale med Hordaland fylkeskommune.<\/p>\n<figure id=\"attachment_174\" aria-describedby=\"caption-attachment-174\" style=\"width: 800px\" class=\"wp-caption alignnone\"><img loading=\"lazy\" decoding=\"async\" class=\"wp-image-174 size-full\" src=\"http:\/\/sk-dokument.no\/innspelsrapport\/wp-content\/uploads\/sites\/16\/2017\/10\/IMG_1548-e1508242598756.jpg\" alt=\"\" width=\"800\" height=\"600\" \/><figcaption id=\"caption-attachment-174\" class=\"wp-caption-text\">Folk p\u00e5 tur gir innspel til utvikling av n\u00e6rmilj\u00f8et<\/figcaption><\/figure>\n","protected":false},"excerpt":{"rendered":"<p>V\u00e5ren 2017 vart\u00a0folk i Stord inviterte til \u00e5 gi innspel om kva\u00a0 som er viktig for at\u00a0dei og andre\u00a0i sitt n\u00e6rmilj\u00f8 skal trivast og kjenne seg inkluderte der dei bur. Innspela skal nyttast som grunnlag i arbeidet med ny kommuneplan, og elles som innspel til positiv utvikling av lokalsamfunnet generelt. Involvering av innbyggjarane i plan-<\/p>\n","protected":false},"author":20,"featured_media":294,"parent":0,"menu_order":1,"comment_status":"closed","ping_status":"closed","template":"","meta":{"footnotes":""},"jetpack_sharing_enabled":true,"_links":{"self":[{"href":"https:\/\/sk-dokument.no\/innspelsrapport\/index.php?rest_route=\/wp\/v2\/pages\/163"}],"collection":[{"href":"https:\/\/sk-dokument.no\/innspelsrapport\/index.php?rest_route=\/wp\/v2\/pages"}],"about":[{"href":"https:\/\/sk-dokument.no\/innspelsrapport\/index.php?rest_route=\/wp\/v2\/types\/page"}],"author":[{"embeddable":true,"href":"https:\/\/sk-dokument.no\/innspelsrapport\/index.php?rest_route=\/wp\/v2\/users\/20"}],"replies":[{"embeddable":true,"href":"https:\/\/sk-dokument.no\/innspelsrapport\/index.php?rest_route=%2Fwp%2Fv2%2Fcomments&post=163"}],"version-history":[{"count":15,"href":"https:\/\/sk-dokument.no\/innspelsrapport\/index.php?rest_route=\/wp\/v2\/pages\/163\/revisions"}],"predecessor-version":[{"id":394,"href":"https:\/\/sk-dokument.no\/innspelsrapport\/index.php?rest_route=\/wp\/v2\/pages\/163\/revisions\/394"}],"wp:featuredmedia":[{"embeddable":true,"href":"https:\/\/sk-dokument.no\/innspelsrapport\/index.php?rest_route=\/wp\/v2\/media\/294"}],"wp:attachment":[{"href":"https:\/\/sk-dokument.no\/innspelsrapport\/index.php?rest_route=%2Fwp%2Fv2%2Fmedia&parent=163"}],"curies":[{"name":"wp","href":"https:\/\/api.w.org\/{rel}","templated":true}]}}