{"id":20,"date":"2017-10-13T10:03:52","date_gmt":"2017-10-13T08:03:52","guid":{"rendered":"http:\/\/sk-dokument.no\/innspelsrapport\/?page_id=20"},"modified":"2017-11-03T12:51:09","modified_gmt":"2017-11-03T11:51:09","slug":"korleis-har-me-gatt-fram","status":"publish","type":"page","link":"https:\/\/sk-dokument.no\/innspelsrapport\/?page_id=20","title":{"rendered":"4. Korleis har me g\u00e5tt fram?"},"content":{"rendered":"<figure id=\"attachment_171\" aria-describedby=\"caption-attachment-171\" style=\"width: 225px\" class=\"wp-caption alignright\"><img loading=\"lazy\" decoding=\"async\" class=\"wp-image-171 size-medium\" src=\"http:\/\/sk-dokument.no\/innspelsrapport\/wp-content\/uploads\/sites\/16\/2017\/10\/IMG_1545-225x300.jpg\" alt=\"\" width=\"225\" height=\"300\" srcset=\"https:\/\/sk-dokument.no\/innspelsrapport\/wp-content\/uploads\/sites\/16\/2017\/10\/IMG_1545-225x300.jpg 225w, https:\/\/sk-dokument.no\/innspelsrapport\/wp-content\/uploads\/sites\/16\/2017\/10\/IMG_1545-768x1024.jpg 768w, https:\/\/sk-dokument.no\/innspelsrapport\/wp-content\/uploads\/sites\/16\/2017\/10\/IMG_1545-700x933.jpg 700w, https:\/\/sk-dokument.no\/innspelsrapport\/wp-content\/uploads\/sites\/16\/2017\/10\/IMG_1545.jpg 1200w\" sizes=\"(max-width: 225px) 100vw, 225px\" \/><figcaption id=\"caption-attachment-171\" class=\"wp-caption-text\">Innspelsprosess<\/figcaption><\/figure>\n<p class=\"clear\">Kommunen tilsette prosjektleiar i 40% stilling, finansiert av prosjektmidlar. Det er etablert prosjektgrupper\/arbeidsgrupper med representantar fr\u00e5 innbyggjarane og fr\u00e5 kommunale tenester som har st\u00e5tt for planlegging og gjennomf\u00f8ring. I f\u00f8rste fase vart det gjennomf\u00f8rt ein innspelsprosess i bydelen Sagv\u00e5g\/Litlab\u00f8. Erfaringar herifr\u00e5 vart s\u00e5 brukt ved innsamling av innspel i resten av kommunen. For \u00e5 n\u00e5 ut til flest mulig er det nytta ulike metodar og arenaer.<\/p>\n<p><strong>OVERSIKT OVER DELTAKARAR I PROSJEKTARBEIDET<\/strong><\/p>\n<table style=\"height: 231px;\" width=\"640\">\n<thead>\n<tr>\n<td style=\"width: 121.2px;\"><strong>Frivillige lag<\/strong><\/td>\n<td style=\"width: 121.2px;\"><strong>Representative utval<\/strong><\/td>\n<td style=\"width: 121.2px;\"><strong>Skular<\/strong><\/td>\n<td style=\"width: 121.2px;\"><strong>Barnehagar<\/strong><\/td>\n<td style=\"width: 121.2px;\"><strong>Kommunale tenester<\/strong><\/td>\n<\/tr>\n<\/thead>\n<tbody>\n<tr>\n<td style=\"width: 121.2px;\">IL Solid<\/td>\n<td style=\"width: 121.2px;\">R\u00e5det for funksjonshemma<\/td>\n<td style=\"width: 121.2px;\">Leirvik skule<\/td>\n<td style=\"width: 121.2px;\">Fululy barnehage<\/td>\n<td style=\"width: 121.2px;\">R\u00e5dmannen (prosjektansvarleg)<\/td>\n<\/tr>\n<tr>\n<td style=\"width: 121.2px;\">IL Trott<\/td>\n<td style=\"width: 121.2px;\">Eldrer\u00e5det<\/td>\n<td style=\"width: 121.2px;\">Hystad skule<\/td>\n<td style=\"width: 121.2px;\">S\u00e6varhagen barnehage<\/td>\n<td style=\"width: 121.2px;\">Eining for kultur<\/td>\n<\/tr>\n<tr>\n<td style=\"width: 121.2px;\">Stord IL<\/td>\n<td style=\"width: 121.2px;\">Ungdomsr\u00e5det<\/td>\n<td style=\"width: 121.2px;\">Langeland skule<\/td>\n<td style=\"width: 121.2px;\">Trodlahaugen barnehage<\/td>\n<td style=\"width: 121.2px;\">Utviklingsgruppa<\/td>\n<\/tr>\n<tr>\n<td style=\"width: 121.2px;\">LivOGLyst<\/td>\n<td style=\"width: 121.2px;\">Foreldreutval barnehage (FUB)<\/td>\n<td style=\"width: 121.2px;\">Nordbygdo ungdomsskule<\/td>\n<td style=\"width: 121.2px;\">S\u00e6 barnehage<\/td>\n<td style=\"width: 121.2px;\">Bustadtenesta<\/td>\n<\/tr>\n<tr>\n<td style=\"width: 121.2px;\">Frelsesarmeen<\/td>\n<td style=\"width: 121.2px;\"><\/td>\n<td style=\"width: 121.2px;\">Nys\u00e6ter ungdomsskule<\/td>\n<td style=\"width: 121.2px;\">Olderdalen barnehage<\/td>\n<td style=\"width: 121.2px;\">Regulering- byggesak og plan<\/td>\n<\/tr>\n<tr>\n<td style=\"width: 121.2px;\">Kyrkja<\/td>\n<td style=\"width: 121.2px;\"><\/td>\n<td style=\"width: 121.2px;\">Stord vidareg\u00e5ande skule<\/td>\n<td style=\"width: 121.2px;\">Villvettene barnehage<\/td>\n<td style=\"width: 121.2px;\">Utekontakten<\/td>\n<\/tr>\n<tr>\n<td style=\"width: 121.2px;\">Internasjonal kulturklubb (IKK)<\/td>\n<td style=\"width: 121.2px;\"><\/td>\n<td style=\"width: 121.2px;\"><\/td>\n<td style=\"width: 121.2px;\"><\/td>\n<td style=\"width: 121.2px;\">NAV<\/td>\n<\/tr>\n<\/tbody>\n<\/table>\n<p>Representantar for studentane ved H\u00f8gskulen p\u00e5 Vestlandet vart inviterte med, men hadde ikkje h\u00f8ve til \u00e5 delta i prosjektet.<\/p>\n<p>&nbsp;<\/p>\n<p><strong>DESSE HAR BLITT SPURDE OM \u00c5 GI INNSPEL<\/strong><\/p>\n<table>\n<thead>\n<tr>\n<th><strong>M\u00e5lgruppe barn og unge<\/strong><\/th>\n<th><strong>M\u00e5lgruppe innvandrarar<\/strong><\/th>\n<th><strong>M\u00e5lgruppe personar med nedsett funksjon<\/strong><\/th>\n<th><strong>M\u00e5lgruppe personar utanfor arbeidslivet<\/strong><\/th>\n<th><strong>M\u00e5lgruppe eldre<\/strong><\/th>\n<th><strong>M\u00e5lgruppe &laquo;folk flest&raquo;<\/strong><\/th>\n<\/tr>\n<\/thead>\n<tbody>\n<tr>\n<td>Barn i barnehage. Ulike alderstrinn<\/td>\n<td>Medlemmer av internasjonal kulturklubb<\/td>\n<td>Tilsette (brukarar) ved verna verksemd<\/td>\n<td>Brukarar ved kontaktsenter innan f\u00f8rebyggjande helse<\/td>\n<td>Medlemmer i pensjonistlag<\/td>\n<td>Foreldre til barn i barnehage<\/td>\n<\/tr>\n<tr>\n<td>Elevar i grunnskule. Ulike klassetrinn<\/td>\n<td>Deltakarar i spr\u00e5kkaf\u00e9<\/td>\n<td>Brukarar ved kommunale dagtilbod<\/td>\n<td>Brukarar ved LAR-senter<\/td>\n<td>Deltakarar p\u00e5 tilbod i regi av religi\u00f8se akt\u00f8rar<\/td>\n<td>Kundar i n\u00e6rbutikkar<\/td>\n<\/tr>\n<tr>\n<td>Elevar i vidareg\u00e5ande skule<\/td>\n<td>Brukarar av mat-tilbod ved Frelsesarmeen<\/td>\n<td><\/td>\n<td>Deltakarar i NAV-tilbod for unge vaksne<\/td>\n<td><\/td>\n<td>Folk p\u00e5 tur i friluftsomr\u00e5de<\/td>\n<\/tr>\n<tr>\n<td>Brukarar av utekontakten sine tilbod<\/td>\n<td><\/td>\n<td><\/td>\n<td>Deltakarar i m\u00f8teplass for arbeidss\u00f8kjande<\/td>\n<td><\/td>\n<td>Medlemmer i 3 idrettslag<\/td>\n<\/tr>\n<tr>\n<td><\/td>\n<td><\/td>\n<td><\/td>\n<td>Personar med bust\u00f8nad<\/td>\n<td><\/td>\n<td>Deltakarar p\u00e5 Petanque<\/td>\n<\/tr>\n<tr>\n<td><\/td>\n<td><\/td>\n<td><\/td>\n<td><\/td>\n<td><\/td>\n<td>F\u00f8lgjarar p\u00e5 facebook og kommunal nettside<\/td>\n<\/tr>\n<\/tbody>\n<\/table>\n","protected":false},"excerpt":{"rendered":"<p>Kommunen tilsette prosjektleiar i 40% stilling, finansiert av prosjektmidlar. Det er etablert prosjektgrupper\/arbeidsgrupper med representantar fr\u00e5 innbyggjarane og fr\u00e5 kommunale tenester som har st\u00e5tt for planlegging og gjennomf\u00f8ring. I f\u00f8rste fase vart det gjennomf\u00f8rt ein innspelsprosess i bydelen Sagv\u00e5g\/Litlab\u00f8. Erfaringar herifr\u00e5 vart s\u00e5 brukt ved innsamling av innspel i resten av kommunen. For \u00e5 n\u00e5<\/p>\n","protected":false},"author":20,"featured_media":0,"parent":0,"menu_order":4,"comment_status":"closed","ping_status":"closed","template":"","meta":{"footnotes":""},"jetpack_sharing_enabled":true,"_links":{"self":[{"href":"https:\/\/sk-dokument.no\/innspelsrapport\/index.php?rest_route=\/wp\/v2\/pages\/20"}],"collection":[{"href":"https:\/\/sk-dokument.no\/innspelsrapport\/index.php?rest_route=\/wp\/v2\/pages"}],"about":[{"href":"https:\/\/sk-dokument.no\/innspelsrapport\/index.php?rest_route=\/wp\/v2\/types\/page"}],"author":[{"embeddable":true,"href":"https:\/\/sk-dokument.no\/innspelsrapport\/index.php?rest_route=\/wp\/v2\/users\/20"}],"replies":[{"embeddable":true,"href":"https:\/\/sk-dokument.no\/innspelsrapport\/index.php?rest_route=%2Fwp%2Fv2%2Fcomments&post=20"}],"version-history":[{"count":33,"href":"https:\/\/sk-dokument.no\/innspelsrapport\/index.php?rest_route=\/wp\/v2\/pages\/20\/revisions"}],"predecessor-version":[{"id":386,"href":"https:\/\/sk-dokument.no\/innspelsrapport\/index.php?rest_route=\/wp\/v2\/pages\/20\/revisions\/386"}],"wp:attachment":[{"href":"https:\/\/sk-dokument.no\/innspelsrapport\/index.php?rest_route=%2Fwp%2Fv2%2Fmedia&parent=20"}],"curies":[{"name":"wp","href":"https:\/\/api.w.org\/{rel}","templated":true}]}}