{"id":22,"date":"2017-10-13T10:04:34","date_gmt":"2017-10-13T08:04:34","guid":{"rendered":"http:\/\/sk-dokument.no\/innspelsrapport\/?page_id=22"},"modified":"2017-10-27T11:48:16","modified_gmt":"2017-10-27T09:48:16","slug":"individuell-svar","status":"publish","type":"page","link":"https:\/\/sk-dokument.no\/innspelsrapport\/?page_id=22","title":{"rendered":"5.1 Individuell svar"},"content":{"rendered":"<p>421 personar har gitt individuelt innspel med f\u00f8lgande fordeling.<br \/>\n<strong>Alder<\/strong><\/p>\n<div id=\"innspel_chart_alder\" style=\"height: 400px;\"><\/div>\n<p><strong>Kj\u00f8nn<\/strong><\/p>\n<div id=\"innspel_chart_kjonn\" style=\"height: 400px;\"><\/div>\n<p><strong>Dagaktivitet<\/strong><\/p>\n<div id=\"innspel_chart_aktivitet\" style=\"height: 400px;\"><\/div>\n<p><strong>Fordeling av deltakarar p\u00e5 ulike bydelar (bustadadresse):<\/strong><\/p>\n<div id=\"innspel_chart_bydel\" style=\"height: 500px;\"><\/div>\n<p>&nbsp;<\/p>\n","protected":false},"excerpt":{"rendered":"<p>421 personar har gitt individuelt innspel med f\u00f8lgande fordeling. Alder Kj\u00f8nn Dagaktivitet Fordeling av deltakarar p\u00e5 ulike bydelar (bustadadresse): &nbsp;<\/p>\n","protected":false},"author":20,"featured_media":0,"parent":18,"menu_order":1,"comment_status":"closed","ping_status":"closed","template":"","meta":{"footnotes":""},"jetpack_sharing_enabled":true,"_links":{"self":[{"href":"https:\/\/sk-dokument.no\/innspelsrapport\/index.php?rest_route=\/wp\/v2\/pages\/22"}],"collection":[{"href":"https:\/\/sk-dokument.no\/innspelsrapport\/index.php?rest_route=\/wp\/v2\/pages"}],"about":[{"href":"https:\/\/sk-dokument.no\/innspelsrapport\/index.php?rest_route=\/wp\/v2\/types\/page"}],"author":[{"embeddable":true,"href":"https:\/\/sk-dokument.no\/innspelsrapport\/index.php?rest_route=\/wp\/v2\/users\/20"}],"replies":[{"embeddable":true,"href":"https:\/\/sk-dokument.no\/innspelsrapport\/index.php?rest_route=%2Fwp%2Fv2%2Fcomments&post=22"}],"version-history":[{"count":14,"href":"https:\/\/sk-dokument.no\/innspelsrapport\/index.php?rest_route=\/wp\/v2\/pages\/22\/revisions"}],"predecessor-version":[{"id":207,"href":"https:\/\/sk-dokument.no\/innspelsrapport\/index.php?rest_route=\/wp\/v2\/pages\/22\/revisions\/207"}],"up":[{"embeddable":true,"href":"https:\/\/sk-dokument.no\/innspelsrapport\/index.php?rest_route=\/wp\/v2\/pages\/18"}],"wp:attachment":[{"href":"https:\/\/sk-dokument.no\/innspelsrapport\/index.php?rest_route=%2Fwp%2Fv2%2Fmedia&parent=22"}],"curies":[{"name":"wp","href":"https:\/\/api.w.org\/{rel}","templated":true}]}}