{"id":26,"date":"2017-10-13T10:06:07","date_gmt":"2017-10-13T08:06:07","guid":{"rendered":"http:\/\/sk-dokument.no\/innspelsrapport\/?page_id=26"},"modified":"2017-10-13T13:40:59","modified_gmt":"2017-10-13T11:40:59","slug":"skular-og-barnehagar","status":"publish","type":"page","link":"https:\/\/sk-dokument.no\/innspelsrapport\/?page_id=26","title":{"rendered":"5.3 Skular og barnehagar"},"content":{"rendered":"<p dir=\"LTR\" align=\"LEFT\">F\u00f8lgjande skular og barnehagar har formidla barn og unge sine innspel:<\/p>\n<table style=\"height: 141px;\" width=\"1093\">\n<tbody>\n<tr style=\"height: 24px;\">\n<td style=\"width: 266.25px; height: 24px;\"><strong>Nordbygdo<\/strong><\/td>\n<td style=\"width: 266.25px; height: 24px;\"><strong>Sentrum<\/strong><\/td>\n<td style=\"width: 266.25px; height: 24px;\"><strong>Heiane\/K\u00e5revik<\/strong><\/td>\n<td style=\"width: 266.25px; height: 24px;\"><strong>Sagv\u00e5g\/Litlab\u00f8<\/strong><\/td>\n<\/tr>\n<tr style=\"height: 24px;\">\n<td style=\"width: 266.25px; height: 24px;\">S\u00e6varhagen barnehage<\/td>\n<td style=\"width: 266.25px; height: 24px;\">S\u00e6 barnehage<\/td>\n<td style=\"width: 266.25px; height: 24px;\">Olderdalen barnehage<\/td>\n<td style=\"width: 266.25px; height: 24px;\">Nys\u00e6ter ungdomsskule<\/td>\n<\/tr>\n<tr style=\"height: 23px;\">\n<td style=\"width: 266.25px; height: 23px;\">Furuly barnehage<\/td>\n<td style=\"width: 266.25px; height: 23px;\">Leirvik skule<\/td>\n<td style=\"width: 266.25px; height: 23px;\">Trodlahaugen barnehage<\/td>\n<td style=\"width: 266.25px; height: 23px;\"><\/td>\n<\/tr>\n<tr style=\"height: 24px;\">\n<td style=\"width: 266.25px; height: 24px;\">Villvettene barnehage<\/td>\n<td style=\"width: 266.25px; height: 24px;\">Stord vidareg\u00e5ande skule<\/td>\n<td style=\"width: 266.25px; height: 24px;\">Langeland skule<\/td>\n<td style=\"width: 266.25px; height: 24px;\"><\/td>\n<\/tr>\n<tr style=\"height: 24px;\">\n<td style=\"width: 266.25px; height: 24px;\">Hystad skule<\/td>\n<td style=\"width: 266.25px; height: 24px;\"><\/td>\n<td style=\"width: 266.25px; height: 24px;\"><\/td>\n<td style=\"width: 266.25px; height: 24px;\"><\/td>\n<\/tr>\n<tr style=\"height: 24px;\">\n<td style=\"width: 266.25px; height: 24px;\">Nordbygdo ungdomsskule<\/td>\n<td style=\"width: 266.25px; height: 24px;\"><\/td>\n<td style=\"width: 266.25px; height: 24px;\"><\/td>\n<td style=\"width: 266.25px; height: 24px;\"><\/td>\n<\/tr>\n<\/tbody>\n<\/table>\n<p dir=\"LTR\" align=\"LEFT\">\n<p>&nbsp;<\/p>\n<p dir=\"LTR\" align=\"LEFT\">Nokre innspel fr\u00e5 skular og barnehagar er presentert for seg, men hovudsakleg er desse innspela inkludert i presentasjonen av innspel generelt.<\/p>\n<p>&nbsp;<\/p>\n","protected":false},"excerpt":{"rendered":"<p>F\u00f8lgjande skular og barnehagar har formidla barn og unge sine innspel: Nordbygdo Sentrum Heiane\/K\u00e5revik Sagv\u00e5g\/Litlab\u00f8 S\u00e6varhagen barnehage S\u00e6 barnehage Olderdalen barnehage Nys\u00e6ter ungdomsskule Furuly barnehage Leirvik skule Trodlahaugen barnehage Villvettene barnehage Stord vidareg\u00e5ande skule Langeland skule Hystad skule Nordbygdo ungdomsskule &nbsp; Nokre innspel fr\u00e5 skular og barnehagar er presentert for seg, men hovudsakleg er desse<\/p>\n","protected":false},"author":20,"featured_media":0,"parent":18,"menu_order":3,"comment_status":"closed","ping_status":"closed","template":"","meta":{"footnotes":""},"jetpack_sharing_enabled":true,"_links":{"self":[{"href":"https:\/\/sk-dokument.no\/innspelsrapport\/index.php?rest_route=\/wp\/v2\/pages\/26"}],"collection":[{"href":"https:\/\/sk-dokument.no\/innspelsrapport\/index.php?rest_route=\/wp\/v2\/pages"}],"about":[{"href":"https:\/\/sk-dokument.no\/innspelsrapport\/index.php?rest_route=\/wp\/v2\/types\/page"}],"author":[{"embeddable":true,"href":"https:\/\/sk-dokument.no\/innspelsrapport\/index.php?rest_route=\/wp\/v2\/users\/20"}],"replies":[{"embeddable":true,"href":"https:\/\/sk-dokument.no\/innspelsrapport\/index.php?rest_route=%2Fwp%2Fv2%2Fcomments&post=26"}],"version-history":[{"count":4,"href":"https:\/\/sk-dokument.no\/innspelsrapport\/index.php?rest_route=\/wp\/v2\/pages\/26\/revisions"}],"predecessor-version":[{"id":110,"href":"https:\/\/sk-dokument.no\/innspelsrapport\/index.php?rest_route=\/wp\/v2\/pages\/26\/revisions\/110"}],"up":[{"embeddable":true,"href":"https:\/\/sk-dokument.no\/innspelsrapport\/index.php?rest_route=\/wp\/v2\/pages\/18"}],"wp:attachment":[{"href":"https:\/\/sk-dokument.no\/innspelsrapport\/index.php?rest_route=%2Fwp%2Fv2%2Fmedia&parent=26"}],"curies":[{"name":"wp","href":"https:\/\/api.w.org\/{rel}","templated":true}]}}