{"id":32,"date":"2017-10-13T10:07:43","date_gmt":"2017-10-13T08:07:43","guid":{"rendered":"http:\/\/sk-dokument.no\/innspelsrapport\/?page_id=32"},"modified":"2017-11-02T10:49:20","modified_gmt":"2017-11-02T09:49:20","slug":"kva-er-dei-viktigaste-moteplassane-i-naermiljoa-i-dag","status":"publish","type":"page","link":"https:\/\/sk-dokument.no\/innspelsrapport\/?page_id=32","title":{"rendered":"7.2 Kva er dei viktigaste m\u00f8teplassane i n\u00e6rmilj\u00f8a i dag?"},"content":{"rendered":"<div id=\"innspel_chart_metingplace\" style=\"height: 500px;\"><\/div>\n<p dir=\"LTR\" align=\"LEFT\">N\u00e6rbutikken, handelssenter og turomr\u00e5de er viktige m\u00f8teplassar. Dei yngste barna og familiane deira\u00a0 m\u00f8tes ofte p\u00e5 leikeplassen, medan eldre barn\u00a0gjerne m\u00f8ter kvarandre heime eller p\u00e5 fritidsaktivitetar. Opne tilbod som kino, kaf\u00e9, bibliotek og bowling\u00a0er kanskje s\u00e6rleg viktig for dei som ikkje deltek i organiserte tilbod.<\/p>\n<figure id=\"attachment_242\" aria-describedby=\"caption-attachment-242\" style=\"width: 454px\" class=\"wp-caption alignright push-mb\"><img loading=\"lazy\" decoding=\"async\" class=\"wp-image-242 size-full\" src=\"http:\/\/sk-dokument.no\/innspelsrapport\/wp-content\/uploads\/sites\/16\/2017\/10\/ordsky-hystad-vinter.jpg\" alt=\"\" width=\"454\" height=\"235\" srcset=\"https:\/\/sk-dokument.no\/innspelsrapport\/wp-content\/uploads\/sites\/16\/2017\/10\/ordsky-hystad-vinter.jpg 454w, https:\/\/sk-dokument.no\/innspelsrapport\/wp-content\/uploads\/sites\/16\/2017\/10\/ordsky-hystad-vinter-300x155.jpg 300w\" sizes=\"(max-width: 454px) 100vw, 454px\" \/><figcaption id=\"caption-attachment-242\" class=\"wp-caption-text\">Elevar ved Hystad skule sine m\u00f8teplassar om vinteren<\/figcaption><\/figure>\n<figure id=\"attachment_241\" aria-describedby=\"caption-attachment-241\" style=\"width: 454px\" class=\"wp-caption alignright\"><img loading=\"lazy\" decoding=\"async\" class=\"wp-image-241 size-full\" src=\"http:\/\/sk-dokument.no\/innspelsrapport\/wp-content\/uploads\/sites\/16\/2017\/10\/ordsky-hystad-sommar.jpg\" alt=\"\" width=\"454\" height=\"213\" srcset=\"https:\/\/sk-dokument.no\/innspelsrapport\/wp-content\/uploads\/sites\/16\/2017\/10\/ordsky-hystad-sommar.jpg 454w, https:\/\/sk-dokument.no\/innspelsrapport\/wp-content\/uploads\/sites\/16\/2017\/10\/ordsky-hystad-sommar-300x141.jpg 300w\" sizes=\"(max-width: 454px) 100vw, 454px\" \/><figcaption id=\"caption-attachment-241\" class=\"wp-caption-text\">Elevar ved Hystad skule sine m\u00f8teplassar om sommaren<\/figcaption><\/figure>\n<p dir=\"LTR\" align=\"LEFT\"><span style=\"font-size: 14pt;\">SKULEELEVANE SINE M\u00d8TEPLASSAR<\/span><\/p>\n<ul style=\"list-style-type: square;\">\n<li>Aktivitetsanlegg\/fritidsaktivitetar<\/li>\n<li>Natur- og friluftsomr\u00e5de<\/li>\n<li>Kulturhuset, kino<\/li>\n<li>Leirvik sentrum, Amfi-senteret<\/li>\n<li>Heiane senter<\/li>\n<li>Sagv\u00e5g sentrum<\/li>\n<li>Skulen<\/li>\n<li>Leikeplassar<\/li>\n<li>Heime hos vener, i bursdagar<\/li>\n<li>Leirvik Bedehus<\/li>\n<li>I b\u00e5t, p\u00e5 sj\u00f8en<\/li>\n<\/ul>\n<div class=\"clear\"><\/div>\n<p dir=\"LTR\" align=\"LEFT\">Elevar p\u00e5 vidareg\u00e5ande skule m\u00f8tes oftast heime hos kvarandre<\/p>\n<p dir=\"LTR\" align=\"LEFT\"><span style=\"font-size: 14pt;\">M\u00d8TEPLASSAR SOM ER TREKTE FRAM I SAMTALEGRUPPENE<\/span><\/p>\n<div class=\"clear\">\n<div class=\"grid50 nopad-left\">\n<p dir=\"LTR\" align=\"LEFT\"><span style=\"text-decoration: underline;\">Ungdom\/unge vaksne:<\/span><\/p>\n<ul style=\"list-style-type: square;\">\n<li>N\u00e6rbutikken<\/li>\n<li>Biltreff utanfor Expert p\u00e5 Heiane (kveld, natt)<\/li>\n<li>Kulturhuset<\/li>\n<li>Amfisenteret (balkongen)<\/li>\n<li>Serveringsstadar (Sj\u00f8huset)<\/li>\n<li>Stord vidareg\u00e5ande skule<\/li>\n<\/ul>\n<\/div>\n<div class=\"grid50 nopad-right\">\n<p dir=\"LTR\" align=\"LEFT\"><span style=\"text-decoration: underline;\">Personar med nedsatt funksjon:<\/span><\/p>\n<ul style=\"list-style-type: square;\">\n<li>Kino<\/li>\n<li>Idrettsarrangement<\/li>\n<li>Kj\u00f8pesenter<\/li>\n<li>Bowling<\/li>\n<li>Symjehall<\/li>\n<\/ul>\n<\/div>\n<\/div>\n<div class=\"clear\">\n<div class=\"grid50 nopad-left\">\n<p dir=\"LTR\" align=\"LEFT\"><span style=\"text-decoration: underline;\">Vaksne med helseutfordringar og\/eller ikkje i jobb<\/span><\/p>\n<ul style=\"list-style-type: square;\">\n<li>Nabolaget<\/li>\n<li>Leirvik sentrum<\/li>\n<li>Kaf\u00e9<\/li>\n<li>Biblioteket<\/li>\n<li>Tilrettelagte aktivitetar (turgruppe, hobbygruppe, kontaktsenter)<\/li>\n<\/ul>\n<\/div>\n<div class=\"grid50 nopad-right\">\n<p dir=\"LTR\" align=\"LEFT\"><span style=\"text-decoration: underline;\">Sm\u00e5barnsfamiliar:<\/span><\/p>\n<ul style=\"list-style-type: square;\">\n<li>Skular og barnehagar<\/li>\n<li>N\u00e6rmilj\u00f8anlegg<\/li>\n<li>Turomr\u00e5de<\/li>\n<li>N\u00e6rbutikk<\/li>\n<li>B\u00e5thamna<\/li>\n<\/ul>\n<\/div>\n<\/div>\n<p dir=\"LTR\" align=\"LEFT\"><span style=\"font-size: 14pt;\">SPESIFIKKE M\u00d8TEPLASSAR SOM ER TREKTE FRAM I KVAR BYDEL<\/span><\/p>\n<div class=\"clear\">\n<div class=\"grid50 nopad-left\">\n<p dir=\"LTR\" align=\"LEFT\"><span style=\"text-decoration: underline;\">Nordbygdo<\/span><\/p>\n<ul style=\"list-style-type: square;\">\n<li>Hystadmarkjo<\/li>\n<li>Trott-huset, Prestegardskogen idrettsanlegg og helsesportl\u00f8ype<\/li>\n<li>B\u00e5thamna i S\u00e6varhagen<\/li>\n<li>Spar Haga<\/li>\n<li>Uteomr\u00e5de ved Nordbygdo ungdomsskule<\/li>\n<\/ul>\n<p dir=\"LTR\" align=\"LEFT\"><span style=\"text-decoration: underline;\">Heiane\/K\u00e5revik<\/span><\/p>\n<ul style=\"list-style-type: square;\">\n<li>Turveg Skjephaugen<\/li>\n<li>Leikeplass Alnav\u00e5gsbrotet<\/li>\n<li>S\u00e6b\u00f8st\u00f8len<\/li>\n<li>Horneland bedehus<\/li>\n<li>Biltema, Heiane<\/li>\n<li>Heiane senter<\/li>\n<\/ul>\n<p dir=\"LTR\" align=\"LEFT\"><span style=\"text-decoration: underline;\">Sagv\u00e5g\/Litlab\u00f8<\/span><\/p>\n<ul style=\"list-style-type: square;\">\n<li>B\u00e5thamna, kaien, Hamnestova<\/li>\n<li>Solidbanen<\/li>\n<li>Kiwi<\/li>\n<li>Bensinstasjonen<\/li>\n<li>Fritidsklubben<\/li>\n<li>Kyrkja<\/li>\n<li>Samfunnshuset<\/li>\n<li>Gr\u00f8ntomr\u00e5de Vaskeriplanet<\/li>\n<\/ul>\n<\/div>\n<div class=\"grid50 nopad-right\">\n<p dir=\"LTR\" align=\"LEFT\"><span style=\"text-decoration: underline;\">Sentrum<\/span><\/p>\n<ul style=\"list-style-type: square;\">\n<li>Land\u00e5sen, eventyrskogen<\/li>\n<li>Turveg ved \u00c5dlandsvatnet<\/li>\n<li>Rema Bjelland<\/li>\n<li>Amfisenteret<\/li>\n<li>Borggata<\/li>\n<li>Torget<\/li>\n<li>Skeisebanen p\u00e5 Vikahaugane<\/li>\n<li>Frelsesarmeen<\/li>\n<li>Leirvik bedehus<\/li>\n<li>Petanque-banen<\/li>\n<li>Hagerupshuset<\/li>\n<li>Parken<\/li>\n<li>Idrettshallane p\u00e5 Vikahaugane<\/li>\n<li>Kyrkja<\/li>\n<li>Kulturhuset<\/li>\n<li>Biblioteket<\/li>\n<li>Kaf\u00e9ar i sentrum<\/li>\n<li>Hamna og moloen<\/li>\n<li>Vikastemmo<\/li>\n<\/ul>\n<\/div>\n<\/div>\n<p>&nbsp;<\/p>\n","protected":false},"excerpt":{"rendered":"<p>N\u00e6rbutikken, handelssenter og turomr\u00e5de er viktige m\u00f8teplassar. Dei yngste barna og familiane deira\u00a0 m\u00f8tes ofte p\u00e5 leikeplassen, medan eldre barn\u00a0gjerne m\u00f8ter kvarandre heime eller p\u00e5 fritidsaktivitetar. Opne tilbod som kino, kaf\u00e9, bibliotek og bowling\u00a0er kanskje s\u00e6rleg viktig for dei som ikkje deltek i organiserte tilbod. SKULEELEVANE SINE M\u00d8TEPLASSAR Aktivitetsanlegg\/fritidsaktivitetar Natur- og friluftsomr\u00e5de Kulturhuset, kino Leirvik<\/p>\n","protected":false},"author":20,"featured_media":0,"parent":30,"menu_order":2,"comment_status":"closed","ping_status":"closed","template":"","meta":{"footnotes":""},"jetpack_sharing_enabled":true,"_links":{"self":[{"href":"https:\/\/sk-dokument.no\/innspelsrapport\/index.php?rest_route=\/wp\/v2\/pages\/32"}],"collection":[{"href":"https:\/\/sk-dokument.no\/innspelsrapport\/index.php?rest_route=\/wp\/v2\/pages"}],"about":[{"href":"https:\/\/sk-dokument.no\/innspelsrapport\/index.php?rest_route=\/wp\/v2\/types\/page"}],"author":[{"embeddable":true,"href":"https:\/\/sk-dokument.no\/innspelsrapport\/index.php?rest_route=\/wp\/v2\/users\/20"}],"replies":[{"embeddable":true,"href":"https:\/\/sk-dokument.no\/innspelsrapport\/index.php?rest_route=%2Fwp%2Fv2%2Fcomments&post=32"}],"version-history":[{"count":22,"href":"https:\/\/sk-dokument.no\/innspelsrapport\/index.php?rest_route=\/wp\/v2\/pages\/32\/revisions"}],"predecessor-version":[{"id":321,"href":"https:\/\/sk-dokument.no\/innspelsrapport\/index.php?rest_route=\/wp\/v2\/pages\/32\/revisions\/321"}],"up":[{"embeddable":true,"href":"https:\/\/sk-dokument.no\/innspelsrapport\/index.php?rest_route=\/wp\/v2\/pages\/30"}],"wp:attachment":[{"href":"https:\/\/sk-dokument.no\/innspelsrapport\/index.php?rest_route=%2Fwp%2Fv2%2Fmedia&parent=32"}],"curies":[{"name":"wp","href":"https:\/\/api.w.org\/{rel}","templated":true}]}}