{"id":36,"date":"2017-10-13T10:09:10","date_gmt":"2017-10-13T08:09:10","guid":{"rendered":"http:\/\/sk-dokument.no\/innspelsrapport\/?page_id=36"},"modified":"2017-11-03T12:00:12","modified_gmt":"2017-11-03T11:00:12","slug":"kva-kan-vere-til-hinder-for-at-ein-deltek-i-fellesaktivitetar","status":"publish","type":"page","link":"https:\/\/sk-dokument.no\/innspelsrapport\/?page_id=36","title":{"rendered":"7.4 Kva kan vere til hinder for at ein deltek i fellesaktivitetar?"},"content":{"rendered":"<div id=\"innspel_chart_participation\" style=\"height: 500px;\"><\/div>\n<p dir=\"LTR\" align=\"LEFT\">B\u00e5de mangel p\u00e5 tilbod, mangel p\u00e5 informasjon,\u00a0og at eksisterande tilbod ikkje er godt nok tilrettelagt er viktige \u00e5rsaker til at ein ikkje brukar lokale aktivitetstilbod. Ein kan ha vanskar med \u00e5 komme seg til tilboda, det er for dyrt \u00e5 delta, eller ein kvir seg til \u00e5 pr\u00f8ve noko nytt og ukjent.<\/p>\n<p dir=\"LTR\" align=\"LEFT\"><span style=\"font-size: 14pt;\">BARRIERAR FOR DELTAKING SOM ER TREKTE FRAM I SAMTALEGRUPPENE<\/span><\/p>\n<ul style=\"list-style-type: square;\">\n<li>Manglande tilrettelegging og tryggleik for fotgjengarar og reisande med kollektiv transport (lys, overgangar, fortau, busskur, rutetilbod)<\/li>\n<li>Mangel p\u00e5 informasjon<\/li>\n<li>Mangel p\u00e5 passande tilbod<\/li>\n<li>\u00d8konomi<\/li>\n<li>Avstand<\/li>\n<li>Kjenner seg usikker i m\u00f8te med andre, manglar sosial erfaring<\/li>\n<li>Opplever ekskluderande haldningar hos andre<\/li>\n<\/ul>\n<p dir=\"LTR\" align=\"LEFT\"><span style=\"font-size: 14pt;\">SPESIFIKKE BARRIERAR SOM ER TREKTE FRAM I KVAR BYDEL<\/span><\/p>\n<p dir=\"LTR\" align=\"LEFT\"><span style=\"text-decoration: underline;\">Nordbygdo<\/span><\/p>\n<ul style=\"list-style-type: square;\">\n<li>Manglar felles samlingsplassar i Hystad-omr\u00e5det<\/li>\n<li>Manglar opparbeida turl\u00f8ype mellom Rommetveit og S\u00e6varhagen<\/li>\n<\/ul>\n<p dir=\"LTR\" align=\"LEFT\"><span style=\"text-decoration: underline;\">Sentrum<\/span><\/p>\n<ul style=\"list-style-type: square;\">\n<li>For h\u00f8g terskel for \u00e5 delta p\u00e5 offentlege tilbod ved Hamna kontaktsenter og helsestasjon for ungdom<\/li>\n<li>Manglar felles aktivitetshus i sentrum<\/li>\n<li>Manglande vedlikehald av leikeplass i Kringsj\u00e5<\/li>\n<li>Parkeringstilh\u00f8va i sentrum<\/li>\n<li>Planlagt bomring vil bli barriere<\/li>\n<\/ul>\n<p dir=\"LTR\" align=\"LEFT\"><span style=\"text-decoration: underline;\">Heiane\/K\u00e5revik<\/span><\/p>\n<ul style=\"list-style-type: square;\">\n<li>Manglande vedlikehald av Dagfinnsvikjo<\/li>\n<\/ul>\n<p dir=\"LTR\" align=\"LEFT\"><span style=\"text-decoration: underline;\">Sagv\u00e5g\/Litlab\u00f8<\/span><\/p>\n<ul style=\"list-style-type: square;\">\n<li>Manglande busstilbod til\/fr\u00e5 Leirvik<\/li>\n<li>Utrygt for g\u00e5ande\/syklande langs Utslettevegen, Snikkersvingen og vegen til Grunnav\u00e5gen<\/li>\n<li>Manglar tilgang til rimelege lokale for arrangement<\/li>\n<\/ul>\n<p>&nbsp;<\/p>\n","protected":false},"excerpt":{"rendered":"<p>B\u00e5de mangel p\u00e5 tilbod, mangel p\u00e5 informasjon,\u00a0og at eksisterande tilbod ikkje er godt nok tilrettelagt er viktige \u00e5rsaker til at ein ikkje brukar lokale aktivitetstilbod. Ein kan ha vanskar med \u00e5 komme seg til tilboda, det er for dyrt \u00e5 delta, eller ein kvir seg til \u00e5 pr\u00f8ve noko nytt og ukjent. BARRIERAR FOR DELTAKING<\/p>\n","protected":false},"author":20,"featured_media":0,"parent":30,"menu_order":4,"comment_status":"closed","ping_status":"closed","template":"","meta":{"footnotes":""},"jetpack_sharing_enabled":true,"_links":{"self":[{"href":"https:\/\/sk-dokument.no\/innspelsrapport\/index.php?rest_route=\/wp\/v2\/pages\/36"}],"collection":[{"href":"https:\/\/sk-dokument.no\/innspelsrapport\/index.php?rest_route=\/wp\/v2\/pages"}],"about":[{"href":"https:\/\/sk-dokument.no\/innspelsrapport\/index.php?rest_route=\/wp\/v2\/types\/page"}],"author":[{"embeddable":true,"href":"https:\/\/sk-dokument.no\/innspelsrapport\/index.php?rest_route=\/wp\/v2\/users\/20"}],"replies":[{"embeddable":true,"href":"https:\/\/sk-dokument.no\/innspelsrapport\/index.php?rest_route=%2Fwp%2Fv2%2Fcomments&post=36"}],"version-history":[{"count":14,"href":"https:\/\/sk-dokument.no\/innspelsrapport\/index.php?rest_route=\/wp\/v2\/pages\/36\/revisions"}],"predecessor-version":[{"id":381,"href":"https:\/\/sk-dokument.no\/innspelsrapport\/index.php?rest_route=\/wp\/v2\/pages\/36\/revisions\/381"}],"up":[{"embeddable":true,"href":"https:\/\/sk-dokument.no\/innspelsrapport\/index.php?rest_route=\/wp\/v2\/pages\/30"}],"wp:attachment":[{"href":"https:\/\/sk-dokument.no\/innspelsrapport\/index.php?rest_route=%2Fwp%2Fv2%2Fmedia&parent=36"}],"curies":[{"name":"wp","href":"https:\/\/api.w.org\/{rel}","templated":true}]}}