{"id":38,"date":"2017-10-13T10:09:55","date_gmt":"2017-10-13T08:09:55","guid":{"rendered":"http:\/\/sk-dokument.no\/innspelsrapport\/?page_id=38"},"modified":"2017-11-03T12:09:08","modified_gmt":"2017-11-03T11:09:08","slug":"kva-finns-i-naermiljoet-som-betyr-mykje-for-trivselen","status":"publish","type":"page","link":"https:\/\/sk-dokument.no\/innspelsrapport\/?page_id=38","title":{"rendered":"7.5 Kva finns i n\u00e6rmilj\u00f8et som betyr mykje for trivselen?"},"content":{"rendered":"<p dir=\"LTR\" align=\"LEFT\">N\u00e6rleik til natur, og gode tilh\u00f8ve for friluftsliv g\u00e5r igjen i heile kommunen som den viktigaste faktoren for trivsel. Dette inkluderer alt fr\u00e5 eit tre \u00e5 bygge hytte i til tilrettelagte turvegar. Dei n\u00e6re naturomr\u00e5da er s\u00e6rskilt viktige for barn\/unge, sm\u00e5barnsfamiliar og eldre. Frivillige organisasjonar sine tilbod, idrettsanlegg og kulturtilbod er ogs\u00e5 viktig. Litlab\u00f8 fritidsklubb betyr mykje for ungdom i n\u00e6romr\u00e5det. Tilboda i Leirvik sentrum synes meir viktige for dei som bur n\u00e6r sentrum, medan n\u00e6rbutikken og andre lokale tilbod blir l\u00f8fta fram fr\u00e5 folk i Sagv\u00e5g og i Nordbygdo. I Sagv\u00e5g\/Litlab\u00f8 har kulturminner og det maritime milj\u00f8et relativt stor verdi for trivsel,\u00a0og fleire nemner det\u00a0gode sosiale milj\u00f8et. Resten av kommunen peikar p\u00e5 kulturtilbodet som viktig. Bumilj\u00f8et og dei uformelle m\u00f8teplassane i n\u00e6rmilj\u00f8et er viktige over alt i kommunen. Det same gjeld skulane og barnehagane. Tiltalande omgjevnadar som blir haldne ved like betyr mykje. Skuleelevar peikar p\u00e5 kontakt med dyr, fritt og ope landskap med god plass og h\u00f8ve til stillheit\/ro som trivselsfremjande kvalitetar. Mange nemner kjekke folk og godt sosialt milj\u00f8 som viktig.<\/p>\n<p dir=\"LTR\" align=\"LEFT\">Av faktorar som er negative for trivselen er nemnt trafikkst\u00f8y, manglande vedlikehald, mangel p\u00e5 m\u00f8teplass i n\u00e6rmilj\u00f8et og lang avstand til vener.<\/p>\n<p dir=\"LTR\" align=\"LEFT\"><span style=\"font-size: 14pt;\">TRIVSELFAKTORAR SOM ER TREKTE FRAM I SAMTALEGRUPPENE<\/span><\/p>\n<ul style=\"list-style-type: square;\">\n<li>Tilrettelagte m\u00f8teplassar som Utekontakten, Hamna, Fritidsklubbar<\/li>\n<li>Idrettslaga<\/li>\n<li>M\u00f8teplassar i sentrum (Torget, Kringlo, matmarknad) og Heiane senter<\/li>\n<li>Petanque<\/li>\n<li>F\u00f8remiddagskino<\/li>\n<\/ul>\n<p dir=\"LTR\" align=\"LEFT\"><span style=\"font-size: 14pt;\">SPESIFIKKE TRIVSELFAKTORAR SOM ER TREKTE FRAM I KVAR BYDEL<\/span><\/p>\n<p dir=\"LTR\" align=\"LEFT\"><span style=\"text-decoration: underline;\">Nordbygdo<\/span><\/p>\n<ul style=\"list-style-type: square;\">\n<li>Hystadmarkjo<\/li>\n<li>Prestegardskogen idrettspark<\/li>\n<li>Rommetveit b\u00e5tlag<\/li>\n<li>IL Trott<\/li>\n<\/ul>\n<p dir=\"LTR\" align=\"LEFT\"><span style=\"text-decoration: underline;\">Sentrum<\/span><\/p>\n<ul style=\"list-style-type: square;\">\n<li>Land\u00e5sen<\/li>\n<li>\u00c5dlandsvatnet med turvegen<\/li>\n<li>Vikastemmo<\/li>\n<li>Sponavikjo<\/li>\n<li>Leirvik sentrum \u2013 Borggata, torget, Amfi-senteret<\/li>\n<li>Kulturhuset<\/li>\n<li>Utelivet<\/li>\n<li>Skeisebanen<\/li>\n<li>Stord IL<\/li>\n<li>Kulturhuset med kino, symjehall, bibliotek<\/li>\n<li>Hagerupshuset<\/li>\n<li>UKS ved Leirvik bedhus<\/li>\n<li>Frelsesarmeen<\/li>\n<li>Petanque-banen<\/li>\n<li>Kyrkja<\/li>\n<\/ul>\n<div id='gallery-1' class='gallery galleryid-38 gallery-columns-4 gallery-size-large'><figure class='gallery-item'>\n\t\t\t<div class='gallery-icon landscape'>\n\t\t\t\t<a href='https:\/\/sk-dokument.no\/innspelsrapport\/?attachment_id=226'><img loading=\"lazy\" decoding=\"async\" width=\"615\" height=\"461\" src=\"https:\/\/sk-dokument.no\/innspelsrapport\/wp-content\/uploads\/sites\/16\/2017\/10\/petanque3stordnytt.jpg\" class=\"attachment-large size-large\" alt=\"\" aria-describedby=\"gallery-1-226\" srcset=\"https:\/\/sk-dokument.no\/innspelsrapport\/wp-content\/uploads\/sites\/16\/2017\/10\/petanque3stordnytt.jpg 615w, https:\/\/sk-dokument.no\/innspelsrapport\/wp-content\/uploads\/sites\/16\/2017\/10\/petanque3stordnytt-300x225.jpg 300w\" sizes=\"(max-width: 615px) 100vw, 615px\" \/><\/a>\n\t\t\t<\/div>\n\t\t\t\t<figcaption class='wp-caption-text gallery-caption' id='gallery-1-226'>\n\t\t\t\tPetanque\n\t\t\t\t<\/figcaption><\/figure><figure class='gallery-item'>\n\t\t\t<div class='gallery-icon landscape'>\n\t\t\t\t<a href='https:\/\/sk-dokument.no\/innspelsrapport\/?attachment_id=231'><img loading=\"lazy\" decoding=\"async\" width=\"900\" height=\"675\" src=\"https:\/\/sk-dokument.no\/innspelsrapport\/wp-content\/uploads\/sites\/16\/2017\/10\/turlaget-gapahuk.jpg\" class=\"attachment-large size-large\" alt=\"\" aria-describedby=\"gallery-1-231\" srcset=\"https:\/\/sk-dokument.no\/innspelsrapport\/wp-content\/uploads\/sites\/16\/2017\/10\/turlaget-gapahuk.jpg 940w, https:\/\/sk-dokument.no\/innspelsrapport\/wp-content\/uploads\/sites\/16\/2017\/10\/turlaget-gapahuk-300x225.jpg 300w, https:\/\/sk-dokument.no\/innspelsrapport\/wp-content\/uploads\/sites\/16\/2017\/10\/turlaget-gapahuk-768x576.jpg 768w, https:\/\/sk-dokument.no\/innspelsrapport\/wp-content\/uploads\/sites\/16\/2017\/10\/turlaget-gapahuk-700x525.jpg 700w\" sizes=\"(max-width: 900px) 100vw, 900px\" \/><\/a>\n\t\t\t<\/div>\n\t\t\t\t<figcaption class='wp-caption-text gallery-caption' id='gallery-1-231'>\n\t\t\t\tGapahuken i Skjephaugen\n\t\t\t\t<\/figcaption><\/figure><figure class='gallery-item'>\n\t\t\t<div class='gallery-icon landscape'>\n\t\t\t\t<a href='https:\/\/sk-dokument.no\/innspelsrapport\/?attachment_id=185'><img loading=\"lazy\" decoding=\"async\" width=\"900\" height=\"603\" src=\"https:\/\/sk-dokument.no\/innspelsrapport\/wp-content\/uploads\/sites\/16\/2017\/10\/kanoar-storavatnet-wr-1024x686.jpg\" class=\"attachment-large size-large\" alt=\"\" aria-describedby=\"gallery-1-185\" srcset=\"https:\/\/sk-dokument.no\/innspelsrapport\/wp-content\/uploads\/sites\/16\/2017\/10\/kanoar-storavatnet-wr-1024x686.jpg 1024w, https:\/\/sk-dokument.no\/innspelsrapport\/wp-content\/uploads\/sites\/16\/2017\/10\/kanoar-storavatnet-wr-300x201.jpg 300w, https:\/\/sk-dokument.no\/innspelsrapport\/wp-content\/uploads\/sites\/16\/2017\/10\/kanoar-storavatnet-wr-768x514.jpg 768w, https:\/\/sk-dokument.no\/innspelsrapport\/wp-content\/uploads\/sites\/16\/2017\/10\/kanoar-storavatnet-wr-700x469.jpg 700w, https:\/\/sk-dokument.no\/innspelsrapport\/wp-content\/uploads\/sites\/16\/2017\/10\/kanoar-storavatnet-wr.jpg 1440w\" sizes=\"(max-width: 900px) 100vw, 900px\" \/><\/a>\n\t\t\t<\/div>\n\t\t\t\t<figcaption class='wp-caption-text gallery-caption' id='gallery-1-185'>\n\t\t\t\tStoravatnet\n\t\t\t\t<\/figcaption><\/figure><figure class='gallery-item'>\n\t\t\t<div class='gallery-icon portrait'>\n\t\t\t\t<a href='https:\/\/sk-dokument.no\/innspelsrapport\/?attachment_id=229'><img loading=\"lazy\" decoding=\"async\" width=\"600\" height=\"800\" src=\"https:\/\/sk-dokument.no\/innspelsrapport\/wp-content\/uploads\/sites\/16\/2017\/10\/publikum-kulturhuset-e1509627971618.jpg\" class=\"attachment-large size-large\" alt=\"\" aria-describedby=\"gallery-1-229\" \/><\/a>\n\t\t\t<\/div>\n\t\t\t\t<figcaption class='wp-caption-text gallery-caption' id='gallery-1-229'>\n\t\t\t\tKulturhuset\n\t\t\t\t<\/figcaption><\/figure>\n\t\t<\/div>\n\n<p dir=\"LTR\" align=\"LEFT\"><span style=\"text-decoration: underline;\">Heiane\/K\u00e5revik<\/span><\/p>\n<ul style=\"list-style-type: square;\">\n<li>Skjephaugen turomr\u00e5de med gapahuken<\/li>\n<li>Alnav\u00e5gen<\/li>\n<li>Horneland bedehus<\/li>\n<li>Grendahuset<\/li>\n<li>Harri fritidsklubb<\/li>\n<\/ul>\n<p dir=\"LTR\" align=\"LEFT\"><span style=\"text-decoration: underline;\">Sagv\u00e5g\/Litlab\u00f8<\/span><\/p>\n<ul style=\"list-style-type: square;\">\n<li>Storavatnet<\/li>\n<li>Utslettefjellet<\/li>\n<li>Nes-skogen<\/li>\n<li>S\u00e6trevik badestrand<\/li>\n<li>Fletaneset<\/li>\n<li>Lysl\u00f8ypa i Hustrudalen<\/li>\n<li>Gr\u00f8ntomr\u00e5de p\u00e5 vaskeriplanet<\/li>\n<li>B\u00e5thamna\/kaien i Sagv\u00e5g<\/li>\n<li>Gruvene<\/li>\n<li>Sagv\u00e5g sentrum med n\u00e6rbutikk, bensinstasjon, serveringsstadar<\/li>\n<li>IL Solid<\/li>\n<li>Litlab\u00f8 Fritidsklubb<\/li>\n<li>Samfunnshuset med bibliotek<\/li>\n<\/ul>\n","protected":false},"excerpt":{"rendered":"<p>N\u00e6rleik til natur, og gode tilh\u00f8ve for friluftsliv g\u00e5r igjen i heile kommunen som den viktigaste faktoren for trivsel. Dette inkluderer alt fr\u00e5 eit tre \u00e5 bygge hytte i til tilrettelagte turvegar. Dei n\u00e6re naturomr\u00e5da er s\u00e6rskilt viktige for barn\/unge, sm\u00e5barnsfamiliar og eldre. Frivillige organisasjonar sine tilbod, idrettsanlegg og kulturtilbod er ogs\u00e5 viktig. Litlab\u00f8 fritidsklubb<\/p>\n","protected":false},"author":20,"featured_media":0,"parent":30,"menu_order":5,"comment_status":"closed","ping_status":"closed","template":"","meta":{"footnotes":""},"jetpack_sharing_enabled":true,"_links":{"self":[{"href":"https:\/\/sk-dokument.no\/innspelsrapport\/index.php?rest_route=\/wp\/v2\/pages\/38"}],"collection":[{"href":"https:\/\/sk-dokument.no\/innspelsrapport\/index.php?rest_route=\/wp\/v2\/pages"}],"about":[{"href":"https:\/\/sk-dokument.no\/innspelsrapport\/index.php?rest_route=\/wp\/v2\/types\/page"}],"author":[{"embeddable":true,"href":"https:\/\/sk-dokument.no\/innspelsrapport\/index.php?rest_route=\/wp\/v2\/users\/20"}],"replies":[{"embeddable":true,"href":"https:\/\/sk-dokument.no\/innspelsrapport\/index.php?rest_route=%2Fwp%2Fv2%2Fcomments&post=38"}],"version-history":[{"count":11,"href":"https:\/\/sk-dokument.no\/innspelsrapport\/index.php?rest_route=\/wp\/v2\/pages\/38\/revisions"}],"predecessor-version":[{"id":382,"href":"https:\/\/sk-dokument.no\/innspelsrapport\/index.php?rest_route=\/wp\/v2\/pages\/38\/revisions\/382"}],"up":[{"embeddable":true,"href":"https:\/\/sk-dokument.no\/innspelsrapport\/index.php?rest_route=\/wp\/v2\/pages\/30"}],"wp:attachment":[{"href":"https:\/\/sk-dokument.no\/innspelsrapport\/index.php?rest_route=%2Fwp%2Fv2%2Fmedia&parent=38"}],"curies":[{"name":"wp","href":"https:\/\/api.w.org\/{rel}","templated":true}]}}