{"id":40,"date":"2017-10-13T10:10:39","date_gmt":"2017-10-13T08:10:39","guid":{"rendered":"http:\/\/sk-dokument.no\/innspelsrapport\/?page_id=40"},"modified":"2017-11-03T14:09:05","modified_gmt":"2017-11-03T13:09:05","slug":"kva-er-viktige-kvalitetar-i-naermiljoet-for-forskulebarn","status":"publish","type":"page","link":"https:\/\/sk-dokument.no\/innspelsrapport\/?page_id=40","title":{"rendered":"7.6 Kva er viktige kvalitetar i n\u00e6rmilj\u00f8et for f\u00f8rskulebarn?"},"content":{"rendered":"<p>Sm\u00e5 barn treng trygge omr\u00e5de der dei\u00a0f\u00e5r bruke heile seg. I f\u00f8lgje\u00a0barn i barnehage\u00a0sine innspel er den ur\u00f8rte naturen med alle sine variasjonar det som samsvarar best med\u00a0deira behov. F\u00f8lgjande kvalitetar kjenneteiknar dei gode stadane:<\/p>\n<ul style=\"list-style-type: square;\">\n<li><span style=\"font-family: georgia,palatino,serif; font-size: 12pt;\">Ur\u00f8rt, levande natur der barn kan skape sine eigne \u00ableikerom\u00bb<\/span><\/li>\n<li><span style=\"font-family: georgia,palatino,serif; font-size: 12pt;\">Mystisk, magisk, spanande. \u00abEi anna verd\u00bb<\/span><\/li>\n<li><span style=\"font-family: georgia,palatino,serif; font-size: 12pt;\">Inneheld spanande naturelement (elv, haug, stor stein, klatretre, m.m.)<\/span><\/li>\n<li><span style=\"font-family: georgia,palatino,serif; font-size: 12pt;\">Variasjon, staden byr p\u00e5 utfordringar for ulike aldrar(h\u00f8gt\/l\u00e5gt, rask\/roleg, kupert\/flatt, store tre\/sm\u00e5 buskar, hardt\/bl\u00f8tt underlag, osv)<\/span><\/li>\n<li><span style=\"font-family: georgia,palatino,serif; font-size: 12pt;\">Plass til alle \u2013\u00abmange plassar p\u00e5 ein plass\u00bb<\/span><\/li>\n<li><span style=\"font-family: georgia,palatino,serif; font-size: 12pt;\">H\u00f8ve til \u00e5 klatre, balansere, grave, rutsje, reile (huske), springe, g\u00f8yme seg, g\u00e5 inn i<\/span><\/li>\n<li><span style=\"font-family: georgia,palatino,serif; font-size: 12pt;\">Inspirerer til rolleleik<\/span><\/li>\n<li><span style=\"font-family: georgia,palatino,serif; font-size: 12pt;\">Det finns \u00abbyggemateriale\u00bb -mindre element som kan flyttast\/formast (pinnar, mold\/gj\u00f8rma, sand, m.m.<\/span><\/li>\n<li><span style=\"font-family: georgia,palatino,serif; font-size: 12pt;\">Ein kan leite etter \u00abskattar\u00bb, sm\u00e5kryp osv &#8211; t.d. i stranda<\/span><\/li>\n<li><span style=\"font-family: georgia,palatino,serif; font-size: 12pt;\">H\u00f8ve til \u00e5 bruke verkt\u00f8y (sag, hammar, kniv osv.)<\/span><\/li>\n<li><span style=\"font-family: georgia,palatino,serif; font-size: 12pt;\">Ope omr\u00e5de til felles leik<\/span><\/li>\n<li><span style=\"font-family: georgia,palatino,serif; font-size: 12pt;\">Utfordringar for ulike aldersgrupper<\/span><\/li>\n<li><span style=\"font-family: georgia,palatino,serif; font-size: 12pt;\">Grue\/b\u00e5lpanne med plass til \u00e5 sitje rundt<\/span><\/li>\n<li><span style=\"font-family: georgia,palatino,serif; font-size: 12pt;\">Dyr, insekt, b\u00e6r og sopp<\/span><\/li>\n<li><span style=\"font-family: georgia,palatino,serif; font-size: 12pt;\">Vatn\/sj\u00f8<\/span><\/li>\n<li><span style=\"font-family: georgia,palatino,serif; font-size: 12pt;\">Kort avstand med enkel og trygg tilkomst. Gir gjenkjenning og tilh\u00f8yrsle<\/span><\/li>\n<li><span style=\"font-family: georgia,palatino,serif; font-size: 12pt;\">Skjerma for vind<\/span><\/li>\n<li><span style=\"font-family: georgia,palatino,serif; font-size: 12pt;\"><span style=\"font-family: georgia,palatino,serif; font-size: 12pt;\">Utsikt til aktivitet i n\u00e6rmilj\u00f8et (b\u00e5tar, bilar, industri osv.)<\/span><\/span><div id='gallery-1' class='gallery galleryid-40 gallery-columns-4 gallery-size-large'><figure class='gallery-item'>\n\t\t\t<div class='gallery-icon landscape'>\n\t\t\t\t<a href='https:\/\/sk-dokument.no\/innspelsrapport\/?attachment_id=364'><img loading=\"lazy\" decoding=\"async\" width=\"900\" height=\"675\" src=\"https:\/\/sk-dokument.no\/innspelsrapport\/wp-content\/uploads\/sites\/16\/2017\/10\/Sm\u00e5barn8-1024x768.jpg\" class=\"attachment-large size-large\" alt=\"\" aria-describedby=\"gallery-1-364\" srcset=\"https:\/\/sk-dokument.no\/innspelsrapport\/wp-content\/uploads\/sites\/16\/2017\/10\/Sm\u00e5barn8-1024x768.jpg 1024w, https:\/\/sk-dokument.no\/innspelsrapport\/wp-content\/uploads\/sites\/16\/2017\/10\/Sm\u00e5barn8-300x225.jpg 300w, https:\/\/sk-dokument.no\/innspelsrapport\/wp-content\/uploads\/sites\/16\/2017\/10\/Sm\u00e5barn8-768x576.jpg 768w, https:\/\/sk-dokument.no\/innspelsrapport\/wp-content\/uploads\/sites\/16\/2017\/10\/Sm\u00e5barn8-700x525.jpg 700w, https:\/\/sk-dokument.no\/innspelsrapport\/wp-content\/uploads\/sites\/16\/2017\/10\/Sm\u00e5barn8.jpg 1280w\" sizes=\"(max-width: 900px) 100vw, 900px\" \/><\/a>\n\t\t\t<\/div>\n\t\t\t\t<figcaption class='wp-caption-text gallery-caption' id='gallery-1-364'>\n\t\t\t\tKlatre\n\t\t\t\t<\/figcaption><\/figure><figure class='gallery-item'>\n\t\t\t<div class='gallery-icon landscape'>\n\t\t\t\t<a href='https:\/\/sk-dokument.no\/innspelsrapport\/?attachment_id=359'><img loading=\"lazy\" decoding=\"async\" width=\"900\" height=\"675\" src=\"https:\/\/sk-dokument.no\/innspelsrapport\/wp-content\/uploads\/sites\/16\/2017\/10\/Sm\u00e5barn4-1024x768.jpg\" class=\"attachment-large size-large\" alt=\"\" aria-describedby=\"gallery-1-359\" srcset=\"https:\/\/sk-dokument.no\/innspelsrapport\/wp-content\/uploads\/sites\/16\/2017\/10\/Sm\u00e5barn4-1024x768.jpg 1024w, https:\/\/sk-dokument.no\/innspelsrapport\/wp-content\/uploads\/sites\/16\/2017\/10\/Sm\u00e5barn4-300x225.jpg 300w, https:\/\/sk-dokument.no\/innspelsrapport\/wp-content\/uploads\/sites\/16\/2017\/10\/Sm\u00e5barn4-768x576.jpg 768w, https:\/\/sk-dokument.no\/innspelsrapport\/wp-content\/uploads\/sites\/16\/2017\/10\/Sm\u00e5barn4-700x525.jpg 700w, https:\/\/sk-dokument.no\/innspelsrapport\/wp-content\/uploads\/sites\/16\/2017\/10\/Sm\u00e5barn4.jpg 1280w\" sizes=\"(max-width: 900px) 100vw, 900px\" \/><\/a>\n\t\t\t<\/div>\n\t\t\t\t<figcaption class='wp-caption-text gallery-caption' id='gallery-1-359'>\n\t\t\t\tByggje\n\t\t\t\t<\/figcaption><\/figure><figure class='gallery-item'>\n\t\t\t<div class='gallery-icon landscape'>\n\t\t\t\t<a href='https:\/\/sk-dokument.no\/innspelsrapport\/?attachment_id=358'><img loading=\"lazy\" decoding=\"async\" width=\"900\" height=\"675\" src=\"https:\/\/sk-dokument.no\/innspelsrapport\/wp-content\/uploads\/sites\/16\/2017\/10\/Sm\u00e5barn3-1024x768.jpg\" class=\"attachment-large size-large\" alt=\"\" aria-describedby=\"gallery-1-358\" srcset=\"https:\/\/sk-dokument.no\/innspelsrapport\/wp-content\/uploads\/sites\/16\/2017\/10\/Sm\u00e5barn3-1024x768.jpg 1024w, https:\/\/sk-dokument.no\/innspelsrapport\/wp-content\/uploads\/sites\/16\/2017\/10\/Sm\u00e5barn3-300x225.jpg 300w, https:\/\/sk-dokument.no\/innspelsrapport\/wp-content\/uploads\/sites\/16\/2017\/10\/Sm\u00e5barn3-768x576.jpg 768w, https:\/\/sk-dokument.no\/innspelsrapport\/wp-content\/uploads\/sites\/16\/2017\/10\/Sm\u00e5barn3-700x525.jpg 700w, https:\/\/sk-dokument.no\/innspelsrapport\/wp-content\/uploads\/sites\/16\/2017\/10\/Sm\u00e5barn3.jpg 1280w\" sizes=\"(max-width: 900px) 100vw, 900px\" \/><\/a>\n\t\t\t<\/div>\n\t\t\t\t<figcaption class='wp-caption-text gallery-caption' id='gallery-1-358'>\n\t\t\t\tUtforske\n\t\t\t\t<\/figcaption><\/figure><figure class='gallery-item'>\n\t\t\t<div class='gallery-icon landscape'>\n\t\t\t\t<a href='https:\/\/sk-dokument.no\/innspelsrapport\/?attachment_id=357'><img loading=\"lazy\" decoding=\"async\" width=\"900\" height=\"675\" src=\"https:\/\/sk-dokument.no\/innspelsrapport\/wp-content\/uploads\/sites\/16\/2017\/10\/Sm\u00e5barn2-1024x768.jpg\" class=\"attachment-large size-large\" alt=\"\" aria-describedby=\"gallery-1-357\" srcset=\"https:\/\/sk-dokument.no\/innspelsrapport\/wp-content\/uploads\/sites\/16\/2017\/10\/Sm\u00e5barn2-1024x768.jpg 1024w, https:\/\/sk-dokument.no\/innspelsrapport\/wp-content\/uploads\/sites\/16\/2017\/10\/Sm\u00e5barn2-300x225.jpg 300w, https:\/\/sk-dokument.no\/innspelsrapport\/wp-content\/uploads\/sites\/16\/2017\/10\/Sm\u00e5barn2-768x576.jpg 768w, https:\/\/sk-dokument.no\/innspelsrapport\/wp-content\/uploads\/sites\/16\/2017\/10\/Sm\u00e5barn2-700x525.jpg 700w, https:\/\/sk-dokument.no\/innspelsrapport\/wp-content\/uploads\/sites\/16\/2017\/10\/Sm\u00e5barn2.jpg 1280w\" sizes=\"(max-width: 900px) 100vw, 900px\" \/><\/a>\n\t\t\t<\/div>\n\t\t\t\t<figcaption class='wp-caption-text gallery-caption' id='gallery-1-357'>\n\t\t\t\tVere saman\n\t\t\t\t<\/figcaption><\/figure>\n\t\t<\/div>\n\n<p><span style=\"font-size: 12pt;\">Sj\u00f8lv om naturomr\u00e5de blir f\u00f8retrekt som leikestad, er ogs\u00e5 dei tilrettelagte leikeplassane viktige for f\u00f8rskulebarna. Barna har f\u00f8lgjande \u00f8nskjer knytt til leikeplassar\/tilrettelagte uteomr\u00e5de:<\/span><\/li>\n<li>Leikeapparata m\u00e5 vere i orden<\/li>\n<li>Leikeapparat som fleire kan bruke samtidig<\/li>\n<li>Sandkasse, reile, klatrestativ\/klatrel\u00f8ype\/bru, rutsjebane, hytte\u00a0og trampoline<\/li>\n<li>Tilrettelagt for rolleleik, t.d. &laquo;Sabeltann-skute&raquo;<\/li>\n<li>Gr\u00f8ne omr\u00e5de, plantar og tre<div id='gallery-2' class='gallery galleryid-40 gallery-columns-4 gallery-size-large'><figure class='gallery-item'>\n\t\t\t<div class='gallery-icon landscape'>\n\t\t\t\t<a href='https:\/\/sk-dokument.no\/innspelsrapport\/?attachment_id=360'><img loading=\"lazy\" decoding=\"async\" width=\"900\" height=\"675\" src=\"https:\/\/sk-dokument.no\/innspelsrapport\/wp-content\/uploads\/sites\/16\/2017\/10\/Sm\u00e5barn5-1024x768.jpg\" class=\"attachment-large size-large\" alt=\"\" srcset=\"https:\/\/sk-dokument.no\/innspelsrapport\/wp-content\/uploads\/sites\/16\/2017\/10\/Sm\u00e5barn5-1024x768.jpg 1024w, https:\/\/sk-dokument.no\/innspelsrapport\/wp-content\/uploads\/sites\/16\/2017\/10\/Sm\u00e5barn5-300x225.jpg 300w, https:\/\/sk-dokument.no\/innspelsrapport\/wp-content\/uploads\/sites\/16\/2017\/10\/Sm\u00e5barn5-768x576.jpg 768w, https:\/\/sk-dokument.no\/innspelsrapport\/wp-content\/uploads\/sites\/16\/2017\/10\/Sm\u00e5barn5-700x525.jpg 700w, https:\/\/sk-dokument.no\/innspelsrapport\/wp-content\/uploads\/sites\/16\/2017\/10\/Sm\u00e5barn5.jpg 1280w\" sizes=\"(max-width: 900px) 100vw, 900px\" \/><\/a>\n\t\t\t<\/div><\/figure><figure class='gallery-item'>\n\t\t\t<div class='gallery-icon landscape'>\n\t\t\t\t<a href='https:\/\/sk-dokument.no\/innspelsrapport\/?attachment_id=362'><img loading=\"lazy\" decoding=\"async\" width=\"900\" height=\"666\" src=\"https:\/\/sk-dokument.no\/innspelsrapport\/wp-content\/uploads\/sites\/16\/2017\/10\/Sm\u00e5barn7-1024x758.jpg\" class=\"attachment-large size-large\" alt=\"\" srcset=\"https:\/\/sk-dokument.no\/innspelsrapport\/wp-content\/uploads\/sites\/16\/2017\/10\/Sm\u00e5barn7-1024x758.jpg 1024w, https:\/\/sk-dokument.no\/innspelsrapport\/wp-content\/uploads\/sites\/16\/2017\/10\/Sm\u00e5barn7-300x222.jpg 300w, https:\/\/sk-dokument.no\/innspelsrapport\/wp-content\/uploads\/sites\/16\/2017\/10\/Sm\u00e5barn7-768x569.jpg 768w, https:\/\/sk-dokument.no\/innspelsrapport\/wp-content\/uploads\/sites\/16\/2017\/10\/Sm\u00e5barn7-700x518.jpg 700w, https:\/\/sk-dokument.no\/innspelsrapport\/wp-content\/uploads\/sites\/16\/2017\/10\/Sm\u00e5barn7.jpg 1280w\" sizes=\"(max-width: 900px) 100vw, 900px\" \/><\/a>\n\t\t\t<\/div><\/figure><figure class='gallery-item'>\n\t\t\t<div class='gallery-icon landscape'>\n\t\t\t\t<a href='https:\/\/sk-dokument.no\/innspelsrapport\/?attachment_id=367'><img loading=\"lazy\" decoding=\"async\" width=\"900\" height=\"644\" src=\"https:\/\/sk-dokument.no\/innspelsrapport\/wp-content\/uploads\/sites\/16\/2017\/10\/Nytt-1024x733.jpg\" class=\"attachment-large size-large\" alt=\"\" srcset=\"https:\/\/sk-dokument.no\/innspelsrapport\/wp-content\/uploads\/sites\/16\/2017\/10\/Nytt-1024x733.jpg 1024w, https:\/\/sk-dokument.no\/innspelsrapport\/wp-content\/uploads\/sites\/16\/2017\/10\/Nytt-300x215.jpg 300w, https:\/\/sk-dokument.no\/innspelsrapport\/wp-content\/uploads\/sites\/16\/2017\/10\/Nytt-768x550.jpg 768w, https:\/\/sk-dokument.no\/innspelsrapport\/wp-content\/uploads\/sites\/16\/2017\/10\/Nytt-700x501.jpg 700w, https:\/\/sk-dokument.no\/innspelsrapport\/wp-content\/uploads\/sites\/16\/2017\/10\/Nytt.jpg 1280w\" sizes=\"(max-width: 900px) 100vw, 900px\" \/><\/a>\n\t\t\t<\/div><\/figure><figure class='gallery-item'>\n\t\t\t<div class='gallery-icon landscape'>\n\t\t\t\t<a href='https:\/\/sk-dokument.no\/innspelsrapport\/?attachment_id=328'><img loading=\"lazy\" decoding=\"async\" width=\"640\" height=\"480\" src=\"https:\/\/sk-dokument.no\/innspelsrapport\/wp-content\/uploads\/sites\/16\/2017\/10\/Ny.jpg\" class=\"attachment-large size-large\" alt=\"\" srcset=\"https:\/\/sk-dokument.no\/innspelsrapport\/wp-content\/uploads\/sites\/16\/2017\/10\/Ny.jpg 640w, https:\/\/sk-dokument.no\/innspelsrapport\/wp-content\/uploads\/sites\/16\/2017\/10\/Ny-300x225.jpg 300w\" sizes=\"(max-width: 640px) 100vw, 640px\" \/><\/a>\n\t\t\t<\/div><\/figure>\n\t\t<\/div>\n<\/li>\n<\/ul>\n","protected":false},"excerpt":{"rendered":"<p>Sm\u00e5 barn treng trygge omr\u00e5de der dei\u00a0f\u00e5r bruke heile seg. I f\u00f8lgje\u00a0barn i barnehage\u00a0sine innspel er den ur\u00f8rte naturen med alle sine variasjonar det som samsvarar best med\u00a0deira behov. F\u00f8lgjande kvalitetar kjenneteiknar dei gode stadane: Ur\u00f8rt, levande natur der barn kan skape sine eigne \u00ableikerom\u00bb Mystisk, magisk, spanande. \u00abEi anna verd\u00bb Inneheld spanande naturelement (elv,<\/p>\n","protected":false},"author":20,"featured_media":0,"parent":30,"menu_order":6,"comment_status":"closed","ping_status":"closed","template":"","meta":{"footnotes":""},"jetpack_sharing_enabled":true,"_links":{"self":[{"href":"https:\/\/sk-dokument.no\/innspelsrapport\/index.php?rest_route=\/wp\/v2\/pages\/40"}],"collection":[{"href":"https:\/\/sk-dokument.no\/innspelsrapport\/index.php?rest_route=\/wp\/v2\/pages"}],"about":[{"href":"https:\/\/sk-dokument.no\/innspelsrapport\/index.php?rest_route=\/wp\/v2\/types\/page"}],"author":[{"embeddable":true,"href":"https:\/\/sk-dokument.no\/innspelsrapport\/index.php?rest_route=\/wp\/v2\/users\/20"}],"replies":[{"embeddable":true,"href":"https:\/\/sk-dokument.no\/innspelsrapport\/index.php?rest_route=%2Fwp%2Fv2%2Fcomments&post=40"}],"version-history":[{"count":11,"href":"https:\/\/sk-dokument.no\/innspelsrapport\/index.php?rest_route=\/wp\/v2\/pages\/40\/revisions"}],"predecessor-version":[{"id":388,"href":"https:\/\/sk-dokument.no\/innspelsrapport\/index.php?rest_route=\/wp\/v2\/pages\/40\/revisions\/388"}],"up":[{"embeddable":true,"href":"https:\/\/sk-dokument.no\/innspelsrapport\/index.php?rest_route=\/wp\/v2\/pages\/30"}],"wp:attachment":[{"href":"https:\/\/sk-dokument.no\/innspelsrapport\/index.php?rest_route=%2Fwp%2Fv2%2Fmedia&parent=40"}],"curies":[{"name":"wp","href":"https:\/\/api.w.org\/{rel}","templated":true}]}}