{"id":42,"date":"2017-10-13T10:12:09","date_gmt":"2017-10-13T08:12:09","guid":{"rendered":"http:\/\/sk-dokument.no\/innspelsrapport\/?page_id=42"},"modified":"2017-11-03T10:12:07","modified_gmt":"2017-11-03T09:12:07","slug":"kva-er-viktige-kvalitetar-i-naermiljoet-for-barn-i-barneskulealder","status":"publish","type":"page","link":"https:\/\/sk-dokument.no\/innspelsrapport\/?page_id=42","title":{"rendered":"7.7 Kva er viktige kvalitetar i n\u00e6rmilj\u00f8et for barn i barneskulealder"},"content":{"rendered":"<p>Barn mellom 6 og 12 \u00e5r er, til liks med dei yngre barna, opptatt av naturen og det den byr p\u00e5. Dei likar ogs\u00e5 tilrettelagte leikeomr\u00e5de, men \u00f8nskjer meir utfordringar enn dei tradisjonelle leikeapparata. \u00c5 ha vener i nabolaget er s\u00e6rskilt viktig for denne aldersgruppa.<img loading=\"lazy\" decoding=\"async\" width=\"225\" height=\"300\" class=\"alignright size-medium wp-image-355\" src=\"http:\/\/sk-dokument.no\/innspelsrapport\/wp-content\/uploads\/sites\/16\/2017\/10\/Barneskule-225x300.jpg\" alt=\"\" srcset=\"https:\/\/sk-dokument.no\/innspelsrapport\/wp-content\/uploads\/sites\/16\/2017\/10\/Barneskule-225x300.jpg 225w, https:\/\/sk-dokument.no\/innspelsrapport\/wp-content\/uploads\/sites\/16\/2017\/10\/Barneskule.jpg 768w, https:\/\/sk-dokument.no\/innspelsrapport\/wp-content\/uploads\/sites\/16\/2017\/10\/Barneskule-700x933.jpg 700w\" sizes=\"(max-width: 225px) 100vw, 225px\" \/><\/p>\n<ul style=\"list-style-type: square;\">\n<li><span style=\"font-family: georgia,palatino,serif; font-size: 12pt;\">Eigen bustad med hage<\/span><\/li>\n<li><span style=\"font-family: georgia,palatino,serif; font-size: 12pt;\">Dyr<\/span><\/li>\n<li><span style=\"font-family: georgia,palatino,serif; font-size: 12pt;\">Leikeplass med leikeapparat som gir utfordring (trampoline, klatring, st\u00f8rre reile, sklie)<\/span><\/li>\n<li><span style=\"font-family: georgia,palatino,serif; font-size: 12pt;\">Sandkasse<\/span><\/li>\n<li><span style=\"font-family: georgia,palatino,serif; font-size: 12pt;\">ballplass<\/span><\/li>\n<li><span style=\"font-family: georgia,palatino,serif; font-size: 12pt;\">Naboar, leikelag<\/span><\/li>\n<li><span style=\"font-family: georgia,palatino,serif; font-size: 12pt;\"><span style=\"font-family: georgia,palatino,serif; font-size: 12pt;\">Tre, skog, grasbakkar, ville b\u00e6r<\/span><\/span><div id='gallery-1' class='gallery galleryid-42 gallery-columns-4 gallery-size-large'><figure class='gallery-item'>\n\t\t\t<div class='gallery-icon landscape'>\n\t\t\t\t<a href='https:\/\/sk-dokument.no\/innspelsrapport\/?attachment_id=233'><img loading=\"lazy\" decoding=\"async\" width=\"900\" height=\"675\" src=\"https:\/\/sk-dokument.no\/innspelsrapport\/wp-content\/uploads\/sites\/16\/2017\/10\/1871-1024x768.jpg\" class=\"attachment-large size-large\" alt=\"\" srcset=\"https:\/\/sk-dokument.no\/innspelsrapport\/wp-content\/uploads\/sites\/16\/2017\/10\/1871-1024x768.jpg 1024w, https:\/\/sk-dokument.no\/innspelsrapport\/wp-content\/uploads\/sites\/16\/2017\/10\/1871-300x225.jpg 300w, https:\/\/sk-dokument.no\/innspelsrapport\/wp-content\/uploads\/sites\/16\/2017\/10\/1871-768x576.jpg 768w, https:\/\/sk-dokument.no\/innspelsrapport\/wp-content\/uploads\/sites\/16\/2017\/10\/1871-700x525.jpg 700w, https:\/\/sk-dokument.no\/innspelsrapport\/wp-content\/uploads\/sites\/16\/2017\/10\/1871.jpg 1440w\" sizes=\"(max-width: 900px) 100vw, 900px\" \/><\/a>\n\t\t\t<\/div><\/figure><figure class='gallery-item'>\n\t\t\t<div class='gallery-icon landscape'>\n\t\t\t\t<a href='https:\/\/sk-dokument.no\/innspelsrapport\/?attachment_id=212'><img loading=\"lazy\" decoding=\"async\" width=\"900\" height=\"676\" src=\"https:\/\/sk-dokument.no\/innspelsrapport\/wp-content\/uploads\/sites\/16\/2017\/10\/klatrepark-1024x769.jpg\" class=\"attachment-large size-large\" alt=\"\" srcset=\"https:\/\/sk-dokument.no\/innspelsrapport\/wp-content\/uploads\/sites\/16\/2017\/10\/klatrepark-1024x769.jpg 1024w, https:\/\/sk-dokument.no\/innspelsrapport\/wp-content\/uploads\/sites\/16\/2017\/10\/klatrepark-300x225.jpg 300w, https:\/\/sk-dokument.no\/innspelsrapport\/wp-content\/uploads\/sites\/16\/2017\/10\/klatrepark-768x577.jpg 768w, https:\/\/sk-dokument.no\/innspelsrapport\/wp-content\/uploads\/sites\/16\/2017\/10\/klatrepark-700x526.jpg 700w, https:\/\/sk-dokument.no\/innspelsrapport\/wp-content\/uploads\/sites\/16\/2017\/10\/klatrepark.jpg 1440w\" sizes=\"(max-width: 900px) 100vw, 900px\" \/><\/a>\n\t\t\t<\/div><\/figure><figure class='gallery-item'>\n\t\t\t<div class='gallery-icon landscape'>\n\t\t\t\t<a href='https:\/\/sk-dokument.no\/innspelsrapport\/?attachment_id=351'><img loading=\"lazy\" decoding=\"async\" width=\"900\" height=\"645\" src=\"https:\/\/sk-dokument.no\/innspelsrapport\/wp-content\/uploads\/sites\/16\/2017\/10\/Skule1-1024x734.jpg\" class=\"attachment-large size-large\" alt=\"\" srcset=\"https:\/\/sk-dokument.no\/innspelsrapport\/wp-content\/uploads\/sites\/16\/2017\/10\/Skule1-1024x734.jpg 1024w, https:\/\/sk-dokument.no\/innspelsrapport\/wp-content\/uploads\/sites\/16\/2017\/10\/Skule1-300x215.jpg 300w, https:\/\/sk-dokument.no\/innspelsrapport\/wp-content\/uploads\/sites\/16\/2017\/10\/Skule1-768x551.jpg 768w, https:\/\/sk-dokument.no\/innspelsrapport\/wp-content\/uploads\/sites\/16\/2017\/10\/Skule1-700x502.jpg 700w, https:\/\/sk-dokument.no\/innspelsrapport\/wp-content\/uploads\/sites\/16\/2017\/10\/Skule1.jpg 1280w\" sizes=\"(max-width: 900px) 100vw, 900px\" \/><\/a>\n\t\t\t<\/div><\/figure><figure class='gallery-item'>\n\t\t\t<div class='gallery-icon landscape'>\n\t\t\t\t<a href='https:\/\/sk-dokument.no\/innspelsrapport\/?attachment_id=370'><img loading=\"lazy\" decoding=\"async\" width=\"900\" height=\"638\" src=\"https:\/\/sk-dokument.no\/innspelsrapport\/wp-content\/uploads\/sites\/16\/2017\/10\/Skule2-1-1024x726.jpg\" class=\"attachment-large size-large\" alt=\"\" srcset=\"https:\/\/sk-dokument.no\/innspelsrapport\/wp-content\/uploads\/sites\/16\/2017\/10\/Skule2-1-1024x726.jpg 1024w, https:\/\/sk-dokument.no\/innspelsrapport\/wp-content\/uploads\/sites\/16\/2017\/10\/Skule2-1-300x213.jpg 300w, https:\/\/sk-dokument.no\/innspelsrapport\/wp-content\/uploads\/sites\/16\/2017\/10\/Skule2-1-768x545.jpg 768w, https:\/\/sk-dokument.no\/innspelsrapport\/wp-content\/uploads\/sites\/16\/2017\/10\/Skule2-1-700x497.jpg 700w, https:\/\/sk-dokument.no\/innspelsrapport\/wp-content\/uploads\/sites\/16\/2017\/10\/Skule2-1.jpg 1163w\" sizes=\"(max-width: 900px) 100vw, 900px\" \/><\/a>\n\t\t\t<\/div><\/figure>\n\t\t<\/div>\n<\/li>\n<\/ul>\n","protected":false},"excerpt":{"rendered":"<p>Barn mellom 6 og 12 \u00e5r er, til liks med dei yngre barna, opptatt av naturen og det den byr p\u00e5. Dei likar ogs\u00e5 tilrettelagte leikeomr\u00e5de, men \u00f8nskjer meir utfordringar enn dei tradisjonelle leikeapparata. \u00c5 ha vener i nabolaget er s\u00e6rskilt viktig for denne aldersgruppa. Eigen bustad med hage Dyr Leikeplass med leikeapparat som gir<\/p>\n","protected":false},"author":20,"featured_media":0,"parent":30,"menu_order":7,"comment_status":"closed","ping_status":"closed","template":"","meta":{"footnotes":""},"jetpack_sharing_enabled":true,"_links":{"self":[{"href":"https:\/\/sk-dokument.no\/innspelsrapport\/index.php?rest_route=\/wp\/v2\/pages\/42"}],"collection":[{"href":"https:\/\/sk-dokument.no\/innspelsrapport\/index.php?rest_route=\/wp\/v2\/pages"}],"about":[{"href":"https:\/\/sk-dokument.no\/innspelsrapport\/index.php?rest_route=\/wp\/v2\/types\/page"}],"author":[{"embeddable":true,"href":"https:\/\/sk-dokument.no\/innspelsrapport\/index.php?rest_route=\/wp\/v2\/users\/20"}],"replies":[{"embeddable":true,"href":"https:\/\/sk-dokument.no\/innspelsrapport\/index.php?rest_route=%2Fwp%2Fv2%2Fcomments&post=42"}],"version-history":[{"count":11,"href":"https:\/\/sk-dokument.no\/innspelsrapport\/index.php?rest_route=\/wp\/v2\/pages\/42\/revisions"}],"predecessor-version":[{"id":375,"href":"https:\/\/sk-dokument.no\/innspelsrapport\/index.php?rest_route=\/wp\/v2\/pages\/42\/revisions\/375"}],"up":[{"embeddable":true,"href":"https:\/\/sk-dokument.no\/innspelsrapport\/index.php?rest_route=\/wp\/v2\/pages\/30"}],"wp:attachment":[{"href":"https:\/\/sk-dokument.no\/innspelsrapport\/index.php?rest_route=%2Fwp%2Fv2%2Fmedia&parent=42"}],"curies":[{"name":"wp","href":"https:\/\/api.w.org\/{rel}","templated":true}]}}