{"id":46,"date":"2017-10-13T10:14:28","date_gmt":"2017-10-13T08:14:28","guid":{"rendered":"http:\/\/sk-dokument.no\/innspelsrapport\/?page_id=46"},"modified":"2017-10-13T15:06:42","modified_gmt":"2017-10-13T13:06:42","slug":"fremje-haldningar-om-inkludering-mangfald-og-sosialt-fellesskap","status":"publish","type":"page","link":"https:\/\/sk-dokument.no\/innspelsrapport\/?page_id=46","title":{"rendered":"7.8.1 Inkludering, mangfald og sosialt fellesskap"},"content":{"rendered":"<ul style=\"list-style-type: square;\">\n<li><span style=\"font-family: georgia,palatino,serif; font-size: 12pt;\">Skape inkluderande n\u00e6rmilj\u00f8 der alle er velkomne, ogs\u00e5 personar som slit med rus.<\/span><\/li>\n<li><span style=\"font-family: georgia,palatino,serif; font-size: 12pt;\">Skape idrettsarenaer som gir alle kjensle av \u00e5 delta i fellesskap uavhengig om ein er aktiv i aktivitetar<\/span><\/li>\n<li><span style=\"font-family: georgia,palatino,serif; font-size: 12pt;\">Haldningskampanjar for integrering i lag\/organisasjonar og n\u00e6rmilj\u00f8<\/span><\/li>\n<li><span style=\"font-family: georgia,palatino,serif; font-size: 12pt;\">Motivere til \u00e5 ta kontakt med innflyttarar og andre med lite nettverk<\/span><\/li>\n<li><span style=\"font-family: georgia,palatino,serif; font-size: 12pt;\">Samarbeid mellom skulane om felles m\u00f8teplassar\/bes\u00f8kje kvarandre for \u00e5 bli kjent og bygge nettverk p\u00e5 tvers<\/span><\/li>\n<li><span style=\"font-family: georgia,palatino,serif; font-size: 12pt;\">Motivere innbyggjarane til \u00e5 bruke dei lokale tilboda<\/span><\/li>\n<\/ul>\n","protected":false},"excerpt":{"rendered":"<p>Skape inkluderande n\u00e6rmilj\u00f8 der alle er velkomne, ogs\u00e5 personar som slit med rus. Skape idrettsarenaer som gir alle kjensle av \u00e5 delta i fellesskap uavhengig om ein er aktiv i aktivitetar Haldningskampanjar for integrering i lag\/organisasjonar og n\u00e6rmilj\u00f8 Motivere til \u00e5 ta kontakt med innflyttarar og andre med lite nettverk Samarbeid mellom skulane om felles<\/p>\n","protected":false},"author":20,"featured_media":0,"parent":44,"menu_order":1,"comment_status":"closed","ping_status":"closed","template":"","meta":{"footnotes":""},"jetpack_sharing_enabled":true,"_links":{"self":[{"href":"https:\/\/sk-dokument.no\/innspelsrapport\/index.php?rest_route=\/wp\/v2\/pages\/46"}],"collection":[{"href":"https:\/\/sk-dokument.no\/innspelsrapport\/index.php?rest_route=\/wp\/v2\/pages"}],"about":[{"href":"https:\/\/sk-dokument.no\/innspelsrapport\/index.php?rest_route=\/wp\/v2\/types\/page"}],"author":[{"embeddable":true,"href":"https:\/\/sk-dokument.no\/innspelsrapport\/index.php?rest_route=\/wp\/v2\/users\/20"}],"replies":[{"embeddable":true,"href":"https:\/\/sk-dokument.no\/innspelsrapport\/index.php?rest_route=%2Fwp%2Fv2%2Fcomments&post=46"}],"version-history":[{"count":4,"href":"https:\/\/sk-dokument.no\/innspelsrapport\/index.php?rest_route=\/wp\/v2\/pages\/46\/revisions"}],"predecessor-version":[{"id":141,"href":"https:\/\/sk-dokument.no\/innspelsrapport\/index.php?rest_route=\/wp\/v2\/pages\/46\/revisions\/141"}],"up":[{"embeddable":true,"href":"https:\/\/sk-dokument.no\/innspelsrapport\/index.php?rest_route=\/wp\/v2\/pages\/44"}],"wp:attachment":[{"href":"https:\/\/sk-dokument.no\/innspelsrapport\/index.php?rest_route=%2Fwp%2Fv2%2Fmedia&parent=46"}],"curies":[{"name":"wp","href":"https:\/\/api.w.org\/{rel}","templated":true}]}}