{"id":50,"date":"2017-10-13T10:19:59","date_gmt":"2017-10-13T08:19:59","guid":{"rendered":"http:\/\/sk-dokument.no\/innspelsrapport\/?page_id=50"},"modified":"2017-11-02T10:43:15","modified_gmt":"2017-11-02T09:43:15","slug":"fysiske-miljo-som-fremjar-aktivitet","status":"publish","type":"page","link":"https:\/\/sk-dokument.no\/innspelsrapport\/?page_id=50","title":{"rendered":"7.8.3 Fysiske milj\u00f8 som fremjar aktivitet"},"content":{"rendered":"<p dir=\"LTR\" align=\"LEFT\"><span style=\"font-size: 14pt;\">GENERELLE TILTAK<\/span><\/p>\n<ul style=\"list-style-type: square;\">\n<li>Tilgjengeleg informasjon, marknadsf\u00f8ring av aktivitetar<\/li>\n<li>Lys og universell utforming i alle fellesomr\u00e5de<\/li>\n<li>Toalett ved aktivitetsomr\u00e5de<\/li>\n<li>Trygge gang- og sykkelvegar fr\u00e5 bustadfelta til fritidsaktivitetar<\/li>\n<li>God parkeringstilh\u00f8ve ved idrett- og aktivitetsomr\u00e5de<\/li>\n<li>Etablere utand\u00f8rs aktivitetomr\u00e5de: klatrepark, leikepark, trampolinepark, Tufte-park (utand\u00f8rs styrketrening)<\/li>\n<li>Vidareutvikle idrettsanlegg, n\u00e6rmilj\u00f8anlegg og uteomr\u00e5de ved skulane. Leggje til rette for cross-sykkel, rullesk\u00f8yter, agility, riding, volleyball, innebandy, baskeball, rugby, petanque (hall), skateboard, fotball (hall)<\/li>\n<li>Fleire lysl\u00f8yper<\/li>\n<li>Inngjerda omr\u00e5de for hundar (hundepark)<\/li>\n<li>Gocart-bane<\/li>\n<li>Badeland<\/li>\n<li>Plass for opptak av sm\u00e5b\u00e5tar (rampe til sj\u00f8en)<\/li>\n<\/ul>\n<p dir=\"LTR\" align=\"LEFT\"><span style=\"font-size: 14pt;\">SPESIFIKKE TILTAK\u00a0I KVAR BYDEL<\/span><\/p>\n<p dir=\"LTR\" align=\"LEFT\"><span style=\"text-decoration: underline;\">Nordbygdo<\/span><\/p>\n<ul style=\"list-style-type: square;\">\n<li>Leikeplass\/n\u00e6rmilj\u00f8anlegg i Hystad-omr\u00e5de<\/li>\n<li>M\u00f8teplassar med leikeaktivitetar og gapahuk\/grillhytte i Prestegardsskogen<\/li>\n<li>Etablere natur-leikeplass ved Hystadmarkjo<\/li>\n<li>Vidareutvikla aktivitetsomr\u00e5de i Kviteluren<\/li>\n<li>Benkar med god sitjeh\u00f8gd i helsesportl\u00f8ypa<\/li>\n<li>Trygg gang\/sykkelveg til Hystad skule<\/li>\n<li>Montere lys i turvegen mellom Fjellgardsvegen og Tyse<\/li>\n<li>Ny fotballbane ved Hystad skule<\/li>\n<li>Utvikle aktivitetsomr\u00e5de ved Nordbygdo ungdomsskule, m.a. utvida skatepark<\/li>\n<li>Oppgradere idrettsanlegget i Prestegardsskogen med permanent 3-ar bane, kunstgras p\u00e5 11-banen, utand\u00f8rs volleyballbane og utstyr-\/reiskapshus<\/li>\n<\/ul>\n<p dir=\"LTR\" align=\"LEFT\"><span style=\"text-decoration: underline;\">Sentrum<\/span><\/p>\n<ul style=\"list-style-type: square;\">\n<li>Rehabilitere leikeplass i Kringsj\u00e5<\/li>\n<li>Gapahuk ved \u00c5dlandsvatnet<\/li>\n<li>Klatrepark i Land\u00e5sen eller ved \u00c5dlandsvatnet<\/li>\n<li>Gang\/sykkelveg mellom Sagneset og Leirvik<\/li>\n<li>Gatelys Sagneset \u2013 \u00c5dland<\/li>\n<li>Fortau langs Sponavikvegen til Alm\u00e5s hotell<\/li>\n<li>Opparbeide m\u00f8teplass ved Vikastemmo<\/li>\n<li>Utvide aktivitetstilbodet p\u00e5 Vikahaugane \u2013 aktivitetar for alle aldersgrupper<\/li>\n<li>Tak over sk\u00f8ytebanen<\/li>\n<li>Bruer ut til og mellom \u00f8yane utanfor Leirvik<\/li>\n<\/ul>\n<figure id=\"attachment_313\" aria-describedby=\"caption-attachment-313\" style=\"width: 720px\" class=\"wp-caption alignnone\"><img loading=\"lazy\" decoding=\"async\" class=\"wp-image-313 size-full\" src=\"http:\/\/sk-dokument.no\/innspelsrapport\/wp-content\/uploads\/sites\/16\/2017\/10\/leirvik-skule-ppt-slide2.jpg\" alt=\"\" width=\"720\" height=\"405\" srcset=\"https:\/\/sk-dokument.no\/innspelsrapport\/wp-content\/uploads\/sites\/16\/2017\/10\/leirvik-skule-ppt-slide2.jpg 720w, https:\/\/sk-dokument.no\/innspelsrapport\/wp-content\/uploads\/sites\/16\/2017\/10\/leirvik-skule-ppt-slide2-300x169.jpg 300w, https:\/\/sk-dokument.no\/innspelsrapport\/wp-content\/uploads\/sites\/16\/2017\/10\/leirvik-skule-ppt-slide2-700x394.jpg 700w\" sizes=\"(max-width: 720px) 100vw, 720px\" \/><figcaption id=\"caption-attachment-313\" class=\"wp-caption-text\">Powerpoint fr\u00e5 elevar p\u00e5 Leirvik Skule<\/figcaption><\/figure>\n<div class=\"push-mb\"><\/div>\n<p dir=\"LTR\" align=\"LEFT\"><span style=\"text-decoration: underline;\">Heiane\/K\u00e5revik<\/span><\/p>\n<ul style=\"list-style-type: square;\">\n<li>Behalde skogsomr\u00e5de ved Langeland skule<\/li>\n<li>St\u00f8rre uteomr\u00e5de ved Langeland skule<\/li>\n<li>Behalde snarveg ved Rabbafossen<\/li>\n<li>Utvikle leikeplassen ved Meatj\u00f8rn: Meir planter\/tre, leikeapparat for st\u00f8rre barn<\/li>\n<li>Leggje til rette for barnefamiliar p\u00e5 Heiane<\/li>\n<li>Etablere natur-leikeplass ved Olderdalen barnehage<\/li>\n<li>Rehabilitere leikeplassar i K\u00e5revik.<\/li>\n<\/ul>\n<p dir=\"LTR\" align=\"LEFT\"><span style=\"text-decoration: underline;\">Sagv\u00e5g\/Litlab\u00f8<\/span><\/p>\n<ul style=\"list-style-type: square;\">\n<li>Leikeplass\/N\u00e6rmilj\u00f8anlegg for Vikanes og Jensanes<\/li>\n<li>Leikeplass i sentrum<\/li>\n<li>Opprusting av friomr\u00e5de p\u00e5 Flatholmen\/ferjekaien, opparbeide park\/friluftsomr\u00e5de<\/li>\n<li>Opprusting av friomr\u00e5de p\u00e5 Fletaneset<\/li>\n<li>Park ved omsorgsbustadane i Buneset<\/li>\n<li>Tilrettelagt gjestekai i sentrum<\/li>\n<li>Tilrettelagt m\u00f8teplass\/badeplass ved sj\u00f8en i sentrum<\/li>\n<li>Opprusting av gr\u00f8ntanlegget p\u00e5 Litlab\u00f8, m.a. med leikeplass\/aktivitetar for barn<\/li>\n<li>Skatepark i sentrum ved Rimi-bygget<\/li>\n<li>Fleirbrukshall<\/li>\n<li>Utvida offentleg tilbod i symjebassenget<\/li>\n<\/ul>\n<p>&nbsp;<\/p>\n","protected":false},"excerpt":{"rendered":"<p>GENERELLE TILTAK Tilgjengeleg informasjon, marknadsf\u00f8ring av aktivitetar Lys og universell utforming i alle fellesomr\u00e5de Toalett ved aktivitetsomr\u00e5de Trygge gang- og sykkelvegar fr\u00e5 bustadfelta til fritidsaktivitetar God parkeringstilh\u00f8ve ved idrett- og aktivitetsomr\u00e5de Etablere utand\u00f8rs aktivitetomr\u00e5de: klatrepark, leikepark, trampolinepark, Tufte-park (utand\u00f8rs styrketrening) Vidareutvikle idrettsanlegg, n\u00e6rmilj\u00f8anlegg og uteomr\u00e5de ved skulane. Leggje til rette for cross-sykkel, rullesk\u00f8yter, agility, riding,<\/p>\n","protected":false},"author":20,"featured_media":0,"parent":44,"menu_order":3,"comment_status":"closed","ping_status":"closed","template":"","meta":{"footnotes":""},"jetpack_sharing_enabled":true,"_links":{"self":[{"href":"https:\/\/sk-dokument.no\/innspelsrapport\/index.php?rest_route=\/wp\/v2\/pages\/50"}],"collection":[{"href":"https:\/\/sk-dokument.no\/innspelsrapport\/index.php?rest_route=\/wp\/v2\/pages"}],"about":[{"href":"https:\/\/sk-dokument.no\/innspelsrapport\/index.php?rest_route=\/wp\/v2\/types\/page"}],"author":[{"embeddable":true,"href":"https:\/\/sk-dokument.no\/innspelsrapport\/index.php?rest_route=\/wp\/v2\/users\/20"}],"replies":[{"embeddable":true,"href":"https:\/\/sk-dokument.no\/innspelsrapport\/index.php?rest_route=%2Fwp%2Fv2%2Fcomments&post=50"}],"version-history":[{"count":10,"href":"https:\/\/sk-dokument.no\/innspelsrapport\/index.php?rest_route=\/wp\/v2\/pages\/50\/revisions"}],"predecessor-version":[{"id":317,"href":"https:\/\/sk-dokument.no\/innspelsrapport\/index.php?rest_route=\/wp\/v2\/pages\/50\/revisions\/317"}],"up":[{"embeddable":true,"href":"https:\/\/sk-dokument.no\/innspelsrapport\/index.php?rest_route=\/wp\/v2\/pages\/44"}],"wp:attachment":[{"href":"https:\/\/sk-dokument.no\/innspelsrapport\/index.php?rest_route=%2Fwp%2Fv2%2Fmedia&parent=50"}],"curies":[{"name":"wp","href":"https:\/\/api.w.org\/{rel}","templated":true}]}}