{"id":52,"date":"2017-10-13T10:21:06","date_gmt":"2017-10-13T08:21:06","guid":{"rendered":"http:\/\/sk-dokument.no\/innspelsrapport\/?page_id=52"},"modified":"2017-11-02T14:34:45","modified_gmt":"2017-11-02T13:34:45","slug":"friluftsliv","status":"publish","type":"page","link":"https:\/\/sk-dokument.no\/innspelsrapport\/?page_id=52","title":{"rendered":"7.8.4 Friluftsliv"},"content":{"rendered":"<figure id=\"attachment_339\" aria-describedby=\"caption-attachment-339\" style=\"width: 700px\" class=\"wp-caption alignright\"><img loading=\"lazy\" decoding=\"async\" class=\"wp-image-339 size-large-text\" src=\"http:\/\/sk-dokument.no\/innspelsrapport\/wp-content\/uploads\/sites\/16\/2017\/10\/Turveg-\u00c5dlandsvatnet-700x394.jpg\" alt=\"\" width=\"700\" height=\"394\" srcset=\"https:\/\/sk-dokument.no\/innspelsrapport\/wp-content\/uploads\/sites\/16\/2017\/10\/Turveg-\u00c5dlandsvatnet-700x394.jpg 700w, https:\/\/sk-dokument.no\/innspelsrapport\/wp-content\/uploads\/sites\/16\/2017\/10\/Turveg-\u00c5dlandsvatnet-300x169.jpg 300w, https:\/\/sk-dokument.no\/innspelsrapport\/wp-content\/uploads\/sites\/16\/2017\/10\/Turveg-\u00c5dlandsvatnet-768x432.jpg 768w, https:\/\/sk-dokument.no\/innspelsrapport\/wp-content\/uploads\/sites\/16\/2017\/10\/Turveg-\u00c5dlandsvatnet-1024x576.jpg 1024w, https:\/\/sk-dokument.no\/innspelsrapport\/wp-content\/uploads\/sites\/16\/2017\/10\/Turveg-\u00c5dlandsvatnet.jpg 1280w\" sizes=\"(max-width: 700px) 100vw, 700px\" \/><figcaption id=\"caption-attachment-339\" class=\"wp-caption-text\">Turvegen ved \u00c5dlandsvatnet<\/figcaption><\/figure>\n<p dir=\"LTR\" align=\"LEFT\"><span style=\"font-size: 14pt;\">GENERELLE TILTAK<\/span><\/p>\n<ul style=\"list-style-type: square;\">\n<li>Ta vare p\u00e5 naturen. Unng\u00e5 nedbygging av bustadn\u00e6re friomr\u00e5de<\/li>\n<li>Alle barnehagar f\u00e5r tilgang p\u00e5 naturomr\u00e5de i n\u00e6rleiken som dei kan nytte fritt<\/li>\n<li>Opparbeide fleire tilrettelagte turvegar, s\u00e6rleg ut i fr\u00e5 bustadomr\u00e5de. Turvegar med lys n\u00e6r bustadomr\u00e5da.<\/li>\n<li>Opparbeide fleire stiar ut fr\u00e5 skogsvegane\/turvegane. Ha turstiar med ulik vanskegrad.<\/li>\n<li>Fleire gapahukar\/lavoar i turomr\u00e5da<\/li>\n<li>Lett tilgjengeleg kart\/brosjyre over turl\u00f8yper. Merking med lengd\/vanskegrad og parkering<\/li>\n<li>Jamleg vedlikehald av turomr\u00e5de\/turvegar. Boss-spann i turl\u00f8ypene<\/li>\n<li>Tilgjengeleg og vedlikehalde toalett ved friluftsomr\u00e5da<\/li>\n<li>Byggje ut og oppgradere gang- og sykkelvegnettet<\/li>\n<li>Oppgradere dei offentlege badestrendene.<\/li>\n<li>Organisere jamnleg strandrydding<\/li>\n<li>Etablere og ta vare p\u00e5 omr\u00e5de for skileik\/aking<\/li>\n<li>Utvide Storatraven turorientering<\/li>\n<li>Utvikle utsiktspunkt \u2013 fjelltoppar. Engasjere lokale arkitektar<\/li>\n<li>Fleire gr\u00f8ne lunger \/parkar i tettbygde omr\u00e5de<\/li>\n<li>Bandtvang \u00e5ret rundt<\/li>\n<li>Stolheis til Stovegolvet<\/li>\n<\/ul>\n<p dir=\"LTR\" align=\"LEFT\"><span style=\"font-size: 14pt;\">SPESIFIKKE TILTAK I KVAR BYDEL<\/span><\/p>\n<p dir=\"LTR\" align=\"LEFT\"><span style=\"text-decoration: underline;\">Nordbygdo<\/span><\/p>\n<ul style=\"list-style-type: square;\">\n<li>Trygg kryssing av E39 ved Tyse<\/li>\n<li>Turveg mellom Hystadmarka og Rommetveit<\/li>\n<li>Betre parkering p\u00e5 Heio, betre veg til fjells<\/li>\n<li>Lysl\u00f8ype p\u00e5 Fjellet<\/li>\n<li>Lys i Hystadmarkjo<\/li>\n<li>Parkeringsplass ved Boravik<\/li>\n<li>Info-skilt ved sti til Varhaugshola i Hystadmarkjo<\/li>\n<li>S\u00f8ppelspann ved Lundarst\u00f8l<\/li>\n<\/ul>\n<p dir=\"LTR\" align=\"LEFT\"><span style=\"text-decoration: underline;\">Sentrum<\/span><\/p>\n<ul style=\"list-style-type: square;\">\n<li>Tilrettelegge Sponavikjo for eldre<\/li>\n<li>Turveg m\/lys rundt heile \u00c5dlandsvatnet<\/li>\n<li>Oppgradere tursti fr\u00e5 Kr\u00e6kjen til \u00c5dlandsvatnet<\/li>\n<li>Fleire parkeringsplassar ved \u00c5dlandsvatnet<\/li>\n<li>Friluftsplass ved \u00c5dlandsvatnet der barn\/familiar kan l\u00e6re friluftsliv<\/li>\n<li>Behalde turvegane i Land\u00e5sen<\/li>\n<li>Turveg mellom land\u00e5sen og \u00c5dlandsvatnet<\/li>\n<li>Samanhengande tursti K\u00e5revik \u2013Hystad<\/li>\n<li>Betre sikring ved holene i Gullberg<\/li>\n<\/ul>\n<p dir=\"LTR\" align=\"LEFT\"><span style=\"text-decoration: underline;\">Heiane\/K\u00e5revik<\/span><\/p>\n<ul style=\"list-style-type: square;\">\n<li>Rydding\/vedlikehald Dagfinnsvikjo<\/li>\n<li>Aktivitetsplass i Valev\u00e5gen. Tennis, klatring.<\/li>\n<li>Lys i Skjep\u00e5sen<\/li>\n<\/ul>\n<p dir=\"LTR\" align=\"LEFT\"><span style=\"text-decoration: underline;\">Sagv\u00e5g\/Litlab\u00f8<\/span><\/p>\n<ul style=\"list-style-type: square;\">\n<li>Rydde skogen i Rossneset<\/li>\n<li>Turveg rundt Storavatnet<\/li>\n<li>Turveg\/kyststi Sagv\u00e5g \u2013 Jensanes<\/li>\n<li>Opparbeide badeplass ved utl\u00f8pet av elva<\/li>\n<li>Vedlikehald\/oppgradering av friluftsomr\u00e5de Fletaneset, S\u00e6trevik, Litlab\u00f8<\/li>\n<\/ul>\n<p>&nbsp;<\/p>\n","protected":false},"excerpt":{"rendered":"<p>GENERELLE TILTAK Ta vare p\u00e5 naturen. Unng\u00e5 nedbygging av bustadn\u00e6re friomr\u00e5de Alle barnehagar f\u00e5r tilgang p\u00e5 naturomr\u00e5de i n\u00e6rleiken som dei kan nytte fritt Opparbeide fleire tilrettelagte turvegar, s\u00e6rleg ut i fr\u00e5 bustadomr\u00e5de. Turvegar med lys n\u00e6r bustadomr\u00e5da. Opparbeide fleire stiar ut fr\u00e5 skogsvegane\/turvegane. Ha turstiar med ulik vanskegrad. Fleire gapahukar\/lavoar i turomr\u00e5da Lett tilgjengeleg<\/p>\n","protected":false},"author":20,"featured_media":0,"parent":44,"menu_order":4,"comment_status":"closed","ping_status":"closed","template":"","meta":{"footnotes":""},"jetpack_sharing_enabled":true,"_links":{"self":[{"href":"https:\/\/sk-dokument.no\/innspelsrapport\/index.php?rest_route=\/wp\/v2\/pages\/52"}],"collection":[{"href":"https:\/\/sk-dokument.no\/innspelsrapport\/index.php?rest_route=\/wp\/v2\/pages"}],"about":[{"href":"https:\/\/sk-dokument.no\/innspelsrapport\/index.php?rest_route=\/wp\/v2\/types\/page"}],"author":[{"embeddable":true,"href":"https:\/\/sk-dokument.no\/innspelsrapport\/index.php?rest_route=\/wp\/v2\/users\/20"}],"replies":[{"embeddable":true,"href":"https:\/\/sk-dokument.no\/innspelsrapport\/index.php?rest_route=%2Fwp%2Fv2%2Fcomments&post=52"}],"version-history":[{"count":8,"href":"https:\/\/sk-dokument.no\/innspelsrapport\/index.php?rest_route=\/wp\/v2\/pages\/52\/revisions"}],"predecessor-version":[{"id":341,"href":"https:\/\/sk-dokument.no\/innspelsrapport\/index.php?rest_route=\/wp\/v2\/pages\/52\/revisions\/341"}],"up":[{"embeddable":true,"href":"https:\/\/sk-dokument.no\/innspelsrapport\/index.php?rest_route=\/wp\/v2\/pages\/44"}],"wp:attachment":[{"href":"https:\/\/sk-dokument.no\/innspelsrapport\/index.php?rest_route=%2Fwp%2Fv2%2Fmedia&parent=52"}],"curies":[{"name":"wp","href":"https:\/\/api.w.org\/{rel}","templated":true}]}}