{"id":58,"date":"2017-10-13T10:23:32","date_gmt":"2017-10-13T08:23:32","guid":{"rendered":"http:\/\/sk-dokument.no\/innspelsrapport\/?page_id=58"},"modified":"2017-10-13T15:07:10","modified_gmt":"2017-10-13T13:07:10","slug":"planlegging-organisering-og-medverknad","status":"publish","type":"page","link":"https:\/\/sk-dokument.no\/innspelsrapport\/?page_id=58","title":{"rendered":"7.8.7 Planlegging, organisering og medverknad"},"content":{"rendered":"<ul style=\"list-style-type: square;\">\n<li><span style=\"font-family: georgia,palatino,serif; font-size: medium;\">Halde fast ved vektekne planar for utvikling<\/span><\/li>\n<li><span style=\"font-family: georgia,palatino,serif; font-size: medium;\">Ta omsyn til estetikk \/lokal byggeskikk ved nybygg og byutvikling. Etablere r\u00e5dgjevande utval<\/span><\/li>\n<li><span style=\"font-family: georgia,palatino,serif; font-size: medium;\">Unng\u00e5 sentralisering. Styrke tilboda i bydelane<\/span><\/li>\n<li><span style=\"font-family: georgia,palatino,serif; font-size: medium;\">Leggje til rette for lokale arbeidsplassar<\/span><\/li>\n<li><span style=\"font-family: georgia,palatino,serif; font-size: medium;\">Prioritere tiltak for barn og unge, skular<\/span><\/li>\n<li><span style=\"font-family: georgia,palatino,serif; font-size: medium;\">Byggje skular der folk bur<\/span><\/li>\n<li><span style=\"font-family: georgia,palatino,serif; font-size: medium;\">Forkaste planar om nytt ferjest\u00f8<\/span><\/li>\n<li><span style=\"font-family: georgia,palatino,serif; font-size: medium;\">Forkaste Stordpakken<\/span><\/li>\n<li><span style=\"font-family: georgia,palatino,serif; font-size: medium;\">Leggje til rette for medverknad i plan- og utviklingsarbeid<\/span><\/li>\n<li><span style=\"font-family: georgia,palatino,serif;\">Etablere lokale grendalag \/bydelsutval som kan delta i utviklingsarbeid<\/span><\/li>\n<li><span style=\"font-family: georgia,palatino,serif;\">Etablere id\u00e9bank for innbyggjarane sine framlegg til parkering, vegalternativ m.m.<\/span><\/li>\n<li><span style=\"font-family: georgia,palatino,serif;\">Mogelegheitsstudie av sentrum saman med g\u00e5rdeigarane<\/span><\/li>\n<li><span style=\"font-family: georgia,palatino,serif;\">Etablere ungdomsutval i frivillige organisasjonar<\/span><\/li>\n<li><span style=\"font-family: georgia,palatino,serif;\">Forslagskasse p\u00e5 nettsida til kommunen<\/span><\/li>\n<li><span style=\"font-family: georgia,palatino,serif;\">Meir systematisk samarbeid med flyktningemottaka<\/span><\/li>\n<li><span style=\"font-family: georgia,palatino,serif; font-size: medium;\">Meir samarbeid med nabokommunar<\/span><\/li>\n<li><span style=\"font-family: georgia,palatino,serif; font-size: medium;\">Samarbeid med H\u00f8gskulen om gr\u00fcnderskap<\/span><\/li>\n<li><span style=\"font-family: georgia,palatino,serif; font-size: medium;\">Felles m\u00f8teplass\/lokale for gr\u00fcnderar<\/span><\/li>\n<li><span style=\"font-family: georgia,palatino,serif; font-size: medium;\">Meir systematisk samarbeid med frivillige. F\u00e5 p\u00e5 plass ordningar som koordinerer, legg til rette og st\u00f8tter opp om frivillige organisasjonar og deira aktivitetar\/arrangement<\/span><\/li>\n<li><span style=\"font-family: georgia,palatino,serif; font-size: medium;\">Styrke skulen si rolle som formidlar av lokal kunnskap og lokal identitet<\/span><\/li>\n<li><span style=\"font-family: georgia,palatino,serif; font-size: medium;\">Utvikle kulturminna som turistm\u00e5l<\/span><\/li>\n<\/ul>\n","protected":false},"excerpt":{"rendered":"<p>Halde fast ved vektekne planar for utvikling Ta omsyn til estetikk \/lokal byggeskikk ved nybygg og byutvikling. Etablere r\u00e5dgjevande utval Unng\u00e5 sentralisering. Styrke tilboda i bydelane Leggje til rette for lokale arbeidsplassar Prioritere tiltak for barn og unge, skular Byggje skular der folk bur Forkaste planar om nytt ferjest\u00f8 Forkaste Stordpakken Leggje til rette for<\/p>\n","protected":false},"author":20,"featured_media":0,"parent":44,"menu_order":7,"comment_status":"closed","ping_status":"closed","template":"","meta":{"footnotes":""},"jetpack_sharing_enabled":true,"_links":{"self":[{"href":"https:\/\/sk-dokument.no\/innspelsrapport\/index.php?rest_route=\/wp\/v2\/pages\/58"}],"collection":[{"href":"https:\/\/sk-dokument.no\/innspelsrapport\/index.php?rest_route=\/wp\/v2\/pages"}],"about":[{"href":"https:\/\/sk-dokument.no\/innspelsrapport\/index.php?rest_route=\/wp\/v2\/types\/page"}],"author":[{"embeddable":true,"href":"https:\/\/sk-dokument.no\/innspelsrapport\/index.php?rest_route=\/wp\/v2\/users\/20"}],"replies":[{"embeddable":true,"href":"https:\/\/sk-dokument.no\/innspelsrapport\/index.php?rest_route=%2Fwp%2Fv2%2Fcomments&post=58"}],"version-history":[{"count":4,"href":"https:\/\/sk-dokument.no\/innspelsrapport\/index.php?rest_route=\/wp\/v2\/pages\/58\/revisions"}],"predecessor-version":[{"id":126,"href":"https:\/\/sk-dokument.no\/innspelsrapport\/index.php?rest_route=\/wp\/v2\/pages\/58\/revisions\/126"}],"up":[{"embeddable":true,"href":"https:\/\/sk-dokument.no\/innspelsrapport\/index.php?rest_route=\/wp\/v2\/pages\/44"}],"wp:attachment":[{"href":"https:\/\/sk-dokument.no\/innspelsrapport\/index.php?rest_route=%2Fwp%2Fv2%2Fmedia&parent=58"}],"curies":[{"name":"wp","href":"https:\/\/api.w.org\/{rel}","templated":true}]}}