{"id":60,"date":"2017-10-13T10:24:32","date_gmt":"2017-10-13T08:24:32","guid":{"rendered":"http:\/\/sk-dokument.no\/innspelsrapport\/?page_id=60"},"modified":"2017-11-03T12:34:55","modified_gmt":"2017-11-03T11:34:55","slug":"leirvik-sentrum","status":"publish","type":"page","link":"https:\/\/sk-dokument.no\/innspelsrapport\/?page_id=60","title":{"rendered":"7.8.8 Leirvik sentrum"},"content":{"rendered":"<p dir=\"LTR\" align=\"LEFT\"><span style=\"font-size: 14pt;\">GENERELLE FYSISKE TILTAK<\/span><\/p>\n<ul style=\"list-style-type: square;\">\n<li>M\u00f8teplassar med tak over<\/li>\n<li>Fleire benker med god sitjeh\u00f8gd og ryggst\u00f8. Ogs\u00e5 p\u00e5 veg til sentrum<\/li>\n<li>Fleire omr\u00e5de tilrettelagt for barn (leikeplass, aktivitetar, gr\u00f8ntareal)<\/li>\n<li>Fleire byrom med lys og luft<\/li>\n<li>Leggje vekt p\u00e5 estetikk: Kunst, gr\u00f8ne planter, byggjeskikk.<\/li>\n<li>Opplyst sentrum om vinteren<\/li>\n<li>Betre tilgjenge for funksjonshemma<\/li>\n<li>Eigedomar langs sj\u00f8en\u00a0skal vere i\u00a0kommunal eige<\/li>\n<li>Skape ei levande hamn med plass til b\u00e5tar som kjem og drar<\/li>\n<li>Byggje ut kai for st\u00f8rre skip<\/li>\n<li>Betre tilrettelagt for syklistar gjennom sentrum<\/li>\n<li>Betre trafikktryggleik for mjuke trafikantar, t.d. lysregulering<\/li>\n<li>S\u00f8rgje for enkel og god tilkomst for bilistar<\/li>\n<li>Fleire parkeringsplassar<\/li>\n<li>Serveringsstadar med gode uteareal og sj\u00f8utsikt<\/li>\n<li>Off. toalett<\/li>\n<li>Unng\u00e5 fleire h\u00f8ghus i sentrum<\/li>\n<\/ul>\n<p dir=\"LTR\" align=\"LEFT\"><span style=\"font-size: 14pt;\">SPESIFIKKE FYSISKE TILTAK<\/span><\/p>\n<ul style=\"list-style-type: square;\">\n<li>Innbydande sitjegrupper p\u00e5 torget og i Borggarden<\/li>\n<li>Etablere leikeplass ved torget\/Borggarden<\/li>\n<li>Faste salsboder p\u00e5 torget<\/li>\n<li>Bevare torget som ein open marknadsplass<\/li>\n<li>Flytte revy-teltet vekk fr\u00e5 Torget<\/li>\n<li>Tak over Borggata<\/li>\n<li>Utvikle m\u00f8teplassen ved Esso<\/li>\n<li>Etablere m\u00f8teplass\/torg i kai-omr\u00e5de<\/li>\n<li>Opparbeide park i Evjo<\/li>\n<li>Usemje om \u00e5 behalde bussterminalen p\u00e5 kaien<\/li>\n<li>Elektroniske informasjonstavler ved bussterminalen<\/li>\n<li>Benker\/sitjegrupper ved Kulturhuset<\/li>\n<li>Gangveg til Kunnskapshuset i S\u00e6<\/li>\n<li>Underjordisk parkeringshall<\/li>\n<li>Strandpromenade Hamnegata \u2013 kyrkja<\/li>\n<li>Utvikle milj\u00f8et rundt Stordd\u00f8ra<\/li>\n<li>Bevare vegstrukturen i Osen<\/li>\n<\/ul>\n<p dir=\"LTR\" align=\"LEFT\"><span style=\"font-size: 14pt;\">AKTIVITETAR OG TILBOD<\/span><\/p>\n<ul style=\"list-style-type: square;\">\n<li>Felles aktivitetshus\/senter for ulike grupper<\/li>\n<li>Rusfri m\u00f8teplass for ungdom i trygge rammer<\/li>\n<li>Eldresenter m\/matservering<\/li>\n<li>Kafe med norsk middag<\/li>\n<li>Kaf\u00e9\/Kiosk som sel rimeleg drikke ved torget<\/li>\n<li>Rimeleg hurtigmat som <i>Subway<\/i><\/li>\n<li>Leggje mykje bes\u00f8kte tilbod til Borggata, t.d. vinmonopolet<\/li>\n<li>Legesenter i sentrum<\/li>\n<li>Tilgang p\u00e5 rimeleg m\u00f8telokale for lag\/organisasjonar<\/li>\n<li>Leggje til rette for eit attraktivt ute-liv<\/li>\n<li>Fleire arrangement i sentrum. Musikk\/song, festivaler m.m.<\/li>\n<li>Arrangement for barn<\/li>\n<li>Jamlege marknader\/bytedagar<\/li>\n<li>Fast torgdag kva veke<\/li>\n<li>Sal av fisk i hamna<\/li>\n<li>Fleire s\u00f8ndagsopne tilbod med aktivitetar<\/li>\n<li>Utvida opningstid ved biblioteket<\/li>\n<li>Felles \u00e5rshjul for aktivitetar i sentrum<\/li>\n<li>Tilrettelegge for gatemusikantar<\/li>\n<li>Bubil-parkering i sentrum<\/li>\n<li>Etablere anl\u00f8p av Hurtigruta<\/li>\n<li>Halde sentrum reint. Oftare kosting<\/li>\n<li>Oppmode n\u00e6ringsdrivande om \u00e5 gjere det fint utanfor lokala sine<\/li>\n<li>Opne Borggata for trafikk, ev. berre for el-bilar<\/li>\n<li>Ha rimelege parkeringsordningar. Auke fri parkeringstid til 3 timar<\/li>\n<li>Samarbeide med H\u00f8gskulen om studenttilbod i sentrum<\/li>\n<li>Halde Leirvik hamn levande, unng\u00e5 opplag<\/li>\n<li>Betre informasjon til tilreisande<\/li>\n<\/ul>\n<div id='gallery-1' class='gallery galleryid-60 gallery-columns-3 gallery-size-full'><figure class='gallery-item'>\n\t\t\t<div class='gallery-icon landscape'>\n\t\t\t\t<a href='https:\/\/sk-dokument.no\/innspelsrapport\/?attachment_id=342'><img loading=\"lazy\" decoding=\"async\" width=\"1280\" height=\"720\" src=\"https:\/\/sk-dokument.no\/innspelsrapport\/wp-content\/uploads\/sites\/16\/2017\/10\/Folk-i-sentrum-1.jpg\" class=\"attachment-full size-full\" alt=\"\" aria-describedby=\"gallery-1-342\" srcset=\"https:\/\/sk-dokument.no\/innspelsrapport\/wp-content\/uploads\/sites\/16\/2017\/10\/Folk-i-sentrum-1.jpg 1280w, https:\/\/sk-dokument.no\/innspelsrapport\/wp-content\/uploads\/sites\/16\/2017\/10\/Folk-i-sentrum-1-300x169.jpg 300w, https:\/\/sk-dokument.no\/innspelsrapport\/wp-content\/uploads\/sites\/16\/2017\/10\/Folk-i-sentrum-1-768x432.jpg 768w, https:\/\/sk-dokument.no\/innspelsrapport\/wp-content\/uploads\/sites\/16\/2017\/10\/Folk-i-sentrum-1-1024x576.jpg 1024w, https:\/\/sk-dokument.no\/innspelsrapport\/wp-content\/uploads\/sites\/16\/2017\/10\/Folk-i-sentrum-1-700x394.jpg 700w\" sizes=\"(max-width: 1280px) 100vw, 1280px\" \/><\/a>\n\t\t\t<\/div>\n\t\t\t\t<figcaption class='wp-caption-text gallery-caption' id='gallery-1-342'>\n\t\t\t\tDans p\u00e5 torget under Folkehelsedagane\n\t\t\t\t<\/figcaption><\/figure><figure class='gallery-item'>\n\t\t\t<div class='gallery-icon landscape'>\n\t\t\t\t<a href='https:\/\/sk-dokument.no\/innspelsrapport\/?attachment_id=343'><img loading=\"lazy\" decoding=\"async\" width=\"1280\" height=\"720\" src=\"https:\/\/sk-dokument.no\/innspelsrapport\/wp-content\/uploads\/sites\/16\/2017\/10\/Folk-i-sentrum-2.jpg\" class=\"attachment-full size-full\" alt=\"\" aria-describedby=\"gallery-1-343\" srcset=\"https:\/\/sk-dokument.no\/innspelsrapport\/wp-content\/uploads\/sites\/16\/2017\/10\/Folk-i-sentrum-2.jpg 1280w, https:\/\/sk-dokument.no\/innspelsrapport\/wp-content\/uploads\/sites\/16\/2017\/10\/Folk-i-sentrum-2-300x169.jpg 300w, https:\/\/sk-dokument.no\/innspelsrapport\/wp-content\/uploads\/sites\/16\/2017\/10\/Folk-i-sentrum-2-768x432.jpg 768w, https:\/\/sk-dokument.no\/innspelsrapport\/wp-content\/uploads\/sites\/16\/2017\/10\/Folk-i-sentrum-2-1024x576.jpg 1024w, https:\/\/sk-dokument.no\/innspelsrapport\/wp-content\/uploads\/sites\/16\/2017\/10\/Folk-i-sentrum-2-700x394.jpg 700w\" sizes=\"(max-width: 1280px) 100vw, 1280px\" \/><\/a>\n\t\t\t<\/div>\n\t\t\t\t<figcaption class='wp-caption-text gallery-caption' id='gallery-1-343'>\n\t\t\t\tBygdekvinnelaget serverer suppe\n\t\t\t\t<\/figcaption><\/figure><figure class='gallery-item'>\n\t\t\t<div class='gallery-icon landscape'>\n\t\t\t\t<a href='https:\/\/sk-dokument.no\/innspelsrapport\/?attachment_id=318'><img loading=\"lazy\" decoding=\"async\" width=\"1920\" height=\"1280\" src=\"https:\/\/sk-dokument.no\/innspelsrapport\/wp-content\/uploads\/sites\/16\/2017\/10\/leirvik-sentrum.jpg\" class=\"attachment-full size-full\" alt=\"\" aria-describedby=\"gallery-1-318\" srcset=\"https:\/\/sk-dokument.no\/innspelsrapport\/wp-content\/uploads\/sites\/16\/2017\/10\/leirvik-sentrum.jpg 1920w, https:\/\/sk-dokument.no\/innspelsrapport\/wp-content\/uploads\/sites\/16\/2017\/10\/leirvik-sentrum-300x200.jpg 300w, https:\/\/sk-dokument.no\/innspelsrapport\/wp-content\/uploads\/sites\/16\/2017\/10\/leirvik-sentrum-768x512.jpg 768w, https:\/\/sk-dokument.no\/innspelsrapport\/wp-content\/uploads\/sites\/16\/2017\/10\/leirvik-sentrum-1024x683.jpg 1024w, https:\/\/sk-dokument.no\/innspelsrapport\/wp-content\/uploads\/sites\/16\/2017\/10\/leirvik-sentrum-700x467.jpg 700w\" sizes=\"(max-width: 1920px) 100vw, 1920px\" \/><\/a>\n\t\t\t<\/div>\n\t\t\t\t<figcaption class='wp-caption-text gallery-caption' id='gallery-1-318'>\n\t\t\t\tMarknad\n\t\t\t\t<\/figcaption><\/figure>\n\t\t<\/div>\n\n","protected":false},"excerpt":{"rendered":"<p>GENERELLE FYSISKE TILTAK M\u00f8teplassar med tak over Fleire benker med god sitjeh\u00f8gd og ryggst\u00f8. Ogs\u00e5 p\u00e5 veg til sentrum Fleire omr\u00e5de tilrettelagt for barn (leikeplass, aktivitetar, gr\u00f8ntareal) Fleire byrom med lys og luft Leggje vekt p\u00e5 estetikk: Kunst, gr\u00f8ne planter, byggjeskikk. Opplyst sentrum om vinteren Betre tilgjenge for funksjonshemma Eigedomar langs sj\u00f8en\u00a0skal vere i\u00a0kommunal eige<\/p>\n","protected":false},"author":20,"featured_media":0,"parent":44,"menu_order":8,"comment_status":"closed","ping_status":"closed","template":"","meta":{"footnotes":""},"jetpack_sharing_enabled":true,"_links":{"self":[{"href":"https:\/\/sk-dokument.no\/innspelsrapport\/index.php?rest_route=\/wp\/v2\/pages\/60"}],"collection":[{"href":"https:\/\/sk-dokument.no\/innspelsrapport\/index.php?rest_route=\/wp\/v2\/pages"}],"about":[{"href":"https:\/\/sk-dokument.no\/innspelsrapport\/index.php?rest_route=\/wp\/v2\/types\/page"}],"author":[{"embeddable":true,"href":"https:\/\/sk-dokument.no\/innspelsrapport\/index.php?rest_route=\/wp\/v2\/users\/20"}],"replies":[{"embeddable":true,"href":"https:\/\/sk-dokument.no\/innspelsrapport\/index.php?rest_route=%2Fwp%2Fv2%2Fcomments&post=60"}],"version-history":[{"count":8,"href":"https:\/\/sk-dokument.no\/innspelsrapport\/index.php?rest_route=\/wp\/v2\/pages\/60\/revisions"}],"predecessor-version":[{"id":344,"href":"https:\/\/sk-dokument.no\/innspelsrapport\/index.php?rest_route=\/wp\/v2\/pages\/60\/revisions\/344"}],"up":[{"embeddable":true,"href":"https:\/\/sk-dokument.no\/innspelsrapport\/index.php?rest_route=\/wp\/v2\/pages\/44"}],"wp:attachment":[{"href":"https:\/\/sk-dokument.no\/innspelsrapport\/index.php?rest_route=%2Fwp%2Fv2%2Fmedia&parent=60"}],"curies":[{"name":"wp","href":"https:\/\/api.w.org\/{rel}","templated":true}]}}