{"id":133,"date":"2017-05-16T09:34:49","date_gmt":"2017-05-16T07:34:49","guid":{"rendered":"http:\/\/sk-dokument.no\/lonsutviklingsplan\/?page_id=133"},"modified":"2021-05-27T12:52:54","modified_gmt":"2021-05-27T10:52:54","slug":"4-7-kompetanse-hta-kap-4-2-4-ma-forhandlast","status":"publish","type":"page","link":"https:\/\/sk-dokument.no\/lonsutviklingsplan\/felles-kriteria-for-alle-tilsette-i-stord-kommune\/4-7-kompetanse-hta-kap-4-2-4-ma-forhandlast\/","title":{"rendered":"4.4 Kompetanse HTA kap. 4.2.4 (m\u00e5 forhandlast)"},"content":{"rendered":"<p>Forhandlingar\u00a0i august og januar<\/p>\n<ul>\n<li>Informasjonsfrist: 10. desember\/juni<\/li>\n<li>Kravfrist: 10. januar\/august<\/li>\n<li>Forhandlingsfrist: 31. januar\/august<\/li>\n<li>Verknadstidspunkt: 1. februar\/1. september<\/li>\n<li>Heile etter\/vidareutdanning skal vera gjennomf\u00f8rt f\u00f8r ein kan forhandle etter HTA 4.2.4<\/li>\n<li>Fagskulepoeng er tilsvarande studiepoeng<\/li>\n<li>NB! Kompetansen skal vera relevant i h\u00f8ve til noverande\/evt. framtidige oppg\u00e5ver i Stord kommune. M\u00e5 vera minst 15 studiepoeng for \u00e5 f\u00e5 tillegg<\/li>\n<\/ul>\n<table style=\"height: 53px;\" width=\"570\">\n<tbody>\n<tr>\n<td style=\"width: 187.778px;\"><strong>Omfang (studiepoeng)<\/strong><\/td>\n<td style=\"width: 187.778px;\"><strong>Sum per \u00e5r<\/strong><\/td>\n<\/tr>\n<tr>\n<td style=\"width: 187.778px;\">15 studiepoeng<\/td>\n<td style=\"width: 187.778px;\">kr 5 000,-<\/td>\n<\/tr>\n<tr>\n<td style=\"width: 187.778px;\">30 studiepoeng<\/td>\n<td style=\"width: 187.778px;\">kr 10 000,-<\/td>\n<\/tr>\n<tr>\n<td style=\"width: 187.778px;\">45 studiepoeng<\/td>\n<td style=\"width: 187.778px;\">kr 15 000,-<\/td>\n<\/tr>\n<tr>\n<td style=\"width: 187.778px;\">60 studiepoeng<\/td>\n<td style=\"width: 187.778px;\">kr 20 000,-<\/td>\n<\/tr>\n<tr>\n<td style=\"width: 187.778px;\">90 studiepoeng<\/td>\n<td style=\"width: 187.778px;\">kr 25 000,-<\/td>\n<\/tr>\n<tr>\n<td style=\"width: 187.778px;\">Master (90 studiepoeng)<\/td>\n<td style=\"width: 187.778px;\">kr 25 000,-<\/td>\n<\/tr>\n<tr>\n<td style=\"width: 187.778px;\">Master (120 studiepoeng)<\/td>\n<td style=\"width: 187.778px;\">kr 30 000,-<\/td>\n<\/tr>\n<tr>\n<td style=\"width: 187.778px;\" colspan=\"2\">\u00d8vre grense for kompetanse er 25 000,- med unnatak av master<\/td>\n<\/tr>\n<\/tbody>\n<\/table>\n","protected":false},"excerpt":{"rendered":"<p>Forhandlingar\u00a0i august og januar Informasjonsfrist: 10. desember\/juni Kravfrist: 10. januar\/august Forhandlingsfrist: 31. januar\/august Verknadstidspunkt: 1. februar\/1. september Heile etter\/vidareutdanning skal vera gjennomf\u00f8rt f\u00f8r ein kan forhandle etter HTA 4.2.4 Fagskulepoeng er tilsvarande studiepoeng NB! Kompetansen skal vera relevant i h\u00f8ve til noverande\/evt. framtidige oppg\u00e5ver i Stord kommune. M\u00e5 vera minst 15 studiepoeng for \u00e5 f\u00e5<\/p>\n","protected":false},"author":17,"featured_media":0,"parent":64,"menu_order":4,"comment_status":"closed","ping_status":"closed","template":"","meta":{"footnotes":""},"jetpack_sharing_enabled":true,"_links":{"self":[{"href":"https:\/\/sk-dokument.no\/lonsutviklingsplan\/wp-json\/wp\/v2\/pages\/133"}],"collection":[{"href":"https:\/\/sk-dokument.no\/lonsutviklingsplan\/wp-json\/wp\/v2\/pages"}],"about":[{"href":"https:\/\/sk-dokument.no\/lonsutviklingsplan\/wp-json\/wp\/v2\/types\/page"}],"author":[{"embeddable":true,"href":"https:\/\/sk-dokument.no\/lonsutviklingsplan\/wp-json\/wp\/v2\/users\/17"}],"replies":[{"embeddable":true,"href":"https:\/\/sk-dokument.no\/lonsutviklingsplan\/wp-json\/wp\/v2\/comments?post=133"}],"version-history":[{"count":7,"href":"https:\/\/sk-dokument.no\/lonsutviklingsplan\/wp-json\/wp\/v2\/pages\/133\/revisions"}],"predecessor-version":[{"id":344,"href":"https:\/\/sk-dokument.no\/lonsutviklingsplan\/wp-json\/wp\/v2\/pages\/133\/revisions\/344"}],"up":[{"embeddable":true,"href":"https:\/\/sk-dokument.no\/lonsutviklingsplan\/wp-json\/wp\/v2\/pages\/64"}],"wp:attachment":[{"href":"https:\/\/sk-dokument.no\/lonsutviklingsplan\/wp-json\/wp\/v2\/media?parent=133"}],"curies":[{"name":"wp","href":"https:\/\/api.w.org\/{rel}","templated":true}]}}