{"id":25,"date":"2017-05-11T12:59:11","date_gmt":"2017-05-11T10:59:11","guid":{"rendered":"http:\/\/sk-dokument.no\/lonsutviklingsplan\/?page_id=25"},"modified":"2017-05-11T12:59:11","modified_gmt":"2017-05-11T10:59:11","slug":"2-2lon-som-ein-del-av-ein-heilskapleg-arbeidsgjevarpolitikk","status":"publish","type":"page","link":"https:\/\/sk-dokument.no\/lonsutviklingsplan\/lonspolitikk-i-stord-kommune\/2-2lon-som-ein-del-av-ein-heilskapleg-arbeidsgjevarpolitikk\/","title":{"rendered":"2.2\tL\u00f8n som ein del av ein heilskapleg arbeidsgjevarpolitikk"},"content":{"rendered":"<p>L\u00f8nspolitikken i Stord kommune skal vera ein del av ein heilskapleg arbeidsgjevarpolitikk. I samband med dette \u00f8nskjer me kort \u00e5 visa til andre viktige personalpolitiske retningsliner og rammer:<\/p>\n","protected":false},"excerpt":{"rendered":"<p>L\u00f8nspolitikken i Stord kommune skal vera ein del av ein heilskapleg arbeidsgjevarpolitikk. I samband med dette \u00f8nskjer me kort \u00e5 visa til andre viktige personalpolitiske retningsliner og rammer:<\/p>\n","protected":false},"author":17,"featured_media":0,"parent":14,"menu_order":2,"comment_status":"closed","ping_status":"closed","template":"","meta":{"footnotes":""},"jetpack_sharing_enabled":true,"_links":{"self":[{"href":"https:\/\/sk-dokument.no\/lonsutviklingsplan\/wp-json\/wp\/v2\/pages\/25"}],"collection":[{"href":"https:\/\/sk-dokument.no\/lonsutviklingsplan\/wp-json\/wp\/v2\/pages"}],"about":[{"href":"https:\/\/sk-dokument.no\/lonsutviklingsplan\/wp-json\/wp\/v2\/types\/page"}],"author":[{"embeddable":true,"href":"https:\/\/sk-dokument.no\/lonsutviklingsplan\/wp-json\/wp\/v2\/users\/17"}],"replies":[{"embeddable":true,"href":"https:\/\/sk-dokument.no\/lonsutviklingsplan\/wp-json\/wp\/v2\/comments?post=25"}],"version-history":[{"count":1,"href":"https:\/\/sk-dokument.no\/lonsutviklingsplan\/wp-json\/wp\/v2\/pages\/25\/revisions"}],"predecessor-version":[{"id":26,"href":"https:\/\/sk-dokument.no\/lonsutviklingsplan\/wp-json\/wp\/v2\/pages\/25\/revisions\/26"}],"up":[{"embeddable":true,"href":"https:\/\/sk-dokument.no\/lonsutviklingsplan\/wp-json\/wp\/v2\/pages\/14"}],"wp:attachment":[{"href":"https:\/\/sk-dokument.no\/lonsutviklingsplan\/wp-json\/wp\/v2\/media?parent=25"}],"curies":[{"name":"wp","href":"https:\/\/api.w.org\/{rel}","templated":true}]}}