{"id":27,"date":"2017-05-11T12:59:47","date_gmt":"2017-05-11T10:59:47","guid":{"rendered":"http:\/\/sk-dokument.no\/lonsutviklingsplan\/?page_id=27"},"modified":"2017-05-11T13:08:36","modified_gmt":"2017-05-11T11:08:36","slug":"2-2-1seniorpolitikk","status":"publish","type":"page","link":"https:\/\/sk-dokument.no\/lonsutviklingsplan\/lonspolitikk-i-stord-kommune\/2-2lon-som-ein-del-av-ein-heilskapleg-arbeidsgjevarpolitikk\/2-2-1seniorpolitikk\/","title":{"rendered":"2.2.1\tSeniorpolitikk"},"content":{"rendered":"<p>Det er eit m\u00e5l for Stord kommune \u00e5 ha ein personalpolitikk som legg til rette for at eldre arbeidstakarar skal ha arbeidsvilk\u00e5r som gjer det mogeleg \u00e5 vera i arbeid s\u00e5 lenge som mogeleg. Tiltak for \u00e5 oppn\u00e5 dette er ein del av kommunen sitt IA- arbeid.<\/p>\n","protected":false},"excerpt":{"rendered":"<p>Det er eit m\u00e5l for Stord kommune \u00e5 ha ein personalpolitikk som legg til rette for at eldre arbeidstakarar skal ha arbeidsvilk\u00e5r som gjer det mogeleg \u00e5 vera i arbeid s\u00e5 lenge som mogeleg. Tiltak for \u00e5 oppn\u00e5 dette er ein del av kommunen sitt IA- arbeid.<\/p>\n","protected":false},"author":17,"featured_media":0,"parent":25,"menu_order":1,"comment_status":"closed","ping_status":"closed","template":"","meta":{"footnotes":""},"jetpack_sharing_enabled":true,"_links":{"self":[{"href":"https:\/\/sk-dokument.no\/lonsutviklingsplan\/wp-json\/wp\/v2\/pages\/27"}],"collection":[{"href":"https:\/\/sk-dokument.no\/lonsutviklingsplan\/wp-json\/wp\/v2\/pages"}],"about":[{"href":"https:\/\/sk-dokument.no\/lonsutviklingsplan\/wp-json\/wp\/v2\/types\/page"}],"author":[{"embeddable":true,"href":"https:\/\/sk-dokument.no\/lonsutviklingsplan\/wp-json\/wp\/v2\/users\/17"}],"replies":[{"embeddable":true,"href":"https:\/\/sk-dokument.no\/lonsutviklingsplan\/wp-json\/wp\/v2\/comments?post=27"}],"version-history":[{"count":1,"href":"https:\/\/sk-dokument.no\/lonsutviklingsplan\/wp-json\/wp\/v2\/pages\/27\/revisions"}],"predecessor-version":[{"id":28,"href":"https:\/\/sk-dokument.no\/lonsutviklingsplan\/wp-json\/wp\/v2\/pages\/27\/revisions\/28"}],"up":[{"embeddable":true,"href":"https:\/\/sk-dokument.no\/lonsutviklingsplan\/wp-json\/wp\/v2\/pages\/25"}],"wp:attachment":[{"href":"https:\/\/sk-dokument.no\/lonsutviklingsplan\/wp-json\/wp\/v2\/media?parent=27"}],"curies":[{"name":"wp","href":"https:\/\/api.w.org\/{rel}","templated":true}]}}