{"id":49,"date":"2017-05-11T13:20:18","date_gmt":"2017-05-11T11:20:18","guid":{"rendered":"http:\/\/sk-dokument.no\/lonsutviklingsplan\/?page_id=49"},"modified":"2021-05-25T12:36:59","modified_gmt":"2021-05-25T10:36:59","slug":"3-3tillitsvalde-sin-rett-til-innsyn-i-lonsopplysningar","status":"publish","type":"page","link":"https:\/\/sk-dokument.no\/lonsutviklingsplan\/lokale-lonsforhandlingar\/3-3tillitsvalde-sin-rett-til-innsyn-i-lonsopplysningar\/","title":{"rendered":"3.3\tTillitsvalde sin rett til innsyn i l\u00f8nsopplysningar"},"content":{"rendered":"<p>Tillitsvalde har rett p\u00e5 l\u00f8nsoversikt over alle arbeidstakarar i kommunen i samband med dei lokale l\u00f8nsforhandlingane. L\u00f8nslister skal leverast til organisasjonane i god tid f\u00f8r forhandlingane startar.<\/p>\n","protected":false},"excerpt":{"rendered":"<p>Tillitsvalde har rett p\u00e5 l\u00f8nsoversikt over alle arbeidstakarar i kommunen i samband med dei lokale l\u00f8nsforhandlingane. L\u00f8nslister skal leverast til organisasjonane i god tid f\u00f8r forhandlingane startar.<\/p>\n","protected":false},"author":17,"featured_media":0,"parent":39,"menu_order":3,"comment_status":"closed","ping_status":"closed","template":"","meta":{"footnotes":""},"jetpack_sharing_enabled":true,"_links":{"self":[{"href":"https:\/\/sk-dokument.no\/lonsutviklingsplan\/wp-json\/wp\/v2\/pages\/49"}],"collection":[{"href":"https:\/\/sk-dokument.no\/lonsutviklingsplan\/wp-json\/wp\/v2\/pages"}],"about":[{"href":"https:\/\/sk-dokument.no\/lonsutviklingsplan\/wp-json\/wp\/v2\/types\/page"}],"author":[{"embeddable":true,"href":"https:\/\/sk-dokument.no\/lonsutviklingsplan\/wp-json\/wp\/v2\/users\/17"}],"replies":[{"embeddable":true,"href":"https:\/\/sk-dokument.no\/lonsutviklingsplan\/wp-json\/wp\/v2\/comments?post=49"}],"version-history":[{"count":2,"href":"https:\/\/sk-dokument.no\/lonsutviklingsplan\/wp-json\/wp\/v2\/pages\/49\/revisions"}],"predecessor-version":[{"id":277,"href":"https:\/\/sk-dokument.no\/lonsutviklingsplan\/wp-json\/wp\/v2\/pages\/49\/revisions\/277"}],"up":[{"embeddable":true,"href":"https:\/\/sk-dokument.no\/lonsutviklingsplan\/wp-json\/wp\/v2\/pages\/39"}],"wp:attachment":[{"href":"https:\/\/sk-dokument.no\/lonsutviklingsplan\/wp-json\/wp\/v2\/media?parent=49"}],"curies":[{"name":"wp","href":"https:\/\/api.w.org\/{rel}","templated":true}]}}