{"id":55,"date":"2017-05-11T13:22:17","date_gmt":"2017-05-11T11:22:17","guid":{"rendered":"http:\/\/sk-dokument.no\/lonsutviklingsplan\/?page_id=55"},"modified":"2017-05-11T13:25:57","modified_gmt":"2017-05-11T11:25:57","slug":"3-6fremjing-av-krav","status":"publish","type":"page","link":"https:\/\/sk-dokument.no\/lonsutviklingsplan\/lokale-lonsforhandlingar\/3-6fremjing-av-krav\/","title":{"rendered":"3.6\tFremjing av krav"},"content":{"rendered":"<ul>\n<li>Krav skal fremjast i forhandlingsmodulen.<\/li>\n<li>Organisasjonane skal s\u00e5 godt det let seg gjera prioritera krava sine i rekkjef\u00f8lgje.<\/li>\n<li>Arbeidstakarar som er ute i l\u00f8na permisjon, eller anna permisjon der retten til permisjon er heima i lov, avtale eller lokale retningsliner<em>,<\/em> kan fremja krav.<\/li>\n<\/ul>\n","protected":false},"excerpt":{"rendered":"<p>Krav skal fremjast i forhandlingsmodulen. Organisasjonane skal s\u00e5 godt det let seg gjera prioritera krava sine i rekkjef\u00f8lgje. Arbeidstakarar som er ute i l\u00f8na permisjon, eller anna permisjon der retten til permisjon er heima i lov, avtale eller lokale retningsliner, kan fremja krav.<\/p>\n","protected":false},"author":17,"featured_media":0,"parent":39,"menu_order":6,"comment_status":"closed","ping_status":"closed","template":"","meta":{"footnotes":""},"jetpack_sharing_enabled":true,"_links":{"self":[{"href":"https:\/\/sk-dokument.no\/lonsutviklingsplan\/wp-json\/wp\/v2\/pages\/55"}],"collection":[{"href":"https:\/\/sk-dokument.no\/lonsutviklingsplan\/wp-json\/wp\/v2\/pages"}],"about":[{"href":"https:\/\/sk-dokument.no\/lonsutviklingsplan\/wp-json\/wp\/v2\/types\/page"}],"author":[{"embeddable":true,"href":"https:\/\/sk-dokument.no\/lonsutviklingsplan\/wp-json\/wp\/v2\/users\/17"}],"replies":[{"embeddable":true,"href":"https:\/\/sk-dokument.no\/lonsutviklingsplan\/wp-json\/wp\/v2\/comments?post=55"}],"version-history":[{"count":1,"href":"https:\/\/sk-dokument.no\/lonsutviklingsplan\/wp-json\/wp\/v2\/pages\/55\/revisions"}],"predecessor-version":[{"id":56,"href":"https:\/\/sk-dokument.no\/lonsutviklingsplan\/wp-json\/wp\/v2\/pages\/55\/revisions\/56"}],"up":[{"embeddable":true,"href":"https:\/\/sk-dokument.no\/lonsutviklingsplan\/wp-json\/wp\/v2\/pages\/39"}],"wp:attachment":[{"href":"https:\/\/sk-dokument.no\/lonsutviklingsplan\/wp-json\/wp\/v2\/media?parent=55"}],"curies":[{"name":"wp","href":"https:\/\/api.w.org\/{rel}","templated":true}]}}