{"id":8,"date":"2017-05-11T12:44:57","date_gmt":"2017-05-11T10:44:57","guid":{"rendered":"http:\/\/sk-dokument.no\/lonsutviklingsplan\/?page_id=8"},"modified":"2021-05-26T13:19:51","modified_gmt":"2021-05-26T11:19:51","slug":"1-1hovudforemalet-med-lonsutviklingsplanen-er","status":"publish","type":"page","link":"https:\/\/sk-dokument.no\/lonsutviklingsplan\/om-planen\/1-1hovudforemalet-med-lonsutviklingsplanen-er\/","title":{"rendered":"1.1\tHovudf\u00f8rem\u00e5l med l\u00f8nsutviklingsplanen"},"content":{"rendered":"<ol>\n<li>\u00c5 skapa konsekvente, f\u00f8reseielege rammer for l\u00f8nsdanning i Stord kommune.<\/li>\n<li>\u00c5 gje den einskilde arbeidstakar oversyn over korleis individuell l\u00f8n vert fastsett i Stord kommune.<\/li>\n<\/ol>\n","protected":false},"excerpt":{"rendered":"<p>\u00c5 skapa konsekvente, f\u00f8reseielege rammer for l\u00f8nsdanning i Stord kommune. \u00c5 gje den einskilde arbeidstakar oversyn over korleis individuell l\u00f8n vert fastsett i Stord kommune.<\/p>\n","protected":false},"author":17,"featured_media":0,"parent":3,"menu_order":1,"comment_status":"closed","ping_status":"closed","template":"","meta":{"footnotes":""},"jetpack_sharing_enabled":true,"_links":{"self":[{"href":"https:\/\/sk-dokument.no\/lonsutviklingsplan\/wp-json\/wp\/v2\/pages\/8"}],"collection":[{"href":"https:\/\/sk-dokument.no\/lonsutviklingsplan\/wp-json\/wp\/v2\/pages"}],"about":[{"href":"https:\/\/sk-dokument.no\/lonsutviklingsplan\/wp-json\/wp\/v2\/types\/page"}],"author":[{"embeddable":true,"href":"https:\/\/sk-dokument.no\/lonsutviklingsplan\/wp-json\/wp\/v2\/users\/17"}],"replies":[{"embeddable":true,"href":"https:\/\/sk-dokument.no\/lonsutviklingsplan\/wp-json\/wp\/v2\/comments?post=8"}],"version-history":[{"count":4,"href":"https:\/\/sk-dokument.no\/lonsutviklingsplan\/wp-json\/wp\/v2\/pages\/8\/revisions"}],"predecessor-version":[{"id":300,"href":"https:\/\/sk-dokument.no\/lonsutviklingsplan\/wp-json\/wp\/v2\/pages\/8\/revisions\/300"}],"up":[{"embeddable":true,"href":"https:\/\/sk-dokument.no\/lonsutviklingsplan\/wp-json\/wp\/v2\/pages\/3"}],"wp:attachment":[{"href":"https:\/\/sk-dokument.no\/lonsutviklingsplan\/wp-json\/wp\/v2\/media?parent=8"}],"curies":[{"name":"wp","href":"https:\/\/api.w.org\/{rel}","templated":true}]}}