{"id":92,"date":"2017-05-16T08:50:42","date_gmt":"2017-05-16T06:50:42","guid":{"rendered":"http:\/\/sk-dokument.no\/lonsutviklingsplan\/?page_id=92"},"modified":"2021-05-26T14:47:49","modified_gmt":"2021-05-26T12:47:49","slug":"fire-komma-en","status":"publish","type":"page","link":"https:\/\/sk-dokument.no\/lonsutviklingsplan\/felles-kriteria-for-alle-tilsette-i-stord-kommune\/fire-komma-en\/","title":{"rendered":"4.1 Stillingsgruppe 1 &#8211; Faste tillegg utover garantil\u00f8n (m\u00e5 forhandlast) :"},"content":{"rendered":"<table style=\"height: 46px; width: 940px;\">\n<tbody>\n<tr>\n<td style=\"width: 265.757px;\"><strong>Tillegg<\/strong><\/td>\n<td style=\"width: 107.243px;\"><strong>Sum<\/strong><\/td>\n<\/tr>\n<tr>\n<td style=\"width: 265.757px;\">Fagl\u00e6rte med minst 6 mnd etterutdanning som ikkje gir studiepoeng<\/td>\n<td style=\"width: 107.243px;\">kr 10 000,-<\/td>\n<\/tr>\n<tr>\n<td style=\"width: 265.757px;\">Dersom det manglar sjukepleiar p\u00e5 avdelinga skal den ansvarshavande fagl\u00e6rte godtgjerast<\/td>\n<td style=\"width: 107.243px;\">kr 500,- per vakt<\/td>\n<\/tr>\n<tr>\n<td style=\"width: 265.757px;\">Fagarbeidarar med fagbrev<\/td>\n<td style=\"width: 107.243px;\">inntil<br \/>\nkr 10 000,-<\/td>\n<\/tr>\n<tr>\n<td style=\"width: 265.757px;\">F\u00f8rstesekret\u00e6r kode 7520 med 30 \u00e5rs tenesteansiennitet som ikkje har h\u00f8gskule og har sj\u00f8lvstendige arbeidsoppg\u00e5ver\/ansvar<\/td>\n<td style=\"width: 107.243px;\">Inntil<br \/>\nkr 30 000,-<\/td>\n<\/tr>\n<tr>\n<td style=\"width: 265.757px;\">Lagleiar, koordinator<\/td>\n<td style=\"width: 107.243px;\">kr 10 000 &#8211; 20 000,-<\/td>\n<\/tr>\n<tr>\n<td style=\"width: 265.757px;\">Assisterande SFO-leiar<\/td>\n<td style=\"width: 107.243px;\">kr 9 000,-<\/td>\n<\/tr>\n<tr>\n<td style=\"width: 265.757px;\">Rettleiing l\u00e6rlingar<\/td>\n<td style=\"width: 107.243px;\">kr 6 000,-<\/td>\n<\/tr>\n<tr>\n<td style=\"width: 265.757px;\">Marknadstilpasning for \u00e5 rekruttera og behalda<\/td>\n<td style=\"width: 107.243px;\">kr 10 000 &#8211; 30 000,-<\/td>\n<\/tr>\n<\/tbody>\n<\/table>\n","protected":false},"excerpt":{"rendered":"<p>Tillegg Sum Fagl\u00e6rte med minst 6 mnd etterutdanning som ikkje gir studiepoeng kr 10 000,- Dersom det manglar sjukepleiar p\u00e5 avdelinga skal den ansvarshavande fagl\u00e6rte godtgjerast kr 500,- per vakt Fagarbeidarar med fagbrev inntil kr 10 000,- F\u00f8rstesekret\u00e6r kode 7520 med 30 \u00e5rs tenesteansiennitet som ikkje har h\u00f8gskule og har sj\u00f8lvstendige arbeidsoppg\u00e5ver\/ansvar Inntil kr 30<\/p>\n","protected":false},"author":17,"featured_media":0,"parent":64,"menu_order":1,"comment_status":"closed","ping_status":"closed","template":"","meta":{"footnotes":""},"jetpack_sharing_enabled":true,"_links":{"self":[{"href":"https:\/\/sk-dokument.no\/lonsutviklingsplan\/wp-json\/wp\/v2\/pages\/92"}],"collection":[{"href":"https:\/\/sk-dokument.no\/lonsutviklingsplan\/wp-json\/wp\/v2\/pages"}],"about":[{"href":"https:\/\/sk-dokument.no\/lonsutviklingsplan\/wp-json\/wp\/v2\/types\/page"}],"author":[{"embeddable":true,"href":"https:\/\/sk-dokument.no\/lonsutviklingsplan\/wp-json\/wp\/v2\/users\/17"}],"replies":[{"embeddable":true,"href":"https:\/\/sk-dokument.no\/lonsutviklingsplan\/wp-json\/wp\/v2\/comments?post=92"}],"version-history":[{"count":17,"href":"https:\/\/sk-dokument.no\/lonsutviklingsplan\/wp-json\/wp\/v2\/pages\/92\/revisions"}],"predecessor-version":[{"id":342,"href":"https:\/\/sk-dokument.no\/lonsutviklingsplan\/wp-json\/wp\/v2\/pages\/92\/revisions\/342"}],"up":[{"embeddable":true,"href":"https:\/\/sk-dokument.no\/lonsutviklingsplan\/wp-json\/wp\/v2\/pages\/64"}],"wp:attachment":[{"href":"https:\/\/sk-dokument.no\/lonsutviklingsplan\/wp-json\/wp\/v2\/media?parent=92"}],"curies":[{"name":"wp","href":"https:\/\/api.w.org\/{rel}","templated":true}]}}