{"id":107,"date":"2017-03-28T15:09:01","date_gmt":"2017-03-28T13:09:01","guid":{"rendered":"http:\/\/sk-dokument.no\/velferdsteknologi\/?page_id=107"},"modified":"2017-03-31T10:02:56","modified_gmt":"2017-03-31T08:02:56","slug":"107-2","status":"publish","type":"page","link":"https:\/\/sk-dokument.no\/velferdsteknologi\/?page_id=107","title":{"rendered":"1. Velferdsteknologi i Stord kommune"},"content":{"rendered":"<p style=\"text-align: center;\"><strong><span style=\"font-size: 36pt;\"><span style=\"font-size: 8pt;\"><\/span><\/span><\/strong><\/p>\n<p><strong>Velferdsteknologi er:<\/strong><\/p>\n<ul>\n<li><b><strong><em>\u00abTeknologi som kan bidra til \u00f8kt trygghet, sikkerhet, sosial deltakelse, mobilitet og fysisk og kulturell aktivitet, og styrker den enkeltes evne til \u00e5 klare seg selv i hverdagen til tross for sykdom og sosial, psykisk eller fysisk nedsatt funksjonsevne. Velferdsteknologi kan ogs\u00e5 fungere som teknologisk st\u00f8tte til p\u00e5r\u00f8rende og ellers bidra til \u00e5 forbedre tilgjengelighet, ressursutnyttelse og kvalitet p\u00e5 tjenestetilbudet. Velferdsteknologiske l\u00f8sninger kan i mange tilfeller forebygge behov for tjenester eller innleggelse i institusjon.\u00bb <\/em><\/strong><\/b><\/li>\n<\/ul>\n<p>&nbsp;<\/p>\n<p style=\"text-align: center;\"><strong><span style=\"font-size: 36pt;\"><span style=\"font-size: 8pt;\">NOU 2011:11 Innovasjon i omsorg, s.100<\/span>\u00a0<\/span><\/strong><\/p>\n","protected":false},"excerpt":{"rendered":"<p>Velferdsteknologi er: \u00abTeknologi som kan bidra til \u00f8kt trygghet, sikkerhet, sosial deltakelse, mobilitet og fysisk og kulturell aktivitet, og styrker den enkeltes evne til \u00e5 klare seg selv i hverdagen til tross for sykdom og sosial, psykisk eller fysisk nedsatt funksjonsevne. Velferdsteknologi kan ogs\u00e5 fungere som teknologisk st\u00f8tte til p\u00e5r\u00f8rende og ellers bidra til \u00e5<\/p>\n","protected":false},"author":18,"featured_media":141,"parent":0,"menu_order":1,"comment_status":"closed","ping_status":"closed","template":"","meta":{"footnotes":""},"jetpack_sharing_enabled":true,"_links":{"self":[{"href":"https:\/\/sk-dokument.no\/velferdsteknologi\/index.php?rest_route=\/wp\/v2\/pages\/107"}],"collection":[{"href":"https:\/\/sk-dokument.no\/velferdsteknologi\/index.php?rest_route=\/wp\/v2\/pages"}],"about":[{"href":"https:\/\/sk-dokument.no\/velferdsteknologi\/index.php?rest_route=\/wp\/v2\/types\/page"}],"author":[{"embeddable":true,"href":"https:\/\/sk-dokument.no\/velferdsteknologi\/index.php?rest_route=\/wp\/v2\/users\/18"}],"replies":[{"embeddable":true,"href":"https:\/\/sk-dokument.no\/velferdsteknologi\/index.php?rest_route=%2Fwp%2Fv2%2Fcomments&post=107"}],"version-history":[{"count":6,"href":"https:\/\/sk-dokument.no\/velferdsteknologi\/index.php?rest_route=\/wp\/v2\/pages\/107\/revisions"}],"predecessor-version":[{"id":175,"href":"https:\/\/sk-dokument.no\/velferdsteknologi\/index.php?rest_route=\/wp\/v2\/pages\/107\/revisions\/175"}],"wp:featuredmedia":[{"embeddable":true,"href":"https:\/\/sk-dokument.no\/velferdsteknologi\/index.php?rest_route=\/wp\/v2\/media\/141"}],"wp:attachment":[{"href":"https:\/\/sk-dokument.no\/velferdsteknologi\/index.php?rest_route=%2Fwp%2Fv2%2Fmedia&parent=107"}],"curies":[{"name":"wp","href":"https:\/\/api.w.org\/{rel}","templated":true}]}}