{"id":11,"date":"2017-03-17T12:49:47","date_gmt":"2017-03-17T11:49:47","guid":{"rendered":"http:\/\/sk-dokument.no\/velferdsteknologi\/?page_id=11"},"modified":"2017-04-03T10:03:31","modified_gmt":"2017-04-03T08:03:31","slug":"mal-for-prosjektet","status":"publish","type":"page","link":"https:\/\/sk-dokument.no\/velferdsteknologi\/?page_id=11","title":{"rendered":"2. M\u00e5l for prosjektet"},"content":{"rendered":"<p>Prosjektet har vore knytt opp til utvida bruk av allereie eksisterande tryggleiksalarm hj\u00e5 brukarane. M\u00e5ltalet i 2014 var \u00e5 plukke ut minimum 15 brukarar som kunne vera aktuelle for utpr\u00f8ving av tryggleikspakke, dvs. ulike typar sensorar\/alarmar. Talet vart n\u00e5dd og auka til 65 brukarar innan 2015. Nytt m\u00e5ltal vart feira n\u00e5dd med kake i oktober 2015! I desember 2016 hadde 152 brukarar pr\u00f8vd ut ulike typar teknologi, og 95 brukarar nytta ulike typar teknologi som ein del av tenesta. Kommunen hadde d\u00e5 totalt \u00a0320 tryggleiksalarmar installert.<\/p>\n<h4><a name=\"_Toc478908702\"><\/a><a name=\"_Toc476920641\"><\/a><a name=\"_Toc461609925\"><\/a><a name=\"_Toc461520213\"><\/a>Hovudm\u00e5l<\/h4>\n<ul>\n<li>Kartlegge behov for ny teknologi gjennom tverrfagleg samarbeid om kartlegging og utpr\u00f8ving hos brukarar<\/li>\n<li>Pr\u00f8ve ut om bruk av tilgjengelege sensorar\/teknologi knytt til tryggleiksalarm kan erstatte tilsyn og samstundes oppretthalde tryggleik hos brukar og p\u00e5r\u00f8rande. GPS\/sporing kan inng\u00e5 som del av tryggleikspakke<\/li>\n<li>Pr\u00f8ve ut om bruk av ulike sensorar kan underst\u00f8tte heimerehabiliteringsprosessen og redusere behov for fysisk tilstedev\u00e6relse i oppf\u00f8lginga<\/li>\n<li>F\u00f8rebu og pr\u00f8ve ut individuell ruting av tryggleiksalarm<\/li>\n<li>Samordne og supplere tryggleiksalarm med andre hjelpemiddel fr\u00e5 Hjelpemiddelsentralen<\/li>\n<li>F\u00f8rebu pilotprosjekt bildekommunikasjon for gjennomf\u00f8ring i 2015<\/li>\n<li>F\u00f8rebu direkte dokumentasjon i fagsystem (2015)<\/li>\n<\/ul>\n<h4><a name=\"_Toc382985739\"><\/a><a name=\"_Toc478908703\"><\/a><a name=\"_Toc476920642\"><\/a><a name=\"_Toc461609926\"><\/a><a name=\"_Toc461520214\"><\/a>Delm\u00e5l<\/h4>\n<ul>\n<li>Tileigne oss kunnskap og erfaringar fr\u00e5 andre kommunar<\/li>\n<li>Pr\u00f8ve ut eksisterande teknologi knytt til tryggleiksalarmar, samt avdekke nye behov<\/li>\n<li>Medverke til god kravspek. ved neste anbodsrunde Tryggleiksalarm<\/li>\n<li>Klargjere organisasjonen for bruk av velferdsteknologi ved innf\u00f8ring av nye rutinar og nye m\u00e5tar \u00e5 jobbe p\u00e5.<\/li>\n<li>Vurdere finansieringsordningar for velferdsteknologi i vanleg drift<\/li>\n<\/ul>\n<p>I l\u00f8pet av prosjektperioden har me tileigna oss ny kunnskap og kompetanse som har gjort at nokre av m\u00e5la i den opprinnelege prosjektplanen er blitt tona ned.<\/p>\n","protected":false},"excerpt":{"rendered":"<p>Prosjektet har vore knytt opp til utvida bruk av allereie eksisterande tryggleiksalarm hj\u00e5 brukarane. M\u00e5ltalet i 2014 var \u00e5 plukke ut minimum 15 brukarar som kunne vera aktuelle for utpr\u00f8ving av tryggleikspakke, dvs. ulike typar sensorar\/alarmar. Talet vart n\u00e5dd og auka til 65 brukarar innan 2015. Nytt m\u00e5ltal vart feira n\u00e5dd med kake i oktober<\/p>\n","protected":false},"author":18,"featured_media":0,"parent":0,"menu_order":2,"comment_status":"closed","ping_status":"closed","template":"","meta":{"footnotes":""},"jetpack_sharing_enabled":true,"_links":{"self":[{"href":"https:\/\/sk-dokument.no\/velferdsteknologi\/index.php?rest_route=\/wp\/v2\/pages\/11"}],"collection":[{"href":"https:\/\/sk-dokument.no\/velferdsteknologi\/index.php?rest_route=\/wp\/v2\/pages"}],"about":[{"href":"https:\/\/sk-dokument.no\/velferdsteknologi\/index.php?rest_route=\/wp\/v2\/types\/page"}],"author":[{"embeddable":true,"href":"https:\/\/sk-dokument.no\/velferdsteknologi\/index.php?rest_route=\/wp\/v2\/users\/18"}],"replies":[{"embeddable":true,"href":"https:\/\/sk-dokument.no\/velferdsteknologi\/index.php?rest_route=%2Fwp%2Fv2%2Fcomments&post=11"}],"version-history":[{"count":4,"href":"https:\/\/sk-dokument.no\/velferdsteknologi\/index.php?rest_route=\/wp\/v2\/pages\/11\/revisions"}],"predecessor-version":[{"id":206,"href":"https:\/\/sk-dokument.no\/velferdsteknologi\/index.php?rest_route=\/wp\/v2\/pages\/11\/revisions\/206"}],"wp:attachment":[{"href":"https:\/\/sk-dokument.no\/velferdsteknologi\/index.php?rest_route=%2Fwp%2Fv2%2Fmedia&parent=11"}],"curies":[{"name":"wp","href":"https:\/\/api.w.org\/{rel}","templated":true}]}}