{"id":15,"date":"2017-03-17T12:59:49","date_gmt":"2017-03-17T11:59:49","guid":{"rendered":"http:\/\/sk-dokument.no\/velferdsteknologi\/?page_id=15"},"modified":"2017-04-03T09:33:08","modified_gmt":"2017-04-03T07:33:08","slug":"okonomi-i-prosjektperioden","status":"publish","type":"page","link":"https:\/\/sk-dokument.no\/velferdsteknologi\/?page_id=15","title":{"rendered":"4. \u00d8konomi i prosjektperioden"},"content":{"rendered":"<p>Stord kommune fekk i slutten av 2013 eit tilskot p\u00e5 250\u00a0000,- fr\u00e5 Helsedirektoratet. Desse vart satt i fond og nytta i 2014. Dei kommunale midlane var i 2014 kr 250\u00a0000,-. I 2015 fekk kommunen eit tilskot p\u00e5 500\u00a0000,- fr\u00e5 Helsedirektoratet. I 2016 kom tilskotet p\u00e5 400\u00a0000,- fr\u00e5 Fylkesmannen i Hordaland. Dei kommunale midlane var p\u00e5 500\u00a0000,- i b\u00e5de 2015 og 2016, og har i all hovudsak vorte nytta til utstyr og prosjektleiing.<\/p>\n<p>P\u00e5 slutten av 2016 fekk kommunen 140\u00a0000,- fr\u00e5 Helsedirektoratet, eit ressurskommune tilskot. Desse vil bli nytta i 2017.<\/p>\n<p>Tilskotsmidlane vart i 2014 og 2015 nytta til frikj\u00f8p av 2 prosjektmedarbeidarar (2 x 40 %) og i 2016 nytta til 2 prosjektmedarbeidarar (40 % + 20 %), kurs og kompetanseheving for prosjektgruppa og andre tilsette i pleie- og omsorgssektoren, deltaking i nettverk for prosjektleiar og einingsleiar, og \u00abF\u00f8lgje med forsking\u00bb.<\/p>\n<p>SINTEF har vore forskingspartnar og dei overordna forskingssp\u00f8rsm\u00e5la for prosjektet var: Korleis kan kommunen ta i bruk velferdsteknologi i helse- og omsorgstenestene? Kva er den kommunal\u00f8konomiske effekten av \u00e5 ta i bruk velferdsteknologi og korleis kan velferdsteknologi bidra til at brukarane kan bli buande heime s\u00e5 lende dei ynskjer? F\u00f8lgeforskinga vart avslutta hausten 2015, og SINTEF leverte d\u00e5 ein rapport som oppsummerte erfaringar og kunnskap fr\u00e5 pilotering av velferdsteknologi i kommunen (2014-2015).<\/p>\n","protected":false},"excerpt":{"rendered":"<p>Stord kommune fekk i slutten av 2013 eit tilskot p\u00e5 250\u00a0000,- fr\u00e5 Helsedirektoratet. Desse vart satt i fond og nytta i 2014. Dei kommunale midlane var i 2014 kr 250\u00a0000,-. I 2015 fekk kommunen eit tilskot p\u00e5 500\u00a0000,- fr\u00e5 Helsedirektoratet. I 2016 kom tilskotet p\u00e5 400\u00a0000,- fr\u00e5 Fylkesmannen i Hordaland. Dei kommunale midlane var p\u00e5<\/p>\n","protected":false},"author":18,"featured_media":0,"parent":0,"menu_order":4,"comment_status":"closed","ping_status":"closed","template":"","meta":{"footnotes":""},"jetpack_sharing_enabled":true,"_links":{"self":[{"href":"https:\/\/sk-dokument.no\/velferdsteknologi\/index.php?rest_route=\/wp\/v2\/pages\/15"}],"collection":[{"href":"https:\/\/sk-dokument.no\/velferdsteknologi\/index.php?rest_route=\/wp\/v2\/pages"}],"about":[{"href":"https:\/\/sk-dokument.no\/velferdsteknologi\/index.php?rest_route=\/wp\/v2\/types\/page"}],"author":[{"embeddable":true,"href":"https:\/\/sk-dokument.no\/velferdsteknologi\/index.php?rest_route=\/wp\/v2\/users\/18"}],"replies":[{"embeddable":true,"href":"https:\/\/sk-dokument.no\/velferdsteknologi\/index.php?rest_route=%2Fwp%2Fv2%2Fcomments&post=15"}],"version-history":[{"count":2,"href":"https:\/\/sk-dokument.no\/velferdsteknologi\/index.php?rest_route=\/wp\/v2\/pages\/15\/revisions"}],"predecessor-version":[{"id":183,"href":"https:\/\/sk-dokument.no\/velferdsteknologi\/index.php?rest_route=\/wp\/v2\/pages\/15\/revisions\/183"}],"wp:attachment":[{"href":"https:\/\/sk-dokument.no\/velferdsteknologi\/index.php?rest_route=%2Fwp%2Fv2%2Fmedia&parent=15"}],"curies":[{"name":"wp","href":"https:\/\/api.w.org\/{rel}","templated":true}]}}