{"id":17,"date":"2017-03-17T12:59:17","date_gmt":"2017-03-17T11:59:17","guid":{"rendered":"http:\/\/sk-dokument.no\/velferdsteknologi\/?page_id=17"},"modified":"2017-04-03T09:35:58","modified_gmt":"2017-04-03T07:35:58","slug":"arbeidsmetode","status":"publish","type":"page","link":"https:\/\/sk-dokument.no\/velferdsteknologi\/?page_id=17","title":{"rendered":"5. Arbeidsmetode"},"content":{"rendered":"<p>Me fann tidleg ut nytteverdien av eit tverrfagleg samarbeid i prosjektet, der ergoterapeut og sjukepleiar jobba saman. Me laga oss gode kartleggingsrutinar slik at me fekk gjort tverrfagleg kartlegging fr\u00e5 starten av. Ved utforming av kartleggingsverkt\u00f8yet nytta me erfaringar b\u00e5de fr\u00e5 oss sj\u00f8lve og andre kommunar, samt nasjonalt kartleggingsverkt\u00f8y (aldring og helse) for GPS.<\/p>\n<p>I prosjektperioden vart det gjort heimebes\u00f8k til alle tilviste brukarar for \u00e5 avklare behov. Ergoterapeut avslutta sitt arbeid i prosjektet ved \u00e5rsskiftet 15\/16, og servicemann vart meir involvert. Servicemann har hatt ansvar for oppkopling og installasjon av alarmar og sensorar knytt til tryggleiksalarmen. Han har og deltatt i felleskartlegging saman med b\u00e5de tilsett i brannvesenet og med sjukepleiar.<\/p>\n<p>Tilsett fr\u00e5 brannvesenet har deltatt i dei fleste kartleggingane der me ynskte \u00e5 kople opp r\u00f8ykvarslar mot tryggleiksalarmen. Dette har styrka samarbeidet mellom heimebaserte tenester og brannvesenet p\u00e5 ein god m\u00e5te og danna ein felles forst\u00e5ing for risiko, utfordringar og behov for bistand om det skulle oppst\u00e5 r\u00f8ykutvikling eller brann. Brannvesenet har sett p\u00e5 slokkeutstyr, fyringskjelder og r\u00f8mingsvegar i denne kartlegginga.<\/p>\n<p>Gjennom eit fokus p\u00e5 tverrfagleg samarbeid i prosjektet, har me hatt eit godt l\u00e6ringsutbytte fagleg fr\u00e5 kvarandre. Dette er erfaringar me ser p\u00e5 som sv\u00e6rt nyttige \u00e5 ta med vidare i arbeidet, og som kjem brukaren til gode ved at ein f\u00e5r belyst fleire aspekt, til d\u00f8mes:<\/p>\n<ul>\n<li>H\u00f8ve til \u00e5 snakke med brukar og p\u00e5r\u00f8rande kvar for seg; kan gje gode innspel om totalsituasjon og belastning i heimen<\/li>\n<li>Avdekker at andre tiltak er viktig for \u00e5 oppretthalde funksjon hos brukar:<\/li>\n<\/ul>\n<p style=\"padding-left: 90px;\">Behov for trening\/aktivitet<br \/>\nBustaden treng tilrettelegging for livsl\u00f8psstandard<br \/>\nBehov for kommunale tenester, t.d. heimesjukepleie<\/p>\n<p>Dei tverrfaglege heimebes\u00f8ka avdekka ulike syn p\u00e5 kva som er fagleg forsvarleg; t.d. \u00a0i h\u00f8ve branntryggleik. Dette er viktig for at tenestene m\u00e5 tenke gjennom\/vurdere praksis med nye blikk fr\u00e5 andre fagfelt.<\/p>\n<p>Brukarane som har pr\u00f8vd ut velferdsteknologi har i all hovudsak vore rekruttert fr\u00e5 heimebaserte tenester. Men det har og vore pr\u00f8vd ut ulike teknologiar hos brukarar med utviklingshemming i tillegg til hos tilsette i b\u00e5de skule og tenesta elles.<\/p>\n","protected":false},"excerpt":{"rendered":"<p>Me fann tidleg ut nytteverdien av eit tverrfagleg samarbeid i prosjektet, der ergoterapeut og sjukepleiar jobba saman. Me laga oss gode kartleggingsrutinar slik at me fekk gjort tverrfagleg kartlegging fr\u00e5 starten av. Ved utforming av kartleggingsverkt\u00f8yet nytta me erfaringar b\u00e5de fr\u00e5 oss sj\u00f8lve og andre kommunar, samt nasjonalt kartleggingsverkt\u00f8y (aldring og helse) for GPS. I<\/p>\n","protected":false},"author":18,"featured_media":0,"parent":0,"menu_order":5,"comment_status":"closed","ping_status":"closed","template":"","meta":{"footnotes":""},"jetpack_sharing_enabled":true,"_links":{"self":[{"href":"https:\/\/sk-dokument.no\/velferdsteknologi\/index.php?rest_route=\/wp\/v2\/pages\/17"}],"collection":[{"href":"https:\/\/sk-dokument.no\/velferdsteknologi\/index.php?rest_route=\/wp\/v2\/pages"}],"about":[{"href":"https:\/\/sk-dokument.no\/velferdsteknologi\/index.php?rest_route=\/wp\/v2\/types\/page"}],"author":[{"embeddable":true,"href":"https:\/\/sk-dokument.no\/velferdsteknologi\/index.php?rest_route=\/wp\/v2\/users\/18"}],"replies":[{"embeddable":true,"href":"https:\/\/sk-dokument.no\/velferdsteknologi\/index.php?rest_route=%2Fwp%2Fv2%2Fcomments&post=17"}],"version-history":[{"count":3,"href":"https:\/\/sk-dokument.no\/velferdsteknologi\/index.php?rest_route=\/wp\/v2\/pages\/17\/revisions"}],"predecessor-version":[{"id":185,"href":"https:\/\/sk-dokument.no\/velferdsteknologi\/index.php?rest_route=\/wp\/v2\/pages\/17\/revisions\/185"}],"wp:attachment":[{"href":"https:\/\/sk-dokument.no\/velferdsteknologi\/index.php?rest_route=%2Fwp%2Fv2%2Fmedia&parent=17"}],"curies":[{"name":"wp","href":"https:\/\/api.w.org\/{rel}","templated":true}]}}