{"id":21,"date":"2017-03-17T12:51:38","date_gmt":"2017-03-17T11:51:38","guid":{"rendered":"http:\/\/sk-dokument.no\/velferdsteknologi\/?page_id=21"},"modified":"2017-04-03T09:36:24","modified_gmt":"2017-04-03T07:36:24","slug":"kva-teknologiar-har-me-provd-ut-og-kva-har-me-erfart","status":"publish","type":"page","link":"https:\/\/sk-dokument.no\/velferdsteknologi\/?page_id=21","title":{"rendered":"6. Kva teknologiar har me pr\u00f8vd ut &#8211; og kva har me erfart?"},"content":{"rendered":"<p>I prosjektet har me pr\u00f8vd ut ulike sensorar knytt til den ordin\u00e6re tryggleiksalarmen v\u00e5r og andre typar alarmar\/utstyr som har vore aktuelt \u00e5 testa ut. Data som vert presentert er basert p\u00e5 status ved utgang av prosjektperioden desember 2016.<\/p>\n","protected":false},"excerpt":{"rendered":"<p>I prosjektet har me pr\u00f8vd ut ulike sensorar knytt til den ordin\u00e6re tryggleiksalarmen v\u00e5r og andre typar alarmar\/utstyr som har vore aktuelt \u00e5 testa ut. Data som vert presentert er basert p\u00e5 status ved utgang av prosjektperioden desember 2016.<\/p>\n","protected":false},"author":18,"featured_media":0,"parent":0,"menu_order":6,"comment_status":"closed","ping_status":"closed","template":"","meta":{"footnotes":""},"jetpack_sharing_enabled":true,"_links":{"self":[{"href":"https:\/\/sk-dokument.no\/velferdsteknologi\/index.php?rest_route=\/wp\/v2\/pages\/21"}],"collection":[{"href":"https:\/\/sk-dokument.no\/velferdsteknologi\/index.php?rest_route=\/wp\/v2\/pages"}],"about":[{"href":"https:\/\/sk-dokument.no\/velferdsteknologi\/index.php?rest_route=\/wp\/v2\/types\/page"}],"author":[{"embeddable":true,"href":"https:\/\/sk-dokument.no\/velferdsteknologi\/index.php?rest_route=\/wp\/v2\/users\/18"}],"replies":[{"embeddable":true,"href":"https:\/\/sk-dokument.no\/velferdsteknologi\/index.php?rest_route=%2Fwp%2Fv2%2Fcomments&post=21"}],"version-history":[{"count":1,"href":"https:\/\/sk-dokument.no\/velferdsteknologi\/index.php?rest_route=\/wp\/v2\/pages\/21\/revisions"}],"predecessor-version":[{"id":22,"href":"https:\/\/sk-dokument.no\/velferdsteknologi\/index.php?rest_route=\/wp\/v2\/pages\/21\/revisions\/22"}],"wp:attachment":[{"href":"https:\/\/sk-dokument.no\/velferdsteknologi\/index.php?rest_route=%2Fwp%2Fv2%2Fmedia&parent=21"}],"curies":[{"name":"wp","href":"https:\/\/api.w.org\/{rel}","templated":true}]}}