{"id":23,"date":"2017-03-17T12:52:21","date_gmt":"2017-03-17T11:52:21","guid":{"rendered":"http:\/\/sk-dokument.no\/velferdsteknologi\/?page_id=23"},"modified":"2017-04-03T09:51:37","modified_gmt":"2017-04-03T07:51:37","slug":"opplaering","status":"publish","type":"page","link":"https:\/\/sk-dokument.no\/velferdsteknologi\/?page_id=23","title":{"rendered":"7. Oppl\u00e6ring"},"content":{"rendered":"<p><img loading=\"lazy\" decoding=\"async\" width=\"300\" height=\"210\" class=\"size-medium wp-image-171 alignleft\" src=\"http:\/\/sk-dokument.no\/velferdsteknologi\/wp-content\/uploads\/sites\/11\/2017\/03\/p\u00e5-trappa-300x210.jpg\" alt=\"\" srcset=\"https:\/\/sk-dokument.no\/velferdsteknologi\/wp-content\/uploads\/sites\/11\/2017\/03\/p\u00e5-trappa-300x210.jpg 300w, https:\/\/sk-dokument.no\/velferdsteknologi\/wp-content\/uploads\/sites\/11\/2017\/03\/p\u00e5-trappa-768x539.jpg 768w, https:\/\/sk-dokument.no\/velferdsteknologi\/wp-content\/uploads\/sites\/11\/2017\/03\/p\u00e5-trappa-700x491.jpg 700w, https:\/\/sk-dokument.no\/velferdsteknologi\/wp-content\/uploads\/sites\/11\/2017\/03\/p\u00e5-trappa.jpg 962w\" sizes=\"(max-width: 300px) 100vw, 300px\" \/><\/p>\n<p>I desember 2015 og januar 2016 vart det i samarbeid med Fitjar kommune gjennomf\u00f8rt to undervisningsdagar for tilsette innan for pleie- og omsorgstenesta i dei to kommunane. Kursdagane omhandla velferdsteknologi og heimerehabilitering og hadde som m\u00e5l at tenesteytarar og leiarar i helse- og omsorgstenesta skal ha naudsynt kunnskap og motivasjon for \u00e5 hjelpe brukarane til \u00e5 leve mest mogleg aktive i eige liv. Kursdagane vart godt gjennomf\u00f8rt med gode tilbakemeldingar fr\u00e5 deltakarane.<\/p>\n<p>Tre av deltakarane i prosjektgruppa fekk v\u00e5ren 2014 reise p\u00e5 studietur til \u00c5rhus i Danmark saman med prosjektmedarbeidarar i Bergen og Lind\u00e5s kommunar i ei veke. Dette vart finansiert gjennom EU-mobilitet stipend. I l\u00f8pet av denne veka fekk dei sett korleis dei aktivt jobbar med velferdsteknologi i \u00c5rhus, og fekk omvising og deltatt i daglege aktivitetar p\u00e5 ulike senter og institusjonar.<\/p>\n<p>Dei tilsette fr\u00e5 Stord kommune hadde mykje kunnskap med tilbake til kommunen, og den st\u00f8rste erfaringa dei gjorde seg var den aktive bruken av aktivitet og rehabiliterting i kombinasjon med velferdsteknologi.<\/p>\n","protected":false},"excerpt":{"rendered":"<p>I desember 2015 og januar 2016 vart det i samarbeid med Fitjar kommune gjennomf\u00f8rt to undervisningsdagar for tilsette innan for pleie- og omsorgstenesta i dei to kommunane. Kursdagane omhandla velferdsteknologi og heimerehabilitering og hadde som m\u00e5l at tenesteytarar og leiarar i helse- og omsorgstenesta skal ha naudsynt kunnskap og motivasjon for \u00e5 hjelpe brukarane til<\/p>\n","protected":false},"author":18,"featured_media":0,"parent":0,"menu_order":7,"comment_status":"closed","ping_status":"closed","template":"","meta":{"footnotes":""},"jetpack_sharing_enabled":true,"_links":{"self":[{"href":"https:\/\/sk-dokument.no\/velferdsteknologi\/index.php?rest_route=\/wp\/v2\/pages\/23"}],"collection":[{"href":"https:\/\/sk-dokument.no\/velferdsteknologi\/index.php?rest_route=\/wp\/v2\/pages"}],"about":[{"href":"https:\/\/sk-dokument.no\/velferdsteknologi\/index.php?rest_route=\/wp\/v2\/types\/page"}],"author":[{"embeddable":true,"href":"https:\/\/sk-dokument.no\/velferdsteknologi\/index.php?rest_route=\/wp\/v2\/users\/18"}],"replies":[{"embeddable":true,"href":"https:\/\/sk-dokument.no\/velferdsteknologi\/index.php?rest_route=%2Fwp%2Fv2%2Fcomments&post=23"}],"version-history":[{"count":3,"href":"https:\/\/sk-dokument.no\/velferdsteknologi\/index.php?rest_route=\/wp\/v2\/pages\/23\/revisions"}],"predecessor-version":[{"id":200,"href":"https:\/\/sk-dokument.no\/velferdsteknologi\/index.php?rest_route=\/wp\/v2\/pages\/23\/revisions\/200"}],"wp:attachment":[{"href":"https:\/\/sk-dokument.no\/velferdsteknologi\/index.php?rest_route=%2Fwp%2Fv2%2Fmedia&parent=23"}],"curies":[{"name":"wp","href":"https:\/\/api.w.org\/{rel}","templated":true}]}}