{"id":29,"date":"2017-03-17T12:54:38","date_gmt":"2017-03-17T11:54:38","guid":{"rendered":"http:\/\/sk-dokument.no\/velferdsteknologi\/?page_id=29"},"modified":"2017-04-03T09:53:28","modified_gmt":"2017-04-03T07:53:28","slug":"gevinstrealisering","status":"publish","type":"page","link":"https:\/\/sk-dokument.no\/velferdsteknologi\/?page_id=29","title":{"rendered":"10. Gevinstrealisering"},"content":{"rendered":"<p>Eit av krava fr\u00e5 Helsedirektoratet har vore \u00e5 arbeide med gevinstrealisering og nytte gevinstrealiseringsverktyet som er vorte utvikla for \u00e5 vise b\u00e5de kvalitative og kvantitative gevinstar med innf\u00f8ring av velferdsteknologi i tenesta. Stord kommune har i heile prosjektperioden arbeidd med \u00e5 finne gevinstane velferdsteknologi vil gje brukarane, tenesta og p\u00e5r\u00f8rande. Arbeidet med gevinstrealisering gir oss b\u00e5de kvalitative og kvantitative gevinstar. I tillegg til \u00e5 nytte KS sitt \u00abSamveis\u00bb, har me laga eige gevinstrealiseringsverkty der me ser dei kvantitative gevinstane medisindispenser og digitalt tilsyn (kamera) kan gje oss. Gevinstane verktyet viser kan ikkje hentast direkte ut fr\u00e5 budsjetta. P\u00e5 sikt vil det f\u00f8re til reduserte kostnader, og den innsparte tida kan verta omdisponert til andre oppg\u00e5ver.<\/p>\n<p>Brukarane, p\u00e5r\u00f8rande og dei tilsette gir oss tilbakemeldingar p\u00e5 mange kvalitative gevinstar. Gevinstar som auka tryggleik, mestring, sj\u00f8lvstende, fridom og trivsel er nokre av dei.<\/p>\n<p>Samfunns\u00f8konomisk er velferdsteknologi smart \u00e5 ta i bruk. Tryggleik og sj\u00f8lvstende for brukarane er eit anna viktig m\u00e5l med teknologien. Utstyret me har pr\u00f8vd ut, dekker begge aspekt. Ein \u00f8konomisk gevinst kjem n\u00f8dvendigvis ikkje der tenesta vert ytt (der kostnaden til utstyret kjem). Dersom ein kalkulerer inn gevinsten med \u00e5 spare ein institusjonsplass, s\u00e5 viser berekningane store \u00f8konomiske gevinstar av det meste av utstyret, utan at budsjettet dermed kan reduserast. I staden kan fleire brukarar f\u00e5 tenester det er mangel p\u00e5. Det er ingen tvil om at velferdsteknologi\u00a0 er kome for \u00e5 bli. I framtida med mangel p\u00e5 hender i omsorgstenestene, m\u00e5 v\u00e5re hus vere innretta slik at me kan bu der til livets slutt, og kunne styre omgjevnadane\u00a0 med enkle taste-trykk, stemme eller auger\u00f8rsler, i tillegg til teknologi som aukar tryggleik og sj\u00f8lvstende.<\/p>\n","protected":false},"excerpt":{"rendered":"<p>Eit av krava fr\u00e5 Helsedirektoratet har vore \u00e5 arbeide med gevinstrealisering og nytte gevinstrealiseringsverktyet som er vorte utvikla for \u00e5 vise b\u00e5de kvalitative og kvantitative gevinstar med innf\u00f8ring av velferdsteknologi i tenesta. Stord kommune har i heile prosjektperioden arbeidd med \u00e5 finne gevinstane velferdsteknologi vil gje brukarane, tenesta og p\u00e5r\u00f8rande. Arbeidet med gevinstrealisering gir oss<\/p>\n","protected":false},"author":18,"featured_media":0,"parent":0,"menu_order":10,"comment_status":"closed","ping_status":"closed","template":"","meta":{"footnotes":""},"jetpack_sharing_enabled":true,"_links":{"self":[{"href":"https:\/\/sk-dokument.no\/velferdsteknologi\/index.php?rest_route=\/wp\/v2\/pages\/29"}],"collection":[{"href":"https:\/\/sk-dokument.no\/velferdsteknologi\/index.php?rest_route=\/wp\/v2\/pages"}],"about":[{"href":"https:\/\/sk-dokument.no\/velferdsteknologi\/index.php?rest_route=\/wp\/v2\/types\/page"}],"author":[{"embeddable":true,"href":"https:\/\/sk-dokument.no\/velferdsteknologi\/index.php?rest_route=\/wp\/v2\/users\/18"}],"replies":[{"embeddable":true,"href":"https:\/\/sk-dokument.no\/velferdsteknologi\/index.php?rest_route=%2Fwp%2Fv2%2Fcomments&post=29"}],"version-history":[{"count":2,"href":"https:\/\/sk-dokument.no\/velferdsteknologi\/index.php?rest_route=\/wp\/v2\/pages\/29\/revisions"}],"predecessor-version":[{"id":203,"href":"https:\/\/sk-dokument.no\/velferdsteknologi\/index.php?rest_route=\/wp\/v2\/pages\/29\/revisions\/203"}],"wp:attachment":[{"href":"https:\/\/sk-dokument.no\/velferdsteknologi\/index.php?rest_route=%2Fwp%2Fv2%2Fmedia&parent=29"}],"curies":[{"name":"wp","href":"https:\/\/api.w.org\/{rel}","templated":true}]}}