{"id":41,"date":"2017-03-17T13:00:43","date_gmt":"2017-03-17T12:00:43","guid":{"rendered":"http:\/\/sk-dokument.no\/velferdsteknologi\/?page_id=41"},"modified":"2017-04-03T09:37:19","modified_gmt":"2017-04-03T07:37:19","slug":"fallalarm","status":"publish","type":"page","link":"https:\/\/sk-dokument.no\/velferdsteknologi\/?page_id=41","title":{"rendered":"6.1 Fallalarm"},"content":{"rendered":"<p>Fallalarmar er den teknologien som har vore pr\u00f8vd ut mest i prosjektet. 51 brukarar har pr\u00f8vd ut fallalarmen og ved utgangen av prosjektperioden hadde me 39 fallalarmar i drift. Grunnen til den store viljen til utpr\u00f8ving er nok fordi ein ser p\u00e5 det som ein enkel oppbygging av den vanlege trykknappen til tryggl<img loading=\"lazy\" decoding=\"async\" width=\"300\" height=\"200\" class=\"alignright size-medium wp-image-88\" src=\"http:\/\/sk-dokument.no\/velferdsteknologi\/wp-content\/uploads\/sites\/11\/2017\/03\/Fallalarm-300x200.jpg\" alt=\"\" srcset=\"https:\/\/sk-dokument.no\/velferdsteknologi\/wp-content\/uploads\/sites\/11\/2017\/03\/Fallalarm-300x200.jpg 300w, https:\/\/sk-dokument.no\/velferdsteknologi\/wp-content\/uploads\/sites\/11\/2017\/03\/Fallalarm.jpg 498w\" sizes=\"(max-width: 300px) 100vw, 300px\" \/>eiksalarmen.<\/p>\n<p>Fallalarmen har trykknapp som kan nyttast p\u00e5 lik linje som ein vanleg alarm. Den vert l\u00f8yst ut dersom ein f\u00e5r eit fall som medf\u00f8rer ein forskjell i trykk og eit dunk i alarmen. Dersom det vert bevegelse i sensoren dei f\u00f8rste 10 sekunda etter den er l\u00f8yst ut, medan den vibrerer, vert alarmen avlyst. Dersom brukar til d\u00f8mes glid ned og ut av ein stol vil det ikkje l\u00f8ysast ut alarm.<\/p>\n<p>Erfaringar me har gjort oss er at fallalarmen l\u00f8yser ut alarmar ved fleire h\u00f8ver der det har v\u00e6rt reelle fall. Den er d\u00e5rleg eigna dersom brukaren har br\u00e5 og kraftige bevegelsar utanom fallsituasjonar. Me ser det vert ein del falske alarmar til., der dette er ei problemstilling. N\u00e5r alarmsentralen ikkje f\u00e5r svar fr\u00e5 brukar, m\u00e5 heimetenestene rykke ut. Me har og erfart at fallalarmen ikkje har l\u00f8yst seg ut ved reelle fall. Dette kan skyldast r\u00f8rsler f\u00f8r alarm er sendt, eller at brukar har sklidd sakte ned.<\/p>\n<p>Vidare har me sett at det er ein nytteverdi med kartlegginga i h\u00f8ve fallalarmer. Til d\u00f8mes vart ein brukar meld med behov for fallalarm. Gjennom kartlegginga s\u00e5g me behovet for andre tiltak som dagleg aktivitet og fallf\u00f8rebyggande kurs. Dette resulterte i at etter kvart vart behovet for fallalarm redusert og brukaren vart meir aktiv og fekk attende balanse og styrke i kroppen.<\/p>\n","protected":false},"excerpt":{"rendered":"<p>Fallalarmar er den teknologien som har vore pr\u00f8vd ut mest i prosjektet. 51 brukarar har pr\u00f8vd ut fallalarmen og ved utgangen av prosjektperioden hadde me 39 fallalarmar i drift. Grunnen til den store viljen til utpr\u00f8ving er nok fordi ein ser p\u00e5 det som ein enkel oppbygging av den vanlege trykknappen til tryggleiksalarmen. Fallalarmen har<\/p>\n","protected":false},"author":18,"featured_media":0,"parent":21,"menu_order":1,"comment_status":"closed","ping_status":"closed","template":"","meta":{"footnotes":""},"jetpack_sharing_enabled":true,"_links":{"self":[{"href":"https:\/\/sk-dokument.no\/velferdsteknologi\/index.php?rest_route=\/wp\/v2\/pages\/41"}],"collection":[{"href":"https:\/\/sk-dokument.no\/velferdsteknologi\/index.php?rest_route=\/wp\/v2\/pages"}],"about":[{"href":"https:\/\/sk-dokument.no\/velferdsteknologi\/index.php?rest_route=\/wp\/v2\/types\/page"}],"author":[{"embeddable":true,"href":"https:\/\/sk-dokument.no\/velferdsteknologi\/index.php?rest_route=\/wp\/v2\/users\/18"}],"replies":[{"embeddable":true,"href":"https:\/\/sk-dokument.no\/velferdsteknologi\/index.php?rest_route=%2Fwp%2Fv2%2Fcomments&post=41"}],"version-history":[{"count":4,"href":"https:\/\/sk-dokument.no\/velferdsteknologi\/index.php?rest_route=\/wp\/v2\/pages\/41\/revisions"}],"predecessor-version":[{"id":186,"href":"https:\/\/sk-dokument.no\/velferdsteknologi\/index.php?rest_route=\/wp\/v2\/pages\/41\/revisions\/186"}],"up":[{"embeddable":true,"href":"https:\/\/sk-dokument.no\/velferdsteknologi\/index.php?rest_route=\/wp\/v2\/pages\/21"}],"wp:attachment":[{"href":"https:\/\/sk-dokument.no\/velferdsteknologi\/index.php?rest_route=%2Fwp%2Fv2%2Fmedia&parent=41"}],"curies":[{"name":"wp","href":"https:\/\/api.w.org\/{rel}","templated":true}]}}