{"id":48,"date":"2017-03-17T13:04:54","date_gmt":"2017-03-17T12:04:54","guid":{"rendered":"http:\/\/sk-dokument.no\/velferdsteknologi\/?page_id=48"},"modified":"2017-04-03T09:38:47","modified_gmt":"2017-04-03T07:38:47","slug":"sengealarm","status":"publish","type":"page","link":"https:\/\/sk-dokument.no\/velferdsteknologi\/?page_id=48","title":{"rendered":"6.4 Sengealarm"},"content":{"rendered":"<p><span style=\"line-height: 150%; font-family: 'Times New Roman',serif; font-size: 12pt;\"><span style=\"color: #000000;\"><img loading=\"lazy\" decoding=\"async\" width=\"300\" height=\"200\" class=\"size-medium wp-image-93 alignleft\" src=\"http:\/\/sk-dokument.no\/velferdsteknologi\/wp-content\/uploads\/sites\/11\/2017\/03\/Sengealarm-300x200.jpg\" alt=\"\" srcset=\"https:\/\/sk-dokument.no\/velferdsteknologi\/wp-content\/uploads\/sites\/11\/2017\/03\/Sengealarm-300x200.jpg 300w, https:\/\/sk-dokument.no\/velferdsteknologi\/wp-content\/uploads\/sites\/11\/2017\/03\/Sengealarm.jpg 570w\" sizes=\"(max-width: 300px) 100vw, 300px\" \/><\/span><\/span><\/p>\n<p>Wespot senge sensorer har vore nytta ved 5 tilfelle. Den er innstilt med ein sensor over senga som har markert inn senga. Wespot har ingen sensorar i sj\u00f8lve senga, og er difor ikkje i vegen for brukaren. Sensoren vert skrudd av og p\u00e5 med fjernkontroll. Innstillinga p\u00e5 varsling kan individuelt tilpassast med at alarmen skal g\u00e5 alt i fr\u00e5 at brukaren forlet senga eller etter ei bestemt tid etter at brukaren har forlat senga. Det er lite feilalarmar p\u00e5 denne og den har fungert som tiltenkt.<\/p>\n<p>&nbsp;<\/p>\n","protected":false},"excerpt":{"rendered":"<p>Wespot senge sensorer har vore nytta ved 5 tilfelle. Den er innstilt med ein sensor over senga som har markert inn senga. Wespot har ingen sensorar i sj\u00f8lve senga, og er difor ikkje i vegen for brukaren. Sensoren vert skrudd av og p\u00e5 med fjernkontroll. Innstillinga p\u00e5 varsling kan individuelt tilpassast med at alarmen skal<\/p>\n","protected":false},"author":18,"featured_media":0,"parent":21,"menu_order":4,"comment_status":"closed","ping_status":"closed","template":"","meta":{"footnotes":""},"jetpack_sharing_enabled":true,"_links":{"self":[{"href":"https:\/\/sk-dokument.no\/velferdsteknologi\/index.php?rest_route=\/wp\/v2\/pages\/48"}],"collection":[{"href":"https:\/\/sk-dokument.no\/velferdsteknologi\/index.php?rest_route=\/wp\/v2\/pages"}],"about":[{"href":"https:\/\/sk-dokument.no\/velferdsteknologi\/index.php?rest_route=\/wp\/v2\/types\/page"}],"author":[{"embeddable":true,"href":"https:\/\/sk-dokument.no\/velferdsteknologi\/index.php?rest_route=\/wp\/v2\/users\/18"}],"replies":[{"embeddable":true,"href":"https:\/\/sk-dokument.no\/velferdsteknologi\/index.php?rest_route=%2Fwp%2Fv2%2Fcomments&post=48"}],"version-history":[{"count":5,"href":"https:\/\/sk-dokument.no\/velferdsteknologi\/index.php?rest_route=\/wp\/v2\/pages\/48\/revisions"}],"predecessor-version":[{"id":189,"href":"https:\/\/sk-dokument.no\/velferdsteknologi\/index.php?rest_route=\/wp\/v2\/pages\/48\/revisions\/189"}],"up":[{"embeddable":true,"href":"https:\/\/sk-dokument.no\/velferdsteknologi\/index.php?rest_route=\/wp\/v2\/pages\/21"}],"wp:attachment":[{"href":"https:\/\/sk-dokument.no\/velferdsteknologi\/index.php?rest_route=%2Fwp%2Fv2%2Fmedia&parent=48"}],"curies":[{"name":"wp","href":"https:\/\/api.w.org\/{rel}","templated":true}]}}