{"id":5,"date":"2017-03-17T12:38:50","date_gmt":"2017-03-17T11:38:50","guid":{"rendered":"http:\/\/sk-dokument.no\/velferdsteknologi\/?page_id=5"},"modified":"2017-04-03T09:25:14","modified_gmt":"2017-04-03T07:25:14","slug":"innleiing","status":"publish","type":"page","link":"https:\/\/sk-dokument.no\/velferdsteknologi\/?page_id=5","title":{"rendered":"2. Innleiing"},"content":{"rendered":"<p><img loading=\"lazy\" decoding=\"async\" class=\"alignleft wp-image-173\" src=\"http:\/\/sk-dokument.no\/velferdsteknologi\/wp-content\/uploads\/sites\/11\/2017\/03\/R\u00e5dhuset-300x231.jpg\" alt=\"\" width=\"316\" height=\"243\" srcset=\"https:\/\/sk-dokument.no\/velferdsteknologi\/wp-content\/uploads\/sites\/11\/2017\/03\/R\u00e5dhuset-300x231.jpg 300w, https:\/\/sk-dokument.no\/velferdsteknologi\/wp-content\/uploads\/sites\/11\/2017\/03\/R\u00e5dhuset-768x592.jpg 768w, https:\/\/sk-dokument.no\/velferdsteknologi\/wp-content\/uploads\/sites\/11\/2017\/03\/R\u00e5dhuset-700x540.jpg 700w, https:\/\/sk-dokument.no\/velferdsteknologi\/wp-content\/uploads\/sites\/11\/2017\/03\/R\u00e5dhuset.jpg 909w\" sizes=\"(max-width: 316px) 100vw, 316px\" \/><\/p>\n<p>Regjeringa Solberg har i regjeringserkl\u00e6ringa sett fokus p\u00e5 Velferdsteknologi, og f\u00f8lgjer soleis opp\u00a0 NOU 2011: 11 og Meld. St. 29 Morgendagens omsorg. M\u00e5let er meir bruk av velferdsteknologi i helse- og omsorgstenestene for \u00e5 bedre brukaren sin muligheit til \u00e5 mestre eigen kvardag, auke brukar og p\u00e5r\u00f8rande sin tryggleik og auke brukaren og p\u00e5r\u00f8rande si deltaking i brukarnettverk og muligheit til<a name=\"_Toc461609922\"><\/a><a name=\"_Toc461609896\"><\/a><a name=\"_Toc461520210\"><\/a><a name=\"_Toc461519478\"><\/a><a name=\"_Toc461519072\"><\/a> \u00e5 halde kontakt med kvarandre.<\/p>\n<p>Stord kommune har i sin plan for rehabilitering, helse og omsorg (RHO) 2012 \u2013 2021, pkt. 3.7 fokusomr\u00e5de: Velferdsteknologi som kan bidra til betre tenester. M\u00e5let er at teknologi skal styrkja omsorgstenestene og gje brukaren mogleik til sj\u00f8lv \u00e5 klara eigen kvardag. Kommunen ynskjer og \u00e5 gje b\u00e5de brukarar og p\u00e5r\u00f8rande st\u00f8rre tryggleik gjennom bruk av teknologi for sporing og observasjon, alarmar og sensorar. Eit prioritert m\u00e5l i perioden 2012 \u2013 2015 er \u00e5 tileigna seg kunnskap om og pr\u00f8ve ut ulike teknologiske l\u00f8ysingar, samt samarbeide med frivillige og n\u00e6ringsliv om velferdsteknologi. M\u00e5let skal vera \u00e5 halde oppe\/auke funksjonsniv\u00e5, gje tryggleik og st\u00f8rst grad av sj\u00f8lvstende hj\u00e5 brukarane<a name=\"_Toc382985741\"><\/a><a name=\"_Toc380082848\"><\/a>.<\/p>\n<p><a name=\"_Toc461609923\"><\/a><a name=\"_Toc461609897\"><\/a><a name=\"_Toc461520211\"><\/a><a name=\"_Toc461519479\"><\/a><a name=\"_Toc461519073\"><\/a>Det har i fleire \u00e5r vore fokus i kommunen p\u00e5 \u00e5 f\u00e5 ei betre organisering av tenesta og innf\u00f8re bruk av teknologi for \u00e5 lette tenestevegane og auke kvaliteten av tenesta til det beste for brukarar og personale. Heimetenestene nyttar i dag mobile l\u00f8ysingar (PDA) for tilgang til fagsystem der ein til ei kvar tid har tilgang til naudsynt informasjon om brukar. I 2011 tok kommunen i bruk elektroniske, sporbare n\u00f8kkelskap. Dette gjer til at me til ei kvar tid har betre kontroll over n\u00f8klar som er i bruk. Dersom me saknar n\u00f8klar, veit me kven som har brukt dei sist, og kan g\u00e5 direkte til den aktuelle tilsette. Erfaringsvis finn me n\u00f8klane. Kommunen har sidan 2014 nytta elektronisk meldingsutveksling for kommunikasjon mellom fastlege og kommune, og kommune og spesialisthelsetenestene.<\/p>\n<p>Fram til 2020 har Helsedirektoratet ansvar for eit program som skal pr\u00f8ve ut velferdsteknologiske l\u00f8ysingar i kommunane og gjennom tenesteinnovasjon utvikle gode tenestemodellar. M\u00e5let er at velferdsteknologiske l\u00f8ysingar er blitt ein integrert del av omsorgstenestene i 2020. Stord kommune s\u00f8kte saman med Bergen og Lind\u00e5s kommunar, og vart valt ut til \u00e5 vera 1 av 34 kommunar fr\u00e5 heile landet til \u00e5 delta i det nasjonale Velferdsteknologiprogrammet. Prosjektet starta opp i januar 2014 og er g\u00e5tt over i drift fr\u00e5 januar 2017.<\/p>\n","protected":false},"excerpt":{"rendered":"<p>Regjeringa Solberg har i regjeringserkl\u00e6ringa sett fokus p\u00e5 Velferdsteknologi, og f\u00f8lgjer soleis opp\u00a0 NOU 2011: 11 og Meld. St. 29 Morgendagens omsorg. M\u00e5let er meir bruk av velferdsteknologi i helse- og omsorgstenestene for \u00e5 bedre brukaren sin muligheit til \u00e5 mestre eigen kvardag, auke brukar og p\u00e5r\u00f8rande sin tryggleik og auke brukaren og p\u00e5r\u00f8rande si<\/p>\n","protected":false},"author":18,"featured_media":0,"parent":0,"menu_order":2,"comment_status":"closed","ping_status":"closed","template":"","meta":{"footnotes":""},"jetpack_sharing_enabled":true,"_links":{"self":[{"href":"https:\/\/sk-dokument.no\/velferdsteknologi\/index.php?rest_route=\/wp\/v2\/pages\/5"}],"collection":[{"href":"https:\/\/sk-dokument.no\/velferdsteknologi\/index.php?rest_route=\/wp\/v2\/pages"}],"about":[{"href":"https:\/\/sk-dokument.no\/velferdsteknologi\/index.php?rest_route=\/wp\/v2\/types\/page"}],"author":[{"embeddable":true,"href":"https:\/\/sk-dokument.no\/velferdsteknologi\/index.php?rest_route=\/wp\/v2\/users\/18"}],"replies":[{"embeddable":true,"href":"https:\/\/sk-dokument.no\/velferdsteknologi\/index.php?rest_route=%2Fwp%2Fv2%2Fcomments&post=5"}],"version-history":[{"count":5,"href":"https:\/\/sk-dokument.no\/velferdsteknologi\/index.php?rest_route=\/wp\/v2\/pages\/5\/revisions"}],"predecessor-version":[{"id":178,"href":"https:\/\/sk-dokument.no\/velferdsteknologi\/index.php?rest_route=\/wp\/v2\/pages\/5\/revisions\/178"}],"wp:attachment":[{"href":"https:\/\/sk-dokument.no\/velferdsteknologi\/index.php?rest_route=%2Fwp%2Fv2%2Fmedia&parent=5"}],"curies":[{"name":"wp","href":"https:\/\/api.w.org\/{rel}","templated":true}]}}