{"id":74,"date":"2017-03-28T13:07:31","date_gmt":"2017-03-28T11:07:31","guid":{"rendered":"http:\/\/sk-dokument.no\/velferdsteknologi\/?page_id=74"},"modified":"2017-04-03T09:41:46","modified_gmt":"2017-04-03T07:41:46","slug":"careassist","status":"publish","type":"page","link":"https:\/\/sk-dokument.no\/velferdsteknologi\/?page_id=74","title":{"rendered":"6.6 CareAssist"},"content":{"rendered":"<p>CareAssist har er ein slags persons\u00f8kjar som me kan kople ulike alarmsensorar til. Den har ei rekkevidde p\u00e5 vel 50 m og er ikkje kopla til SIM-kort eller nettverk. CareAssist har i all hovudsak vore nytta i drift i bufelleskap\/heild\u00f8gnsomsorg (HDO) som varsling av alarm hos brukar eller for tilsette som treng assistanse. Den er og nytta i privat bustad der den er kopla til d\u00f8rsensor, samt i skule.<\/p>\n<p>CareAssist er enkel \u00e5 handtere og det er lett \u00e5 kople til ein eller fleire nye sensorar, og ein vel sj\u00f8lv korleis namngje dei ulike sensorane slik at ein kan sj\u00e5 kven alarmen vert utl\u00f8yst hos dersom det er fleire brukarar knyta til CareAssist.<\/p>\n<p>Me har gode erfaringar med CareAssist i tenestene og hos enkeltbrukarar som treng internvarsling i bustaden som ikkje skal g\u00e5 til alarmsentral eller heimebaserte tenester.<\/p>\n<p>Utfordringane er rekkevidde. Me har og hatt litt utfordringar med batteriet og ladekabel til CareAssist, men dette lar seg l\u00f8yse. Ulike sensorar som er pr\u00f8vd ut til CareAssist er vanleg trykknapp (MyAmy), fallalarm og d\u00f8rsensor. Me har og pr\u00f8vd ut ein fuktssensor som registrerer fukt p\u00e5 f. eks golv der ein har t.d. gl\u00f8ymd \u00e5 skru av kranen p\u00e5 vasken.<\/p>\n<p>&nbsp;<\/p>\n","protected":false},"excerpt":{"rendered":"<p>CareAssist har er ein slags persons\u00f8kjar som me kan kople ulike alarmsensorar til. Den har ei rekkevidde p\u00e5 vel 50 m og er ikkje kopla til SIM-kort eller nettverk. CareAssist har i all hovudsak vore nytta i drift i bufelleskap\/heild\u00f8gnsomsorg (HDO) som varsling av alarm hos brukar eller for tilsette som treng assistanse. Den er<\/p>\n","protected":false},"author":18,"featured_media":0,"parent":21,"menu_order":6,"comment_status":"closed","ping_status":"closed","template":"","meta":{"footnotes":""},"jetpack_sharing_enabled":true,"_links":{"self":[{"href":"https:\/\/sk-dokument.no\/velferdsteknologi\/index.php?rest_route=\/wp\/v2\/pages\/74"}],"collection":[{"href":"https:\/\/sk-dokument.no\/velferdsteknologi\/index.php?rest_route=\/wp\/v2\/pages"}],"about":[{"href":"https:\/\/sk-dokument.no\/velferdsteknologi\/index.php?rest_route=\/wp\/v2\/types\/page"}],"author":[{"embeddable":true,"href":"https:\/\/sk-dokument.no\/velferdsteknologi\/index.php?rest_route=\/wp\/v2\/users\/18"}],"replies":[{"embeddable":true,"href":"https:\/\/sk-dokument.no\/velferdsteknologi\/index.php?rest_route=%2Fwp%2Fv2%2Fcomments&post=74"}],"version-history":[{"count":2,"href":"https:\/\/sk-dokument.no\/velferdsteknologi\/index.php?rest_route=\/wp\/v2\/pages\/74\/revisions"}],"predecessor-version":[{"id":193,"href":"https:\/\/sk-dokument.no\/velferdsteknologi\/index.php?rest_route=\/wp\/v2\/pages\/74\/revisions\/193"}],"up":[{"embeddable":true,"href":"https:\/\/sk-dokument.no\/velferdsteknologi\/index.php?rest_route=\/wp\/v2\/pages\/21"}],"wp:attachment":[{"href":"https:\/\/sk-dokument.no\/velferdsteknologi\/index.php?rest_route=%2Fwp%2Fv2%2Fmedia&parent=74"}],"curies":[{"name":"wp","href":"https:\/\/api.w.org\/{rel}","templated":true}]}}