{"id":78,"date":"2017-03-28T13:08:51","date_gmt":"2017-03-28T11:08:51","guid":{"rendered":"http:\/\/sk-dokument.no\/velferdsteknologi\/?page_id=78"},"modified":"2017-04-03T09:42:50","modified_gmt":"2017-04-03T07:42:50","slug":"stovsugarrobot","status":"publish","type":"page","link":"https:\/\/sk-dokument.no\/velferdsteknologi\/?page_id=78","title":{"rendered":"6.8 St\u00f8vsugarrobot"},"content":{"rendered":"<p>I prosjektet kj\u00f8pte vi inn 4 robotst\u00f8vsugarar til utpr\u00f8ving. Den eldre brukargruppa slit med \u00e5 f\u00e5 dette til. Dei har vore positive fr\u00e5 starten av, men dei melder etter kvart tilbake at det ikkje vart som tenkt. Utfordringane er at m\u00f8bler og tepper kjem i vegen. Roboten taklar \u00abkorth\u00e5ra\u00bb tepper, men ikkje \u00ablangh\u00e5ra\u00bb. Den set seg lett fast, noko som har medf\u00f8rt at dei m\u00e5 hjelpe st\u00f8vsugaren i gang att. Den kjem heller ikkje s\u00e5 godt inn i hj\u00f8rne.<\/p>\n<p>Nokre yngre brukarar med funksjonsnedsetting melder at dei har nytte av st\u00f8vsugaren, men at det er behov for meir variert styring\/innstilling. Den f\u00e5r godt med seg st\u00f8v, og reduserer behovet for \u00e5 f\u00e5 hjelp av andre til st\u00f8vsuging. Men tilbakemelding er at den ikkje kjem til alle stader\/set seg fast. Og den dekkjer ikkje store areal godt nok (g\u00e5r mange gonger nokre stader, og unnlat andre flater). Den har litt h\u00f8gt st\u00f8yniv\u00e5.<\/p>\n<p>Robotst\u00f8vsugar kan bli anbefalt til brukarar av praktisk bistand, men vil ikkje vera i det utstyret kommunen tilbyr.<\/p>\n<p>&nbsp;<\/p>\n","protected":false},"excerpt":{"rendered":"<p>I prosjektet kj\u00f8pte vi inn 4 robotst\u00f8vsugarar til utpr\u00f8ving. Den eldre brukargruppa slit med \u00e5 f\u00e5 dette til. Dei har vore positive fr\u00e5 starten av, men dei melder etter kvart tilbake at det ikkje vart som tenkt. Utfordringane er at m\u00f8bler og tepper kjem i vegen. Roboten taklar \u00abkorth\u00e5ra\u00bb tepper, men ikkje \u00ablangh\u00e5ra\u00bb. Den set<\/p>\n","protected":false},"author":18,"featured_media":0,"parent":21,"menu_order":8,"comment_status":"closed","ping_status":"closed","template":"","meta":{"footnotes":""},"jetpack_sharing_enabled":true,"_links":{"self":[{"href":"https:\/\/sk-dokument.no\/velferdsteknologi\/index.php?rest_route=\/wp\/v2\/pages\/78"}],"collection":[{"href":"https:\/\/sk-dokument.no\/velferdsteknologi\/index.php?rest_route=\/wp\/v2\/pages"}],"about":[{"href":"https:\/\/sk-dokument.no\/velferdsteknologi\/index.php?rest_route=\/wp\/v2\/types\/page"}],"author":[{"embeddable":true,"href":"https:\/\/sk-dokument.no\/velferdsteknologi\/index.php?rest_route=\/wp\/v2\/users\/18"}],"replies":[{"embeddable":true,"href":"https:\/\/sk-dokument.no\/velferdsteknologi\/index.php?rest_route=%2Fwp%2Fv2%2Fcomments&post=78"}],"version-history":[{"count":2,"href":"https:\/\/sk-dokument.no\/velferdsteknologi\/index.php?rest_route=\/wp\/v2\/pages\/78\/revisions"}],"predecessor-version":[{"id":195,"href":"https:\/\/sk-dokument.no\/velferdsteknologi\/index.php?rest_route=\/wp\/v2\/pages\/78\/revisions\/195"}],"up":[{"embeddable":true,"href":"https:\/\/sk-dokument.no\/velferdsteknologi\/index.php?rest_route=\/wp\/v2\/pages\/21"}],"wp:attachment":[{"href":"https:\/\/sk-dokument.no\/velferdsteknologi\/index.php?rest_route=%2Fwp%2Fv2%2Fmedia&parent=78"}],"curies":[{"name":"wp","href":"https:\/\/api.w.org\/{rel}","templated":true}]}}