{"id":80,"date":"2017-03-28T13:09:27","date_gmt":"2017-03-28T11:09:27","guid":{"rendered":"http:\/\/sk-dokument.no\/velferdsteknologi\/?page_id=80"},"modified":"2017-04-03T09:43:18","modified_gmt":"2017-04-03T07:43:18","slug":"medisindispenser","status":"publish","type":"page","link":"https:\/\/sk-dokument.no\/velferdsteknologi\/?page_id=80","title":{"rendered":"6.9 Medisindispenser"},"content":{"rendered":"<p><img loading=\"lazy\" decoding=\"async\" width=\"147\" height=\"168\" class=\"alignright size-full wp-image-92\" src=\"http:\/\/sk-dokument.no\/velferdsteknologi\/wp-content\/uploads\/sites\/11\/2017\/03\/Pilly.jpg\" alt=\"\" \/><\/p>\n<p>Pilly har v\u00e6rt pr\u00f8vd ut i ulike avdelingar og hos ni forskjellege brukarar. Me har hatt best erfaring med Pilly hos personar med psykiske lidingar. Mange av brukarane har hatt utfordringar knytt til overforbruk av medisin og det \u00e5 ha gode rutinar p\u00e5 n\u00e5r ein skal ta medisin.<\/p>\n<p>For dei tilsette har det vore utfordrande \u00e5 komme tidsnok til alle brukarane som ventar utolmodig p\u00e5 \u00e5 f\u00e5 legemidla, samt \u00e5 m\u00e5tte utlevere legemidlar fleire gonger til dagen til same brukar.<\/p>\n<p>Pilly er pr\u00f8vd ut til somatisk sjuke pasientar som treng legemidla til faste tider. To av dei er personar som kun vart tildelt hjelp til legemiddelhandtering dagleg. Dei f\u00e5r no utlevert Pilly med vekesdosett og mestrar den daglege bruken av denne sj\u00f8lv.<\/p>\n<p>Gjennom utpr\u00f8ving av Pilly har me opplevd at me kan redusere bes\u00f8ka hj\u00e5 fleire av brukarane, fr\u00e5 dagleg kontakt til vekentleg eller kontakt kvar 14.dag. Brukarane opplever at dei no f\u00e5r medisin til rett tid og dei veit at dei f\u00e5r nye n\u00e5r dei skal ha dei. Brukarane opplever auka sj\u00f8lvstende og slepp \u00e5 sitje \u00e5 vente p\u00e5 at heimetenesta skal komme. Me opplever redusert overmedisinering og redusert kontakt med lege\/behandlar knytt til dette. I tillegg har meopplevd reduksjon i fall\/u\u00f8nska hendingar som konsekvens knytt til stort bruk av legemidlar.<\/p>\n<p>Alle brukarane har hatt Pilly l\u00e5st slik at dei kun f\u00e5r tilgang til den dosen dei skal ha i ein gitt tidsperiode. Heimetenesta har hatt n\u00f8kkel og har komt til ved tekniske feil, lavt batteriniv\u00e5 m.m<\/p>\n<p>Det har ved nokre h\u00f8ver hendt at store tablettar har kilt seg i Pilly. Sj\u00f8lve konstruksjonen av Pilly gjer at det lett kan oppst\u00e5 feil ved ilegging. Treng difor n\u00f8ye kontroll, og denne m\u00e5 gjerast av to personar samstundes.<\/p>\n<p>Mange av brukarane v\u00e5re har multidose. Kommunen har i prosjektperioden vurdert multidosedispenser, men kostnadene har vore for store. Den store effektiviseringsgevinsta ligg i \u00e5 f\u00e5 gode, enkle og kostnadseffektive multidosedispenserar.<\/p>\n","protected":false},"excerpt":{"rendered":"<p>Pilly har v\u00e6rt pr\u00f8vd ut i ulike avdelingar og hos ni forskjellege brukarar. Me har hatt best erfaring med Pilly hos personar med psykiske lidingar. Mange av brukarane har hatt utfordringar knytt til overforbruk av medisin og det \u00e5 ha gode rutinar p\u00e5 n\u00e5r ein skal ta medisin. For dei tilsette har det vore utfordrande<\/p>\n","protected":false},"author":18,"featured_media":0,"parent":21,"menu_order":9,"comment_status":"closed","ping_status":"closed","template":"","meta":{"footnotes":""},"jetpack_sharing_enabled":true,"_links":{"self":[{"href":"https:\/\/sk-dokument.no\/velferdsteknologi\/index.php?rest_route=\/wp\/v2\/pages\/80"}],"collection":[{"href":"https:\/\/sk-dokument.no\/velferdsteknologi\/index.php?rest_route=\/wp\/v2\/pages"}],"about":[{"href":"https:\/\/sk-dokument.no\/velferdsteknologi\/index.php?rest_route=\/wp\/v2\/types\/page"}],"author":[{"embeddable":true,"href":"https:\/\/sk-dokument.no\/velferdsteknologi\/index.php?rest_route=\/wp\/v2\/users\/18"}],"replies":[{"embeddable":true,"href":"https:\/\/sk-dokument.no\/velferdsteknologi\/index.php?rest_route=%2Fwp%2Fv2%2Fcomments&post=80"}],"version-history":[{"count":3,"href":"https:\/\/sk-dokument.no\/velferdsteknologi\/index.php?rest_route=\/wp\/v2\/pages\/80\/revisions"}],"predecessor-version":[{"id":196,"href":"https:\/\/sk-dokument.no\/velferdsteknologi\/index.php?rest_route=\/wp\/v2\/pages\/80\/revisions\/196"}],"up":[{"embeddable":true,"href":"https:\/\/sk-dokument.no\/velferdsteknologi\/index.php?rest_route=\/wp\/v2\/pages\/21"}],"wp:attachment":[{"href":"https:\/\/sk-dokument.no\/velferdsteknologi\/index.php?rest_route=%2Fwp%2Fv2%2Fmedia&parent=80"}],"curies":[{"name":"wp","href":"https:\/\/api.w.org\/{rel}","templated":true}]}}