{"id":82,"date":"2017-03-28T13:10:02","date_gmt":"2017-03-28T11:10:02","guid":{"rendered":"http:\/\/sk-dokument.no\/velferdsteknologi\/?page_id=82"},"modified":"2017-04-03T10:41:10","modified_gmt":"2017-04-03T08:41:10","slug":"digitalt-tilsyn","status":"publish","type":"page","link":"https:\/\/sk-dokument.no\/velferdsteknologi\/?page_id=82","title":{"rendered":"6.10 Digitalt tilsyn"},"content":{"rendered":"<p><img loading=\"lazy\" decoding=\"async\" width=\"300\" height=\"197\" class=\"alignright size-medium wp-image-209\" src=\"http:\/\/sk-dokument.no\/velferdsteknologi\/wp-content\/uploads\/sites\/11\/2017\/03\/Skjermbilde-2-300x197.jpg\" alt=\"\" srcset=\"https:\/\/sk-dokument.no\/velferdsteknologi\/wp-content\/uploads\/sites\/11\/2017\/03\/Skjermbilde-2-300x197.jpg 300w, https:\/\/sk-dokument.no\/velferdsteknologi\/wp-content\/uploads\/sites\/11\/2017\/03\/Skjermbilde-2.jpg 372w\" sizes=\"(max-width: 300px) 100vw, 300px\" \/>Hos 4 brukarar har me byta ut vanlege tilsyn med digitalt tilsyn. Det er installert kamera, og tilsyna vert gjennomf\u00f8rt ved at nattevaktene utf\u00f8rer tilsyna. N\u00e5r ein loggar seg inn p\u00e5 kameraet som er hos den enkelte brukar vert det lagt igjen spor i dataprogrammet p\u00e5 kven som er p\u00e5logga og klokkesett tilsynet er utf\u00f8rt p\u00e5. Det vert ikkje lagra bilete etter tilsynet, det er kun no-situasjonen ein kan sj\u00e5 ved eit digitalt nattilsyn.<\/p>\n<p>Digitale nattilsyn gjer at brukaren slepp \u00e5 bli forstyrra av nattevaktene som kjem inn og gjer eit fysisk tilsyn. Brukaren kan f\u00e5 hyppigare tilsyn om ynskjeleg, med mindre tidsbruk. Erfaringane me har gjort oss viser at me i liten grad har behov for \u00e5 g\u00e5 inn til brukarane om nettene. Brukarane er sv\u00e6rt n\u00f8gde og melder fr\u00e5 om at dei s\u00f8v mykje betre, og kjenner seg trygge.<\/p>\n<p>&nbsp;<\/p>\n","protected":false},"excerpt":{"rendered":"<p>Hos 4 brukarar har me byta ut vanlege tilsyn med digitalt tilsyn. Det er installert kamera, og tilsyna vert gjennomf\u00f8rt ved at nattevaktene utf\u00f8rer tilsyna. N\u00e5r ein loggar seg inn p\u00e5 kameraet som er hos den enkelte brukar vert det lagt igjen spor i dataprogrammet p\u00e5 kven som er p\u00e5logga og klokkesett tilsynet er utf\u00f8rt<\/p>\n","protected":false},"author":18,"featured_media":0,"parent":21,"menu_order":10,"comment_status":"closed","ping_status":"closed","template":"","meta":{"footnotes":""},"jetpack_sharing_enabled":true,"_links":{"self":[{"href":"https:\/\/sk-dokument.no\/velferdsteknologi\/index.php?rest_route=\/wp\/v2\/pages\/82"}],"collection":[{"href":"https:\/\/sk-dokument.no\/velferdsteknologi\/index.php?rest_route=\/wp\/v2\/pages"}],"about":[{"href":"https:\/\/sk-dokument.no\/velferdsteknologi\/index.php?rest_route=\/wp\/v2\/types\/page"}],"author":[{"embeddable":true,"href":"https:\/\/sk-dokument.no\/velferdsteknologi\/index.php?rest_route=\/wp\/v2\/users\/18"}],"replies":[{"embeddable":true,"href":"https:\/\/sk-dokument.no\/velferdsteknologi\/index.php?rest_route=%2Fwp%2Fv2%2Fcomments&post=82"}],"version-history":[{"count":5,"href":"https:\/\/sk-dokument.no\/velferdsteknologi\/index.php?rest_route=\/wp\/v2\/pages\/82\/revisions"}],"predecessor-version":[{"id":210,"href":"https:\/\/sk-dokument.no\/velferdsteknologi\/index.php?rest_route=\/wp\/v2\/pages\/82\/revisions\/210"}],"up":[{"embeddable":true,"href":"https:\/\/sk-dokument.no\/velferdsteknologi\/index.php?rest_route=\/wp\/v2\/pages\/21"}],"wp:attachment":[{"href":"https:\/\/sk-dokument.no\/velferdsteknologi\/index.php?rest_route=%2Fwp%2Fv2%2Fmedia&parent=82"}],"curies":[{"name":"wp","href":"https:\/\/api.w.org\/{rel}","templated":true}]}}