{"id":86,"date":"2017-03-28T13:11:14","date_gmt":"2017-03-28T11:11:14","guid":{"rendered":"http:\/\/sk-dokument.no\/velferdsteknologi\/?page_id=86"},"modified":"2017-04-03T09:41:20","modified_gmt":"2017-04-03T07:41:20","slug":"safecall-sl12","status":"publish","type":"page","link":"https:\/\/sk-dokument.no\/velferdsteknologi\/?page_id=86","title":{"rendered":"6.5.3 Safecall SL12"},"content":{"rendered":"<p>Me har 9 Safcall SL12 ute i drift. Dette er ein liten lett GPS som er lett \u00e5 ha med seg anten i snor rundt halsen, i ei lita beltelomme eller rundt armen. <img loading=\"lazy\" decoding=\"async\" width=\"300\" height=\"300\" class=\"alignright size-medium wp-image-95\" src=\"http:\/\/sk-dokument.no\/velferdsteknologi\/wp-content\/uploads\/sites\/11\/2017\/03\/SL12-300x300.jpg\" alt=\"\" srcset=\"https:\/\/sk-dokument.no\/velferdsteknologi\/wp-content\/uploads\/sites\/11\/2017\/03\/SL12-300x300.jpg 300w, https:\/\/sk-dokument.no\/velferdsteknologi\/wp-content\/uploads\/sites\/11\/2017\/03\/SL12-150x150.jpg 150w\" sizes=\"(max-width: 300px) 100vw, 300px\" \/>Denne har lang batterilevetid og kan vare opptil ei veke dersom det ikkje vert sendt mange alarmar eller den vert spora dagleg. Det er mogleg\u00e5 opprette tovegskommunikasjon med GPS sendaren og spore via SMS p\u00e5 lik linje som med SL5.<\/p>\n<p>Av dei som har pr\u00f8vd ut GPS Safecall SL12 har me f\u00e5tt positiv tilbakemelding p\u00e5 at det er ein enkel GPS., Den har <em>ein<\/em> trykknapp som sender alarm, noko som gjer det enkelt for brukar \u00e5 handtere den. Den er liten og lett \u00e5 ha med seg og enkel for p\u00e5r\u00f8rande eller avdelinga \u00e5 s\u00f8ke opp b\u00e5de via internett og via SMS.<\/p>\n<p>Det er tydlege blant dei som har pr\u00f8vd b\u00e5de denne og andre, at dei f\u00f8retrekk \u00e5 bruke Safecall SL12 med bakgrunn i st\u00f8rrelse, brukarvenlegheit og batterikapasitet.<\/p>\n<p>I prosjektperioden har me hatt informasjon ut til brukarane og til p\u00e5r\u00f8rande i eine dagtilbodet v\u00e5rt om velferdsteknologi og GPS\/sporing. I etterkant av dette opplevde me auka ettersp\u00f8rsel etter utpr\u00f8ving av GPS i den gruppa med yngre og aktive brukarar. Det har vore eit fokus i utpr\u00f8vingsfasen \u00e5 f\u00e5 testa GPS ut hos den gruppa som er mest aktive og som ogs\u00e5 sj\u00f8lve bidreg med tilbakemeldingar p\u00e5 utstyret saman med sine p\u00e5r\u00f8rande og tenestene.<\/p>\n","protected":false},"excerpt":{"rendered":"<p>Me har 9 Safcall SL12 ute i drift. Dette er ein liten lett GPS som er lett \u00e5 ha med seg anten i snor rundt halsen, i ei lita beltelomme eller rundt armen. Denne har lang batterilevetid og kan vare opptil ei veke dersom det ikkje vert sendt mange alarmar eller den vert spora dagleg.<\/p>\n","protected":false},"author":18,"featured_media":0,"parent":50,"menu_order":3,"comment_status":"closed","ping_status":"closed","template":"","meta":{"footnotes":""},"jetpack_sharing_enabled":true,"_links":{"self":[{"href":"https:\/\/sk-dokument.no\/velferdsteknologi\/index.php?rest_route=\/wp\/v2\/pages\/86"}],"collection":[{"href":"https:\/\/sk-dokument.no\/velferdsteknologi\/index.php?rest_route=\/wp\/v2\/pages"}],"about":[{"href":"https:\/\/sk-dokument.no\/velferdsteknologi\/index.php?rest_route=\/wp\/v2\/types\/page"}],"author":[{"embeddable":true,"href":"https:\/\/sk-dokument.no\/velferdsteknologi\/index.php?rest_route=\/wp\/v2\/users\/18"}],"replies":[{"embeddable":true,"href":"https:\/\/sk-dokument.no\/velferdsteknologi\/index.php?rest_route=%2Fwp%2Fv2%2Fcomments&post=86"}],"version-history":[{"count":3,"href":"https:\/\/sk-dokument.no\/velferdsteknologi\/index.php?rest_route=\/wp\/v2\/pages\/86\/revisions"}],"predecessor-version":[{"id":192,"href":"https:\/\/sk-dokument.no\/velferdsteknologi\/index.php?rest_route=\/wp\/v2\/pages\/86\/revisions\/192"}],"up":[{"embeddable":true,"href":"https:\/\/sk-dokument.no\/velferdsteknologi\/index.php?rest_route=\/wp\/v2\/pages\/50"}],"wp:attachment":[{"href":"https:\/\/sk-dokument.no\/velferdsteknologi\/index.php?rest_route=%2Fwp%2Fv2%2Fmedia&parent=86"}],"curies":[{"name":"wp","href":"https:\/\/api.w.org\/{rel}","templated":true}]}}